{"id":1117,"date":"2023-04-26T15:51:27","date_gmt":"2023-04-26T13:51:27","guid":{"rendered":"https:\/\/dominam.com\/home\/"},"modified":"2025-12-10T18:36:18","modified_gmt":"2025-12-10T17:36:18","slug":"dominatrice-paris","status":"publish","type":"page","link":"https:\/\/dominam.com\/fr\/dominatrice-paris\/","title":{"rendered":"Une dominatrice am\u00e9ricaine \u00e0 Paris"},"content":{"rendered":"<p>[et_pb_section fb_built=\u00a0\u00bb1&Prime; custom_padding_last_edited=\u00a0\u00bbon|phone\u00a0\u00bb admin_label=\u00a0\u00bbSection\u00a0\u00bb _builder_version=\u00a0\u00bb4.27.4&Prime; background_color=\u00a0\u00bb#E9E8E9&Prime; custom_padding=\u00a0\u00bb0px||70px||false|false\u00a0\u00bb custom_padding_tablet=\u00a0\u00bb70px||70px|\u00a0\u00bb custom_padding_phone=\u00a0\u00bb10px||10px||true|false\u00a0\u00bb transparent_background=\u00a0\u00bboff\u00a0\u00bb global_colors_info=\u00a0\u00bb{}\u00a0\u00bb][et_pb_row _builder_version=\u00a0\u00bb4.27.5&Prime; _module_preset=\u00a0\u00bbdefault\u00a0\u00bb width=\u00a0\u00bb100%\u00a0\u00bb max_width=\u00a0\u00bb1950px\u00a0\u00bb global_colors_info=\u00a0\u00bb{}\u00a0\u00bb][et_pb_column type=\u00a0\u00bb4_4&Prime; _builder_version=\u00a0\u00bb4.27.5&Prime; _module_preset=\u00a0\u00bbdefault\u00a0\u00bb background_enable_image=\u00a0\u00bboff\u00a0\u00bb background_video_mp4=\u00a0\u00bbhttps:\/\/dominam.com\/wp-content\/uploads\/2025\/12\/Dominatrice-donjon-paris.mp4&Prime; global_colors_info=\u00a0\u00bb{}\u00a0\u00bb][et_pb_divider _builder_version=\u00a0\u00bb4.27.4&Prime; _module_preset=\u00a0\u00bbdefault\u00a0\u00bb global_colors_info=\u00a0\u00bb{}\u00a0\u00bb][\/et_pb_divider][et_pb_image src=\u00a0\u00bbhttps:\/\/dominam.com\/wp-content\/uploads\/2025\/12\/dominatrice-paris.png\u00a0\u00bb alt=\u00a0\u00bbdominatrice \u00e0 paris\u00a0\u00bb title_text=\u00a0\u00bbdominatrice a paris\u00a0\u00bb _builder_version=\u00a0\u00bb4.27.5&Prime; _module_preset=\u00a0\u00bbdefault\u00a0\u00bb transform_translate=\u00a0\u00bb1px|-1px\u00a0\u00bb global_colors_info=\u00a0\u00bb{}\u00a0\u00bb][\/et_pb_image][et_pb_text _builder_version=\u00a0\u00bb4.27.5&Prime; _module_preset=\u00a0\u00bbdefault\u00a0\u00bb global_colors_info=\u00a0\u00bb{}\u00a0\u00bb]<\/p>\n<p>&nbsp;<\/p>\n<p>&nbsp;<\/p>\n<p>&nbsp;<\/p>\n<p>&nbsp;<\/p>\n<p>&nbsp;<\/p>\n<p>&nbsp;<\/p>\n<p>&nbsp;<\/p>\n<p>&nbsp;<\/p>\n<p>&nbsp;<\/p>\n<p>&nbsp;<\/p>\n<p>&nbsp;<\/p>\n<p>[\/et_pb_text][\/et_pb_column][\/et_pb_row][et_pb_row _builder_version=\u00a0\u00bb4.27.4&Prime; _module_preset=\u00a0\u00bbdefault\u00a0\u00bb global_colors_info=\u00a0\u00bb{}\u00a0\u00bb][et_pb_column type=\u00a0\u00bb4_4&Prime; _builder_version=\u00a0\u00bb4.27.4&Prime; _module_preset=\u00a0\u00bbdefault\u00a0\u00bb global_colors_info=\u00a0\u00bb{}\u00a0\u00bb][et_pb_text admin_label=\u00a0\u00bbText\u00a0\u00bb _builder_version=\u00a0\u00bb4.27.5&Prime; text_text_color=\u00a0\u00bb#563434&Prime; text_font_size=\u00a0\u00bb15px\u00a0\u00bb text_letter_spacing=\u00a0\u00bb1px\u00a0\u00bb text_line_height=\u00a0\u00bb1.9em\u00a0\u00bb background_size=\u00a0\u00bbinitial\u00a0\u00bb background_position=\u00a0\u00bbtop_left\u00a0\u00bb background_repeat=\u00a0\u00bbrepeat\u00a0\u00bb width=\u00a0\u00bb100%\u00a0\u00bb module_alignment=\u00a0\u00bbcenter\u00a0\u00bb custom_margin=\u00a0\u00bb||||false|false\u00a0\u00bb use_border_color=\u00a0\u00bboff\u00a0\u00bb border_style=\u00a0\u00bbsolid\u00a0\u00bb global_colors_info=\u00a0\u00bb{}\u00a0\u00bb]<\/p>\n<h1>Le monde BDSM secret d&rsquo;une dominatrice \u00e0 Paris, France<\/h1>\n<p>Laissez-moi vous initier \u00e0 la magie psycho-sexuelle de la soumission et du BDSM. Je vous invite \u00e0 me rejoindre dans mon donjon raffin\u00e9, situ\u00e9 en plein c\u0153ur de Paris, pour explorer les recoins les plus sombres de votre esprit. Que ce soit votre premi\u00e8re exp\u00e9rience avec une ma\u00eetresse ou que vous soyez un\u00b7e soumis\u00b7e exp\u00e9riment\u00e9\u00b7e, notre moment ensemble restera grav\u00e9 dans votre m\u00e9moire.<\/p>\n<p>Je suis Domina M, la c\u00e9l\u00e8bre dominatrice new-yorkaise, install\u00e9e \u00e0 Paris depuis dix ans. J&rsquo;apporte mon approche unique du kink, \u00e0 la fois experte et consciente, \u00e0 ma ville d&rsquo;adoption, gr\u00e2ce \u00e0 mon donjon somptueux, une exp\u00e9rience in\u00e9dite en France.<\/p>\n<p>Commencez d\u00e8s maintenant \u00e0 cr\u00e9er votre exp\u00e9rience BDSM sur mesure, ou poursuivez votre lecture.<\/p>\n<p>[\/et_pb_text][et_pb_image src=\u00a0\u00bbhttps:\/\/dominam.com\/wp-content\/uploads\/2025\/12\/Dominatrice-a-Paris-Domina-M-e1765287202799.jpg\u00a0\u00bb alt=\u00a0\u00bbDominatrice a Paris Domina M\u00a0\u00bb title_text=\u00a0\u00bbDominatrice a Paris Domina M\u00a0\u00bb align=\u00a0\u00bbcenter\u00a0\u00bb _builder_version=\u00a0\u00bb4.27.5&Prime; _module_preset=\u00a0\u00bbdefault\u00a0\u00bb global_colors_info=\u00a0\u00bb{}\u00a0\u00bb][\/et_pb_image][et_pb_cta title=\u00a0\u00bbCela prend 5 minutes avec mon application de planification.\u00a0\u00bb button_url=\u00a0\u00bbhttps:\/\/dominam.as.me\/?appointmentType=category:Paris%20F\u00a0\u00bb button_text=\u00a0\u00bbJe suis pr\u00eat \u00e0 r\u00e9server !\u00a0\u00bb _builder_version=\u00a0\u00bb4.27.5&Prime; _module_preset=\u00a0\u00bbdefault\u00a0\u00bb background_image=\u00a0\u00bbhttps:\/\/dominam.com\/wp-content\/uploads\/2025\/12\/planifier-votre-seance-bdsm-scaled-e1765287659789.jpg\u00a0\u00bb global_colors_info=\u00a0\u00bb{}\u00a0\u00bb]<\/p>\n<p>Cette application est la m\u00eame que celle utilis\u00e9e par les salons et est directement li\u00e9e \u00e0 mon agenda. Votre acompte de 20 % bloquera automatiquement notre cr\u00e9neau horaire dans mon calendrier et vous recevrez imm\u00e9diatement un e-mail avec l&rsquo;adresse du lieu.<\/p>\n<p>[\/et_pb_cta][et_pb_cta title=\u00a0\u00bbSi vous souhaitez en savoir plus sur moi, consultez ma FAQ.\u00a0\u00bb button_url=\u00a0\u00bbhttps:\/\/dominam.com\/fr\/faqs-sur-les-seances-bdsm\/\u00a0\u00bb button_text=\u00a0\u00bbJe veux les FAQ rapides\u00a0\u00bb _builder_version=\u00a0\u00bb4.27.5&Prime; _module_preset=\u00a0\u00bbdefault\u00a0\u00bb background_image=\u00a0\u00bbhttps:\/\/dominam.com\/wp-content\/uploads\/2025\/12\/FAQs-de-Domina-M-scaled-e1765288123723.jpg\u00a0\u00bb global_colors_info=\u00a0\u00bb{}\u00a0\u00bb]<\/p>\n<p>Ma FAQ r\u00e9pond rapidement aux questions les plus fr\u00e9quentes.<\/p>\n<p>[\/et_pb_cta][et_pb_cta title=\u00a0\u00bbAttendez ! Je n&rsquo;ai jamais fait \u00e7a avant !\u00a0\u00bb button_url=\u00a0\u00bbhttps:\/\/dominam.com\/fr\/pour-les-novices-du-femdom\/\u00a0\u00bb button_text=\u00a0\u00bbJe veux lire le guide de Domina M sur la Femdom pour les d\u00e9butants.\u00a0\u00bb _builder_version=\u00a0\u00bb4.27.5&Prime; _module_preset=\u00a0\u00bbdefault\u00a0\u00bb background_image=\u00a0\u00bbhttps:\/\/dominam.com\/wp-content\/uploads\/2025\/12\/Femdom-debutant-scaled-e1765288631960.jpg\u00a0\u00bb global_colors_info=\u00a0\u00bb{}\u00a0\u00bb]<\/p>\n<p>Tout le monde doit bien commencer quelque part. Si vous n&rsquo;avez jamais vu de dominatrice ni pratiqu\u00e9 ce genre de jeu, ce n&rsquo;est pas grave. J&rsquo;ai cr\u00e9\u00e9 un guide pour vous expliquer en quoi consistent les s\u00e9ances professionnelles et ce qu&rsquo;elles ne sont pas, ainsi que la pr\u00e9paration n\u00e9cessaire.<\/p>\n<p>[\/et_pb_cta][et_pb_text admin_label=\u00a0\u00bbText\u00a0\u00bb _builder_version=\u00a0\u00bb4.27.5&Prime; text_text_color=\u00a0\u00bb#563434&Prime; text_font_size=\u00a0\u00bb15px\u00a0\u00bb text_letter_spacing=\u00a0\u00bb1px\u00a0\u00bb text_line_height=\u00a0\u00bb1.9em\u00a0\u00bb background_size=\u00a0\u00bbinitial\u00a0\u00bb background_position=\u00a0\u00bbtop_left\u00a0\u00bb background_repeat=\u00a0\u00bbrepeat\u00a0\u00bb width=\u00a0\u00bb100%\u00a0\u00bb module_alignment=\u00a0\u00bbcenter\u00a0\u00bb custom_margin=\u00a0\u00bb||||false|false\u00a0\u00bb use_border_color=\u00a0\u00bboff\u00a0\u00bb border_style=\u00a0\u00bbsolid\u00a0\u00bb global_colors_info=\u00a0\u00bb{}\u00a0\u00bb]<\/p>\n<h2>Bienvenue dans mon donjon priv\u00e9, Studio X\u00e8me.<\/h2>\n<p>J&rsquo;adore les \u00e9quipements sophistiqu\u00e9s. Durant ma d\u00e9cennie parisienne, j&rsquo;ai construit et reconstruit mon donjon pour en faire un chef-d&rsquo;\u0153uvre d&rsquo;art immersif. Bien que relativement compact, chaque centim\u00e8tre est optimis\u00e9 et chaque meuble est multifonctionnel. Je n&rsquo;ai pas de place pour les gadgets bon march\u00e9. Comme pour tout dans ma vie, mon \u00e9quipement doit justifier son espace par son utilit\u00e9 et sa qualit\u00e9.<\/p>\n<p>L&rsquo;approche BDSM de mon donjon est \u00e0 la fois pratique et th\u00e9\u00e2trale. Vous aurez l&rsquo;impression d&rsquo;\u00eatre transport\u00e9 dans un monde fantastique, tout en vous sentant en s\u00e9curit\u00e9 et apais\u00e9. J&rsquo;ai pens\u00e9 \u00e0 chaque d\u00e9tail pour garantir votre confort et vous permettre de vous concentrer uniquement sur ce que je fais. Par exemple, m\u00eame si vous \u00eates totalement immobile et vuln\u00e9rable, vous ne ressentirez aucune tension excessive au niveau des genoux sur mon banc. Mes protocoles d&rsquo;hygi\u00e8ne et de nettoyage d\u00e9passent les normes hospitali\u00e8res (techniques apprises aupr\u00e8s d&rsquo;un infectiologue), un souci de moins \u00e0 prendre en compte.<\/p>\n<p>Mon donjon est en constante \u00e9volution. Veuillez consulter r\u00e9guli\u00e8rement cette page pour les derniers \u00e9pisodes.<\/p>\n<p>[\/et_pb_text][et_pb_cta title=\u00a0\u00bbUn v\u00e9ritable donjon BDSM \u00e0 Paris ?\u00a0\u00bb button_url=\u00a0\u00bbhttps:\/\/dominam.com\/fr\/donjon-bdsm-a-paris\/\u00a0\u00bb button_text=\u00a0\u00bbEmmenez-moi au donjon !\u00a0\u00bb _builder_version=\u00a0\u00bb4.27.5&Prime; _module_preset=\u00a0\u00bbdefault\u00a0\u00bb background_image=\u00a0\u00bbhttps:\/\/dominam.com\/wp-content\/uploads\/2025\/12\/Studio-Xeme-1-scaled-e1765289494882.jpg\u00a0\u00bb global_colors_info=\u00a0\u00bb{}\u00a0\u00bb]<\/p>\n<p>Je poss\u00e8de le donjon le mieux \u00e9quip\u00e9 de Paris, et peut-\u00eatre m\u00eame de toute la France. Je suis fier de mon \u00e9quipement et je n&rsquo;h\u00e9site pas \u00e0 en parler.<\/p>\n<p>[\/et_pb_cta][\/et_pb_column][\/et_pb_row][\/et_pb_section][et_pb_section fb_built=\u00a0\u00bb1&Prime; _builder_version=\u00a0\u00bb4.27.4&Prime; _module_preset=\u00a0\u00bbdefault\u00a0\u00bb global_colors_info=\u00a0\u00bb{}\u00a0\u00bb][et_pb_row _builder_version=\u00a0\u00bb4.27.4&Prime; _module_preset=\u00a0\u00bbdefault\u00a0\u00bb global_colors_info=\u00a0\u00bb{}\u00a0\u00bb][et_pb_column type=\u00a0\u00bb4_4&Prime; _builder_version=\u00a0\u00bb4.27.4&Prime; _module_preset=\u00a0\u00bbdefault\u00a0\u00bb global_colors_info=\u00a0\u00bb{}\u00a0\u00bb][et_pb_text _builder_version=\u00a0\u00bb4.27.5&Prime; _module_preset=\u00a0\u00bbdefault\u00a0\u00bb global_colors_info=\u00a0\u00bb{}\u00a0\u00bb]<\/p>\n<h2>L&rsquo;Alchimiste en Chair et os, Dominatrice Parisienne<\/h2>\n<h3>Que se passe-t-il lors d&rsquo;une s\u00e9ance BDSM\u00a0?<\/h3>\n<p>Mon approche de la domination f\u00e9minine est romantique, scientifique, attentive et, surtout, espi\u00e8gle. Mon autorit\u00e9 repose sur mes connaissances, mon intuition et mon talent naturel pour vous mettre \u00e0 l&rsquo;aise avec la soumission. Je rejette toute forme d&rsquo;intimidation, de harc\u00e8lement ou de violence. Je suis simplement moi-m\u00eame. Il m&rsquo;est bien plus facile d&rsquo;inspirer la soumission que de la contraindre par la terreur. \u00catre stricte et rigoureuse ne signifie pas \u00eatre m\u00e9chante.<\/p>\n<p>La premi\u00e8re \u00e9tape consiste \u00e0 prendre rendez-vous en remplissant le formulaire d&rsquo;inscription. Ce formulaire me permet de me faire une id\u00e9e g\u00e9n\u00e9rale de vos pr\u00e9f\u00e9rences et de m&rsquo;assurer de notre compatibilit\u00e9. Il ne remplace pas l&rsquo;entretien en personne \u00e0 votre arriv\u00e9e. Ce moment me permet d&rsquo;observer vos r\u00e9ponses et de commencer \u00e0 imaginer notre sc\u00e8ne. Plus important encore, il vous permettra de vous familiariser avec moi et l&rsquo;environnement. Nous d\u00e9finirons ensemble l&rsquo;exp\u00e9rience que vous recherchez et nos limites, dans le respect mutuel. Tout cela cr\u00e9e une atmosph\u00e8re propice \u00e0 la d\u00e9tente et au plaisir. Vous savez que tout ira bien apr\u00e8s, mais vous allez vivre les quelques heures les plus intenses de votre vie.<\/p>\n<p>[\/et_pb_text][et_pb_cta title=\u00a0\u00bbLisez les exp\u00e9riences d&rsquo;autres personnes\u00a0\u00bb button_url=\u00a0\u00bbhttps:\/\/dominam.com\/fr\/avis-sur-dominatrice\/\u00a0\u00bb button_text=\u00a0\u00bbMes avis sur dominatrice\u00a0\u00bb _builder_version=\u00a0\u00bb4.27.5&Prime; _module_preset=\u00a0\u00bbdefault\u00a0\u00bb background_image=\u00a0\u00bbhttps:\/\/dominam.com\/wp-content\/uploads\/2025\/12\/Rachel-Rampage-testimonie-de-Studio-Xeme.png\u00a0\u00bb header_text_shadow_style=\u00a0\u00bbpreset4&Prime; header_text_shadow_color=\u00a0\u00bb#000000&Prime; body_text_shadow_style=\u00a0\u00bbpreset4&Prime; body_text_shadow_color=\u00a0\u00bb#000000&Prime; text_shadow_style=\u00a0\u00bbpreset4&Prime; global_colors_info=\u00a0\u00bb{}\u00a0\u00bb]<\/p>\n<p>J&rsquo;ai rassembl\u00e9 certains t\u00e9moignages sur une seule page afin que vous puissiez voir, de leurs propres mots, comment certaines personnes vivent mes s\u00e9ances. Vous y trouverez \u00e9galement des liens vers d&rsquo;autres sites o\u00f9 je suis mentionn\u00e9e, interview\u00e9e, et vers mes amies dominatrices avec lesquelles j&rsquo;\u00e9change des recommandations.<\/p>\n<p>[\/et_pb_cta][et_pb_text _builder_version=\u00a0\u00bb4.27.5&Prime; _module_preset=\u00a0\u00bbdefault\u00a0\u00bb global_colors_info=\u00a0\u00bb{}\u00a0\u00bb]<\/p>\n<h3>Mais que se passe-t-il VRAIMENT lors d&rsquo;une s\u00e9ance BDSM\u00a0?<\/h3>\n<p>J&rsquo;ai cr\u00e9\u00e9 quelques pages avec des descriptions plus d\u00e9taill\u00e9es et des photos inspirantes illustrant certaines de mes sp\u00e9cialit\u00e9s. Cette liste est loin d&rsquo;\u00eatre exhaustive, mais elle vous donnera un aper\u00e7u de mes go\u00fbts et de mon style.<\/p>\n<p>Si vous avez besoin d&rsquo;aide pour choisir, consultez ma page \u00ab<a href=\"https:\/\/dominam.com\/fr\/pour-les-novices-du-femdom\/\">Guide pour les d\u00e9butants en Femdom<\/a> \u00bb.<\/p>\n<p>[\/et_pb_text][et_pb_cta title=\u00a0\u00bbJeux anaux\u00a0\u00bb button_url=\u00a0\u00bbhttps:\/\/dominam.com\/fr\/le-pegging-a-paris\/\u00a0\u00bb button_text=\u00a0\u00bbFaites-vous prendre \u00e0 Paris !\u00a0\u00bb _builder_version=\u00a0\u00bb4.27.5&Prime; _module_preset=\u00a0\u00bbdefault\u00a0\u00bb background_image=\u00a0\u00bbhttps:\/\/dominam.com\/wp-content\/uploads\/2025\/12\/gode-ceinture-en-donjon.jpg\u00a0\u00bb header_text_shadow_style=\u00a0\u00bbpreset4&Prime; header_text_shadow_color=\u00a0\u00bb#000000&Prime; body_text_shadow_style=\u00a0\u00bbpreset4&Prime; body_text_shadow_color=\u00a0\u00bb#000000&Prime; text_shadow_style=\u00a0\u00bbpreset4&Prime; global_colors_info=\u00a0\u00bb{}\u00a0\u00bb]<\/p>\n<p>Tous mes jeux anaux commencent par un \u00e9chauffement pour que je puisse \u00e9valuer vos limites. D\u00e9couvrez les techniques et les possibilit\u00e9s. Il existe une multitude de sensations, bien plus nombreuses que vous ne pouvez l&rsquo;imaginer.<\/p>\n<p>[\/et_pb_cta][et_pb_cta title=\u00a0\u00bbImmersion totale dans le bondage\u00a0\u00bb button_url=\u00a0\u00bbhttps:\/\/dominam.com\/fr\/bondage-a-paris\/\u00a0\u00bb button_text=\u00a0\u00bbVivez une exp\u00e9rience de libert\u00e9 intense ici !\u00a0\u00bb _builder_version=\u00a0\u00bb4.27.5&Prime; _module_preset=\u00a0\u00bbdefault\u00a0\u00bb background_image=\u00a0\u00bbhttps:\/\/dominam.com\/wp-content\/uploads\/2025\/12\/fuet-et-bondage-1.jpg\u00a0\u00bb header_text_shadow_style=\u00a0\u00bbpreset4&Prime; header_text_shadow_color=\u00a0\u00bb#000000&Prime; body_text_shadow_style=\u00a0\u00bbpreset4&Prime; body_text_shadow_color=\u00a0\u00bb#000000&Prime; text_shadow_style=\u00a0\u00bbpreset4&Prime; global_colors_info=\u00a0\u00bb{}\u00a0\u00bb]<\/p>\n<p>Des menottes en cuir rembourr\u00e9es aux cordes les plus sophistiqu\u00e9es, des instruments de bondage exotiques \u00e0 la momification, le bondage est ma passion et mon donjon en est le reflet. D\u00e9couvrez ma philosophie du bondage dans les jeux BDSM.<\/p>\n<p>[\/et_pb_cta][et_pb_cta title=\u00a0\u00bbF\u00e9tichisme m\u00e9dical \u00e0 Paris\u00a0\u00bb button_url=\u00a0\u00bbhttps:\/\/dominam.com\/fr\/fetiche-medical-a-paris\/\u00a0\u00bb button_text=\u00a0\u00bbL&rsquo;infirmi\u00e8re vous re\u00e7oit maintenant\u00a0\u00bb _builder_version=\u00a0\u00bb4.27.5&Prime; _module_preset=\u00a0\u00bbdefault\u00a0\u00bb background_image=\u00a0\u00bbhttps:\/\/dominam.com\/wp-content\/uploads\/2025\/12\/MedFet-aiguelle.jpg\u00a0\u00bb hover_enabled=\u00a0\u00bb0&Prime; header_text_shadow_style=\u00a0\u00bbpreset4&Prime; header_text_shadow_color=\u00a0\u00bb#000000&Prime; body_text_shadow_style=\u00a0\u00bbpreset4&Prime; body_text_shadow_color=\u00a0\u00bb#000000&Prime; text_shadow_style=\u00a0\u00bbpreset4&Prime; global_colors_info=\u00a0\u00bb{}\u00a0\u00bb sticky_enabled=\u00a0\u00bb0&Prime;]<\/p>\n<p>Douce, rigoureuse, sophistiqu\u00e9e et technique, le f\u00e9tichisme m\u00e9dical me correspond parfaitement. D\u00e9couvrez l&rsquo;infirmi\u00e8re au sourire sadique. C&rsquo;est pour votre bien !<\/p>\n<p>[\/et_pb_cta][\/et_pb_column][\/et_pb_row][\/et_pb_section][et_pb_section fb_built=\u00a0\u00bb1&Prime; admin_label=\u00a0\u00bbSection\u00a0\u00bb _builder_version=\u00a0\u00bb4.21.0&Prime; background_color=\u00a0\u00bb#E9E8E9&Prime; custom_padding=\u00a0\u00bb70px||70px||true|\u00a0\u00bb custom_padding_tablet=\u00a0\u00bb70px||70px|\u00a0\u00bb transparent_background=\u00a0\u00bboff\u00a0\u00bb padding_mobile=\u00a0\u00bbon\u00a0\u00bb global_colors_info=\u00a0\u00bb{}\u00a0\u00bb][et_pb_row _builder_version=\u00a0\u00bb4.21.0&Prime; _module_preset=\u00a0\u00bbdefault\u00a0\u00bb global_colors_info=\u00a0\u00bb{}\u00a0\u00bb][et_pb_column type=\u00a0\u00bb4_4&Prime; _builder_version=\u00a0\u00bb4.21.0&Prime; _module_preset=\u00a0\u00bbdefault\u00a0\u00bb global_colors_info=\u00a0\u00bb{}\u00a0\u00bb][et_pb_text admin_label=\u00a0\u00bbSubheading\u00a0\u00bb _builder_version=\u00a0\u00bb4.27.4&Prime; text_font=\u00a0\u00bb|800|||||||\u00a0\u00bb text_font_size=\u00a0\u00bb20&Prime; header_font=\u00a0\u00bbDancing Script||||||||\u00a0\u00bb header_text_color=\u00a0\u00bb#A66E6B\u00a0\u00bb header_font_size=\u00a0\u00bb50px\u00a0\u00bb header_3_font=\u00a0\u00bbDancing Script|300|||||||\u00a0\u00bb header_3_text_color=\u00a0\u00bb#A66E6B\u00a0\u00bb header_3_font_size=\u00a0\u00bb46px\u00a0\u00bb header_3_letter_spacing=\u00a0\u00bb2px\u00a0\u00bb background_size=\u00a0\u00bbinitial\u00a0\u00bb background_position=\u00a0\u00bbtop_left\u00a0\u00bb background_repeat=\u00a0\u00bbrepeat\u00a0\u00bb background_layout=\u00a0\u00bbdark\u00a0\u00bb use_border_color=\u00a0\u00bboff\u00a0\u00bb border_style=\u00a0\u00bbsolid\u00a0\u00bb global_colors_info=\u00a0\u00bb{}\u00a0\u00bb]<\/p>\n<h3 style=\"text-align: center;\">Le blog Femdom de Domina M<\/h3>\n<p>[\/et_pb_text][et_pb_blog fullwidth=\u00a0\u00bboff\u00a0\u00bb posts_number=\u00a0\u00bb3&Prime; include_categories=\u00a0\u00bb9,10,11,1,146,173,all\u00a0\u00bb show_more=\u00a0\u00bbon\u00a0\u00bb show_author=\u00a0\u00bboff\u00a0\u00bb _builder_version=\u00a0\u00bb4.27.4&Prime; _module_preset=\u00a0\u00bbdefault\u00a0\u00bb header_level=\u00a0\u00bbh3&Prime; header_font=\u00a0\u00bb|300|||||||\u00a0\u00bb header_text_color=\u00a0\u00bb#A54A43&Prime; header_font_size=\u00a0\u00bb21px\u00a0\u00bb body_font=\u00a0\u00bbLato||||||||\u00a0\u00bb body_text_color=\u00a0\u00bb#563434&Prime; body_font_size=\u00a0\u00bb16px\u00a0\u00bb meta_text_color=\u00a0\u00bb#DBC096&Prime; read_more_font=\u00a0\u00bb|||||on|||\u00a0\u00bb read_more_text_color=\u00a0\u00bb#DBC096&Prime; global_colors_info=\u00a0\u00bb{}\u00a0\u00bb][\/et_pb_blog][\/et_pb_column][\/et_pb_row][\/et_pb_section]<\/p>\n","protected":false},"excerpt":{"rendered":"<p>Je suis Domina M, proposant un style unique de Femdom \u00e0 Paris, France. Donjon priv\u00e9, parfaitement \u00e9quip\u00e9, au coeur de Paris. <\/p>\n","protected":false},"author":2,"featured_media":0,"parent":0,"menu_order":0,"comment_status":"closed","ping_status":"closed","template":"","meta":{"_et_pb_use_builder":"on","_et_pb_old_content":"","_et_gb_content_width":"","footnotes":""},"class_list":["post-1117","page","type-page","status-publish","hentry"],"jetpack_sharing_enabled":true,"jetpack-related-posts":[],"_links":{"self":[{"href":"https:\/\/dominam.com\/fr\/wp-json\/wp\/v2\/pages\/1117","targetHints":{"allow":["GET"]}}],"collection":[{"href":"https:\/\/dominam.com\/fr\/wp-json\/wp\/v2\/pages"}],"about":[{"href":"https:\/\/dominam.com\/fr\/wp-json\/wp\/v2\/types\/page"}],"author":[{"embeddable":true,"href":"https:\/\/dominam.com\/fr\/wp-json\/wp\/v2\/users\/2"}],"replies":[{"embeddable":true,"href":"https:\/\/dominam.com\/fr\/wp-json\/wp\/v2\/comments?post=1117"}],"version-history":[{"count":71,"href":"https:\/\/dominam.com\/fr\/wp-json\/wp\/v2\/pages\/1117\/revisions"}],"predecessor-version":[{"id":6790,"href":"https:\/\/dominam.com\/fr\/wp-json\/wp\/v2\/pages\/1117\/revisions\/6790"}],"wp:attachment":[{"href":"https:\/\/dominam.com\/fr\/wp-json\/wp\/v2\/media?parent=1117"}],"curies":[{"name":"wp","href":"https:\/\/api.w.org\/{rel}","templated":true}]}}