{"id":1140,"date":"2023-06-01T14:25:08","date_gmt":"2023-06-01T12:25:08","guid":{"rendered":"https:\/\/dominam.com\/jeux-de-confiance\/"},"modified":"2025-08-26T21:11:35","modified_gmt":"2025-08-26T19:11:35","slug":"mes-philosophies-de-bdsm","status":"publish","type":"page","link":"https:\/\/dominam.com\/fr\/mes-philosophies-de-bdsm\/","title":{"rendered":"Mes philosophies de BDSM"},"content":{"rendered":"<p>[et_pb_section fb_built=\u00a0\u00bb1&Prime; admin_label=\u00a0\u00bbsection\u00a0\u00bb _builder_version=\u00a0\u00bb4.21.0&Prime; background_color=\u00a0\u00bb#ffffff\u00a0\u00bb custom_padding=\u00a0\u00bb0px|||||\u00a0\u00bb transparent_background=\u00a0\u00bboff\u00a0\u00bb padding_mobile=\u00a0\u00bbon\u00a0\u00bb global_colors_info=\u00a0\u00bb{}\u00a0\u00bb][et_pb_row use_custom_gutter=\u00a0\u00bbon\u00a0\u00bb gutter_width=\u00a0\u00bb1&Prime; make_equal=\u00a0\u00bbon\u00a0\u00bb column_padding_mobile=\u00a0\u00bbon\u00a0\u00bb custom_padding_last_edited=\u00a0\u00bbon|phone\u00a0\u00bb admin_label=\u00a0\u00bb.\u00a0\u00bb _builder_version=\u00a0\u00bb4.21.0&Prime; background_color=\u00a0\u00bb#E9E8E9&Prime; background_size=\u00a0\u00bbinitial\u00a0\u00bb background_position=\u00a0\u00bbtop_left\u00a0\u00bb background_repeat=\u00a0\u00bbrepeat\u00a0\u00bb width=\u00a0\u00bb100%\u00a0\u00bb max_width=\u00a0\u00bb2560px\u00a0\u00bb module_alignment=\u00a0\u00bbcenter\u00a0\u00bb custom_padding=\u00a0\u00bb60px||40px||false|\u00a0\u00bb custom_padding_tablet=\u00a0\u00bb70px||50px||false|false\u00a0\u00bb custom_padding_phone=\u00a0\u00bb||30px||false|false\u00a0\u00bb global_colors_info=\u00a0\u00bb{}\u00a0\u00bb][et_pb_column type=\u00a0\u00bb4_4&Prime; _builder_version=\u00a0\u00bb4.16&Prime; custom_padding=\u00a0\u00bb|||\u00a0\u00bb global_colors_info=\u00a0\u00bb{}\u00a0\u00bb custom_padding__hover=\u00a0\u00bb|||\u00a0\u00bb][et_pb_text admin_label=\u00a0\u00bbHeading\u00a0\u00bb _builder_version=\u00a0\u00bb4.21.0&Prime; text_font=\u00a0\u00bbPlayfair Display||||\u00a0\u00bb text_font_size=\u00a0\u00bb45&Prime; text_letter_spacing=\u00a0\u00bb2px\u00a0\u00bb header_font=\u00a0\u00bb|300|||||||\u00a0\u00bb header_font_size=\u00a0\u00bb45px\u00a0\u00bb header_2_font=\u00a0\u00bb|300||on|||||\u00a0\u00bb header_2_text_color=\u00a0\u00bb#915a57&Prime; header_2_font_size=\u00a0\u00bb37px\u00a0\u00bb header_2_letter_spacing=\u00a0\u00bb4px\u00a0\u00bb background_size=\u00a0\u00bbinitial\u00a0\u00bb background_position=\u00a0\u00bbtop_left\u00a0\u00bb background_repeat=\u00a0\u00bbrepeat\u00a0\u00bb text_orientation=\u00a0\u00bbcenter\u00a0\u00bb module_alignment=\u00a0\u00bbcenter\u00a0\u00bb custom_padding=\u00a0\u00bb|||\u00a0\u00bb custom_padding_tablet=\u00a0\u00bb\u00a0\u00bb custom_padding_phone=\u00a0\u00bb\u00a0\u00bb custom_padding_last_edited=\u00a0\u00bbon|desktop\u00a0\u00bb text_font_size_tablet=\u00a0\u00bb\u00a0\u00bb text_font_size_phone=\u00a0\u00bb30&Prime; text_font_size_last_edited=\u00a0\u00bbon|phone\u00a0\u00bb header_font_size_tablet=\u00a0\u00bb\u00a0\u00bb header_font_size_phone=\u00a0\u00bb\u00a0\u00bb header_font_size_last_edited=\u00a0\u00bbon|phone\u00a0\u00bb border_color=\u00a0\u00bb#cccccc\u00a0\u00bb border_style=\u00a0\u00bbsolid\u00a0\u00bb global_colors_info=\u00a0\u00bb{}\u00a0\u00bb]<\/p>\n<h2>Jeux de Confiance<\/h2>\n<p>[\/et_pb_text][et_pb_divider color=\u00a0\u00bb#FFFFFF\u00a0\u00bb divider_weight=\u00a0\u00bb1px\u00a0\u00bb admin_label=\u00a0\u00bbDivider\u00a0\u00bb _builder_version=\u00a0\u00bb4.21.0&Prime; max_width=\u00a0\u00bb100px\u00a0\u00bb module_alignment=\u00a0\u00bbcenter\u00a0\u00bb custom_padding=\u00a0\u00bb10px||0px||false|false\u00a0\u00bb custom_padding_tablet=\u00a0\u00bb10px||0px||false|false\u00a0\u00bb custom_padding_phone=\u00a0\u00bb10px||0px||false|false\u00a0\u00bb custom_padding_last_edited=\u00a0\u00bbon|desktop\u00a0\u00bb custom_css_main_element=\u00a0\u00bbmargin:0 auto;||||\u00a0\u00bb hide_on_mobile=\u00a0\u00bboff\u00a0\u00bb global_colors_info=\u00a0\u00bb{}\u00a0\u00bb][\/et_pb_divider][et_pb_text admin_label=\u00a0\u00bbHeading\u00a0\u00bb _builder_version=\u00a0\u00bb4.21.0&Prime; text_font=\u00a0\u00bbPlayfair Display||||\u00a0\u00bb text_font_size=\u00a0\u00bb45&Prime; text_letter_spacing=\u00a0\u00bb2px\u00a0\u00bb header_font=\u00a0\u00bb|300|||||||\u00a0\u00bb header_text_color=\u00a0\u00bb#A54A43&Prime; header_font_size=\u00a0\u00bb24px\u00a0\u00bb header_letter_spacing=\u00a0\u00bb8px\u00a0\u00bb background_size=\u00a0\u00bbinitial\u00a0\u00bb background_position=\u00a0\u00bbtop_left\u00a0\u00bb background_repeat=\u00a0\u00bbrepeat\u00a0\u00bb text_orientation=\u00a0\u00bbcenter\u00a0\u00bb module_alignment=\u00a0\u00bbcenter\u00a0\u00bb custom_padding=\u00a0\u00bb0px||0px||true|false\u00a0\u00bb custom_padding_tablet=\u00a0\u00bb\u00a0\u00bb custom_padding_phone=\u00a0\u00bb\u00a0\u00bb custom_padding_last_edited=\u00a0\u00bbon|desktop\u00a0\u00bb text_font_size_tablet=\u00a0\u00bb\u00a0\u00bb text_font_size_phone=\u00a0\u00bb30&Prime; text_font_size_last_edited=\u00a0\u00bbon|phone\u00a0\u00bb header_font_size_tablet=\u00a0\u00bb\u00a0\u00bb header_font_size_phone=\u00a0\u00bb\u00a0\u00bb header_font_size_last_edited=\u00a0\u00bbon|phone\u00a0\u00bb border_color=\u00a0\u00bb#cccccc\u00a0\u00bb border_style=\u00a0\u00bbsolid\u00a0\u00bb global_colors_info=\u00a0\u00bb{}\u00a0\u00bb]<\/p>\n<h1>F\u00e9tiche et BDSM Maitresse, Paris<\/h1>\n<p>[\/et_pb_text][\/et_pb_column][\/et_pb_row][et_pb_row column_structure=\u00a0\u00bb1_2,1_2&Prime; padding_mobile=\u00a0\u00bboff\u00a0\u00bb column_padding_mobile=\u00a0\u00bbon\u00a0\u00bb disabled_on=\u00a0\u00bbon|on|off\u00a0\u00bb admin_label=\u00a0\u00bbrow\u00a0\u00bb _builder_version=\u00a0\u00bb4.21.0&Prime; background_size=\u00a0\u00bbinitial\u00a0\u00bb background_position=\u00a0\u00bbtop_left\u00a0\u00bb background_repeat=\u00a0\u00bbrepeat\u00a0\u00bb custom_padding=\u00a0\u00bb50px|||||\u00a0\u00bb global_colors_info=\u00a0\u00bb{}\u00a0\u00bb][et_pb_column type=\u00a0\u00bb1_2&Prime; _builder_version=\u00a0\u00bb4.16&Prime; custom_padding=\u00a0\u00bb|||\u00a0\u00bb global_colors_info=\u00a0\u00bb{}\u00a0\u00bb custom_padding__hover=\u00a0\u00bb|||\u00a0\u00bb][et_pb_image src=\u00a0\u00bbhttps:\/\/dominam.com\/wp-content\/uploads\/2023\/05\/FootFeish-Sissy-Training.jpg\u00a0\u00bb alt=\u00a0\u00bbFoot Fetish Sissy Training Paris\u00a0\u00bb title_text=\u00a0\u00bbFootFeish Sissy Training\u00a0\u00bb align_tablet=\u00a0\u00bbcenter\u00a0\u00bb align_phone=\u00a0\u00bb\u00a0\u00bb align_last_edited=\u00a0\u00bbon|desktop\u00a0\u00bb admin_label=\u00a0\u00bbImage\u00a0\u00bb _builder_version=\u00a0\u00bb4.21.0&Prime; animation_style=\u00a0\u00bbslide\u00a0\u00bb animation_direction=\u00a0\u00bbleft\u00a0\u00bb animation_duration=\u00a0\u00bb500ms\u00a0\u00bb animation_intensity_slide=\u00a0\u00bb10%\u00a0\u00bb custom_css_main_element=\u00a0\u00bboutline: solid 1px #ffffff;||outline-offset: -10px;\u00a0\u00bb use_border_color=\u00a0\u00bboff\u00a0\u00bb border_color=\u00a0\u00bb#ffffff\u00a0\u00bb border_style=\u00a0\u00bbsolid\u00a0\u00bb animation=\u00a0\u00bbleft\u00a0\u00bb sticky=\u00a0\u00bboff\u00a0\u00bb global_colors_info=\u00a0\u00bb{}\u00a0\u00bb][\/et_pb_image][et_pb_divider admin_label=\u00a0\u00bbDivider\u00a0\u00bb _builder_version=\u00a0\u00bb4.21.0&Prime; height=\u00a0\u00bb20px\u00a0\u00bb custom_margin=\u00a0\u00bb||15px|||\u00a0\u00bb custom_padding=\u00a0\u00bb||0px|||\u00a0\u00bb hide_on_mobile=\u00a0\u00bboff\u00a0\u00bb global_colors_info=\u00a0\u00bb{}\u00a0\u00bb][\/et_pb_divider][et_pb_image src=\u00a0\u00bbhttps:\/\/dominam.com\/wp-content\/uploads\/2023\/06\/1649-DominaM-003.jpg\u00a0\u00bb alt=\u00a0\u00bbmedical mistress in nurse role play fetish in Paris\u00a0\u00bb title_text=\u00a0\u00bbDomina M\u00a0\u00bb align_tablet=\u00a0\u00bbcenter\u00a0\u00bb align_phone=\u00a0\u00bb\u00a0\u00bb align_last_edited=\u00a0\u00bbon|desktop\u00a0\u00bb admin_label=\u00a0\u00bbImage\u00a0\u00bb _builder_version=\u00a0\u00bb4.21.0&Prime; animation_style=\u00a0\u00bbslide\u00a0\u00bb animation_direction=\u00a0\u00bbleft\u00a0\u00bb animation_duration=\u00a0\u00bb500ms\u00a0\u00bb animation_intensity_slide=\u00a0\u00bb10%\u00a0\u00bb custom_css_main_element=\u00a0\u00bboutline: solid 1px #ffffff;||outline-offset: -10px;\u00a0\u00bb use_border_color=\u00a0\u00bboff\u00a0\u00bb border_color=\u00a0\u00bb#ffffff\u00a0\u00bb border_style=\u00a0\u00bbsolid\u00a0\u00bb animation=\u00a0\u00bbleft\u00a0\u00bb sticky=\u00a0\u00bboff\u00a0\u00bb global_colors_info=\u00a0\u00bb{}\u00a0\u00bb][\/et_pb_image][et_pb_text admin_label=\u00a0\u00bbParagraph\u00a0\u00bb _builder_version=\u00a0\u00bb4.21.0&Prime; text_font=\u00a0\u00bb||||||||\u00a0\u00bb text_letter_spacing=\u00a0\u00bb1px\u00a0\u00bb header_3_font=\u00a0\u00bb|300|||||||\u00a0\u00bb header_3_text_color=\u00a0\u00bb#A54A43&Prime; background_size=\u00a0\u00bbinitial\u00a0\u00bb background_position=\u00a0\u00bbtop_left\u00a0\u00bb background_repeat=\u00a0\u00bbrepeat\u00a0\u00bb text_letter_spacing_tablet=\u00a0\u00bb0px\u00a0\u00bb text_letter_spacing_phone=\u00a0\u00bb\u00a0\u00bb text_letter_spacing_last_edited=\u00a0\u00bbon|tablet\u00a0\u00bb use_border_color=\u00a0\u00bboff\u00a0\u00bb border_color=\u00a0\u00bb#ffffff\u00a0\u00bb border_style=\u00a0\u00bbsolid\u00a0\u00bb global_colors_info=\u00a0\u00bb{}\u00a0\u00bb]<\/p>\n<h3>M\u00e9dical Examen<\/h3>\n<ul>\n<li>Prise de temp\u00e9rature, brassard de tension art\u00e9rielle, contr\u00f4le cardiaque, inspection<\/li>\n<li>Rasage<\/li>\n<li>Lavements<\/li>\n<li>Dilatation anale<\/li>\n<li>Dilatation de l&rsquo;urith\u00e8re<\/li>\n<li>Cath\u00e9ters<\/li>\n<li>Aiguilles<\/li>\n<li>Stimulation \u00e9lectrique (Unit\u00e9 TENS, VioletWand)<\/li>\n<\/ul>\n<h3>Jeux anaux<\/h3>\n<ul>\n<li>Perles et bouchons<\/li>\n<li>Godes<\/li>\n<li>Gode Ceinture<\/li>\n<li>Prises \u00e9lectriques<\/li>\n<li>Fist<\/li>\n<\/ul>\n<h3>Fess\u00e9e<\/h3>\n<ul>\n<li>Fess\u00e9e \u00e0 la main<\/li>\n<li>Pagayer<\/li>\n<li>Floggers<\/li>\n<li>Fouets<\/li>\n<li>Cannes<\/li>\n<\/ul>\n<h3>Cultures Sensation<\/h3>\n<ul>\n<li>Chatouillement<\/li>\n<li>Allumage et d\u00e9ni avec des jouets vibrants<\/li>\n<li>Traite forc\u00e9e avec le Tremblr<\/li>\n<li>Travail du sexe<\/li>\n<li>Travail des seins<\/li>\n<\/ul>\n<p><em><strong>Note bien.<\/strong> <\/em>Je suis une dominatrice classique et n&rsquo;offre aucun service trouv\u00e9 avec des escortes \u00e0 la vanille, y compris le facesitting, le cunnilingus, l&rsquo;analingus, les branlettes, les footjobs, et il n&rsquo;y a pas non plus de nudit\u00e9 de ma part.<\/p>\n<p>[\/et_pb_text][\/et_pb_column][et_pb_column type=\u00a0\u00bb1_2&Prime; _builder_version=\u00a0\u00bb4.16&Prime; custom_padding=\u00a0\u00bb|5%||5%\u00a0\u00bb global_colors_info=\u00a0\u00bb{}\u00a0\u00bb custom_padding__hover=\u00a0\u00bb|||\u00a0\u00bb][et_pb_text admin_label=\u00a0\u00bbParagraph\u00a0\u00bb _builder_version=\u00a0\u00bb4.21.0&Prime; text_font=\u00a0\u00bb||||||||\u00a0\u00bb text_letter_spacing=\u00a0\u00bb1px\u00a0\u00bb header_3_font=\u00a0\u00bb|300|||||||\u00a0\u00bb header_3_text_color=\u00a0\u00bb#A54A43&Prime; header_3_line_height=\u00a0\u00bb1.5em\u00a0\u00bb background_size=\u00a0\u00bbinitial\u00a0\u00bb background_position=\u00a0\u00bbtop_left\u00a0\u00bb background_repeat=\u00a0\u00bbrepeat\u00a0\u00bb text_letter_spacing_tablet=\u00a0\u00bb0px\u00a0\u00bb text_letter_spacing_phone=\u00a0\u00bb\u00a0\u00bb text_letter_spacing_last_edited=\u00a0\u00bbon|tablet\u00a0\u00bb use_border_color=\u00a0\u00bboff\u00a0\u00bb border_color=\u00a0\u00bb#ffffff\u00a0\u00bb border_style=\u00a0\u00bbsolid\u00a0\u00bb global_colors_info=\u00a0\u00bb{}\u00a0\u00bb]<\/p>\n<p><span class='et-dropcap'>L<\/span>orsque vous planifiez une session, l&rsquo;une des premi\u00e8res questions sera de savoir quelles activit\u00e9s vous recherchez. Au d\u00e9but, il est tr\u00e8s important d&rsquo;\u00e9tablir quelles pratiques vous int\u00e9ressent pour \u00e9tablir la confiance et une connexion. Apr\u00e8s avoir \u00e9tabli une ambiance entre nous, nous pouvons commencer un chemin d&rsquo;exploration plus approfondie.<\/p>\n<p>Le bondage peut faire partie d&rsquo;une sc\u00e8ne plus large ou \u00eatre l&rsquo;objectif principal.<\/p>\n<h3>Certaines des techniques comprennent:<\/h3>\n<ul>\n<li>Poignets en cuir, lani\u00e8res en cuir<\/li>\n<li>Cagoules, masques, bandeaux, b\u00e2illons<\/li>\n<li>Bondage \u00e0 la corde &#8211; Shibari, Western, Suspension Suspension balan\u00e7oire en cuir<\/li>\n<li>Bondage d&rsquo;appareils &#8211; stocks, camisole de force, sacs mortuaires<\/li>\n<li>Momification<\/li>\n<\/ul>\n<h3>Domestique<\/h3>\n<ul>\n<li>Fess\u00e9e \u00e0 la main sur les genoux<\/li>\n<li>Punition r\u00e9primande<\/li>\n<li>Nettoyage<\/li>\n<li>T\u00e2ches<\/li>\n<\/ul>\n<h3>Humiliation<\/h3>\n<ul>\n<li>Cracher<\/li>\n<li>Claques<\/li>\n<li>Les insultes<\/li>\n<li>Uro<\/li>\n<li>Domination des pieds<\/li>\n<li>Honte physique (exposition\/vuln\u00e9rabilit\u00e9)<\/li>\n<\/ul>\n<h3>Travestissement<\/h3>\n<ul>\n<li>Culotte portant<\/li>\n<li>Culotte reniflant<\/li>\n<li>Travestisme complet &#8211; tissu\/latex\/cuir\/talons\/bas<\/li>\n<li>Entra\u00eenement de salope<\/li>\n<\/ul>\n<h3>F\u00e9tichisme<\/h3>\n<ul>\n<li>Pied<\/li>\n<li>Botte<\/li>\n<li>Chaussure<\/li>\n<li>Les Bas<\/li>\n<li>Latex<\/li>\n<li>Cuir<\/li>\n<li>Gode ceinture sucer<\/li>\n<\/ul>\n<p>[\/et_pb_text][et_pb_image src=\u00a0\u00bbhttps:\/\/dominam.com\/wp-content\/uploads\/2023\/07\/dominam-rachelcalvophotos-53-e1742331021800.jpg\u00a0\u00bb alt=\u00a0\u00bbpublic fetish play in paris\u00a0\u00bb title_text=\u00a0\u00bbDomina M\u00a0\u00bb align_tablet=\u00a0\u00bbcenter\u00a0\u00bb align_phone=\u00a0\u00bb\u00a0\u00bb align_last_edited=\u00a0\u00bbon|desktop\u00a0\u00bb admin_label=\u00a0\u00bbImage\u00a0\u00bb _builder_version=\u00a0\u00bb4.21.0&Prime; custom_margin=\u00a0\u00bb||25px|||\u00a0\u00bb animation_style=\u00a0\u00bbslide\u00a0\u00bb animation_direction=\u00a0\u00bbleft\u00a0\u00bb animation_duration=\u00a0\u00bb500ms\u00a0\u00bb animation_intensity_slide=\u00a0\u00bb10%\u00a0\u00bb custom_css_main_element=\u00a0\u00bboutline: solid 1px #ffffff;||outline-offset: -10px;\u00a0\u00bb use_border_color=\u00a0\u00bboff\u00a0\u00bb border_color=\u00a0\u00bb#ffffff\u00a0\u00bb border_style=\u00a0\u00bbsolid\u00a0\u00bb animation=\u00a0\u00bbleft\u00a0\u00bb sticky=\u00a0\u00bboff\u00a0\u00bb global_colors_info=\u00a0\u00bb{}\u00a0\u00bb][\/et_pb_image][\/et_pb_column][\/et_pb_row][et_pb_row padding_mobile=\u00a0\u00bboff\u00a0\u00bb column_padding_mobile=\u00a0\u00bbon\u00a0\u00bb disabled_on=\u00a0\u00bboff|off|on\u00a0\u00bb admin_label=\u00a0\u00bbrow\u00a0\u00bb _builder_version=\u00a0\u00bb4.21.0&Prime; background_size=\u00a0\u00bbinitial\u00a0\u00bb background_position=\u00a0\u00bbtop_left\u00a0\u00bb background_repeat=\u00a0\u00bbrepeat\u00a0\u00bb custom_padding=\u00a0\u00bb50px|||||\u00a0\u00bb global_colors_info=\u00a0\u00bb{}\u00a0\u00bb][et_pb_column type=\u00a0\u00bb4_4&Prime; _builder_version=\u00a0\u00bb4.16&Prime; custom_padding=\u00a0\u00bb|||\u00a0\u00bb global_colors_info=\u00a0\u00bb{}\u00a0\u00bb custom_padding__hover=\u00a0\u00bb|||\u00a0\u00bb][et_pb_text admin_label=\u00a0\u00bbParagraph\u00a0\u00bb _builder_version=\u00a0\u00bb4.21.0&Prime; text_font=\u00a0\u00bb||||||||\u00a0\u00bb text_letter_spacing=\u00a0\u00bb1px\u00a0\u00bb header_3_font=\u00a0\u00bb|300|||||||\u00a0\u00bb header_3_text_color=\u00a0\u00bb#A54A43&Prime; header_3_line_height=\u00a0\u00bb1.5em\u00a0\u00bb background_size=\u00a0\u00bbinitial\u00a0\u00bb background_position=\u00a0\u00bbtop_left\u00a0\u00bb background_repeat=\u00a0\u00bbrepeat\u00a0\u00bb text_letter_spacing_tablet=\u00a0\u00bb0px\u00a0\u00bb text_letter_spacing_phone=\u00a0\u00bb\u00a0\u00bb text_letter_spacing_last_edited=\u00a0\u00bbon|tablet\u00a0\u00bb use_border_color=\u00a0\u00bboff\u00a0\u00bb border_color=\u00a0\u00bb#ffffff\u00a0\u00bb border_style=\u00a0\u00bbsolid\u00a0\u00bb global_colors_info=\u00a0\u00bb{}\u00a0\u00bb]<span class='et-dropcap'>L<\/span>orsque vous planifiez une session, l&rsquo;une des premi\u00e8res questions sera de savoir quelles activit\u00e9s vous recherchez. Au d\u00e9but, il est tr\u00e8s important d&rsquo;\u00e9tablir quelles pratiques vous int\u00e9ressent pour \u00e9tablir la confiance et une connexion. Apr\u00e8s avoir \u00e9tabli une ambiance entre nous, nous pouvons commencer un chemin d&rsquo;exploration plus approfondie.[\/et_pb_text][et_pb_image src=\u00a0\u00bbhttps:\/\/dominam.com\/wp-content\/uploads\/2023\/05\/FootFeish-Sissy-Training.jpg\u00a0\u00bb alt=\u00a0\u00bbFoot Fetish Sissy Training Paris\u00a0\u00bb title_text=\u00a0\u00bbFootFeish Sissy Training\u00a0\u00bb align_tablet=\u00a0\u00bbcenter\u00a0\u00bb align_phone=\u00a0\u00bb\u00a0\u00bb align_last_edited=\u00a0\u00bbon|desktop\u00a0\u00bb admin_label=\u00a0\u00bbImage\u00a0\u00bb _builder_version=\u00a0\u00bb4.21.0&Prime; animation_style=\u00a0\u00bbslide\u00a0\u00bb animation_direction=\u00a0\u00bbleft\u00a0\u00bb animation_duration=\u00a0\u00bb500ms\u00a0\u00bb animation_intensity_slide=\u00a0\u00bb10%\u00a0\u00bb custom_css_main_element=\u00a0\u00bboutline: solid 1px #ffffff;||outline-offset: -10px;\u00a0\u00bb use_border_color=\u00a0\u00bboff\u00a0\u00bb border_color=\u00a0\u00bb#ffffff\u00a0\u00bb border_style=\u00a0\u00bbsolid\u00a0\u00bb animation=\u00a0\u00bbleft\u00a0\u00bb sticky=\u00a0\u00bboff\u00a0\u00bb global_colors_info=\u00a0\u00bb{}\u00a0\u00bb][\/et_pb_image][et_pb_text admin_label=\u00a0\u00bbParagraph\u00a0\u00bb _builder_version=\u00a0\u00bb4.21.0&Prime; text_font=\u00a0\u00bb||||||||\u00a0\u00bb text_letter_spacing=\u00a0\u00bb1px\u00a0\u00bb header_3_font=\u00a0\u00bb|300|||||||\u00a0\u00bb header_3_text_color=\u00a0\u00bb#A54A43&Prime; header_3_line_height=\u00a0\u00bb1.5em\u00a0\u00bb background_size=\u00a0\u00bbinitial\u00a0\u00bb background_position=\u00a0\u00bbtop_left\u00a0\u00bb background_repeat=\u00a0\u00bbrepeat\u00a0\u00bb text_letter_spacing_tablet=\u00a0\u00bb0px\u00a0\u00bb text_letter_spacing_phone=\u00a0\u00bb\u00a0\u00bb text_letter_spacing_last_edited=\u00a0\u00bbon|tablet\u00a0\u00bb use_border_color=\u00a0\u00bboff\u00a0\u00bb border_color=\u00a0\u00bb#ffffff\u00a0\u00bb border_style=\u00a0\u00bbsolid\u00a0\u00bb global_colors_info=\u00a0\u00bb{}\u00a0\u00bb]<\/p>\n<p>Le bondage peut faire partie d&rsquo;une sc\u00e8ne plus large ou \u00eatre l&rsquo;objectif principal.<\/p>\n<h3>Certaines des techniques comprennent:<\/h3>\n<ul>\n<li>Poignets en cuir, lani\u00e8res en cuir<\/li>\n<li>Cagoules, masques, bandeaux, b\u00e2illons<\/li>\n<li>Bondage \u00e0 la corde &#8211; Shibari, Western, Suspension Suspension balan\u00e7oire en cuir<\/li>\n<li>Bondage d&rsquo;appareils &#8211; stocks, camisole de force, sacs mortuaires<\/li>\n<li>Momification<\/li>\n<\/ul>\n<h3>Domestique<\/h3>\n<ul>\n<li>Fess\u00e9e \u00e0 la main sur les genoux<\/li>\n<li>Punition r\u00e9primande<\/li>\n<li>Nettoyage<\/li>\n<li>T\u00e2ches<\/li>\n<\/ul>\n<h3>Humiliation<\/h3>\n<ul>\n<li>Cracher<\/li>\n<li>Claques<\/li>\n<li>Les insultes<\/li>\n<li>Uro<\/li>\n<li>Domination des pieds<\/li>\n<li>Honte physique (exposition\/vuln\u00e9rabilit\u00e9)<\/li>\n<\/ul>\n<h3>Travestissement<\/h3>\n<ul>\n<li>Culotte portant<\/li>\n<li>Culotte reniflant<\/li>\n<li>Travestisme complet &#8211; tissu\/latex\/cuir\/talons\/bas<\/li>\n<li>Entra\u00eenement de salope<\/li>\n<\/ul>\n<h3>F\u00e9tichisme<\/h3>\n<ul>\n<li>Pied<\/li>\n<li>Botte<\/li>\n<li>Chaussure<\/li>\n<li>Les Bas<\/li>\n<li>Latex<\/li>\n<li>Cuir<\/li>\n<li>Gode ceinture sucer<\/li>\n<\/ul>\n<p>[\/et_pb_text][et_pb_image src=\u00a0\u00bbhttps:\/\/dominam.com\/wp-content\/uploads\/2023\/06\/1649-DominaM-003.jpg\u00a0\u00bb alt=\u00a0\u00bbmedical mistress in nurse role play fetish in Paris\u00a0\u00bb title_text=\u00a0\u00bbDomina M\u00a0\u00bb align_tablet=\u00a0\u00bbcenter\u00a0\u00bb align_phone=\u00a0\u00bb\u00a0\u00bb align_last_edited=\u00a0\u00bbon|desktop\u00a0\u00bb admin_label=\u00a0\u00bbImage\u00a0\u00bb _builder_version=\u00a0\u00bb4.21.0&Prime; animation_style=\u00a0\u00bbslide\u00a0\u00bb animation_direction=\u00a0\u00bbleft\u00a0\u00bb animation_duration=\u00a0\u00bb500ms\u00a0\u00bb animation_intensity_slide=\u00a0\u00bb10%\u00a0\u00bb custom_css_main_element=\u00a0\u00bboutline: solid 1px #ffffff;||outline-offset: -10px;\u00a0\u00bb use_border_color=\u00a0\u00bboff\u00a0\u00bb border_color=\u00a0\u00bb#ffffff\u00a0\u00bb border_style=\u00a0\u00bbsolid\u00a0\u00bb animation=\u00a0\u00bbleft\u00a0\u00bb sticky=\u00a0\u00bboff\u00a0\u00bb global_colors_info=\u00a0\u00bb{}\u00a0\u00bb][\/et_pb_image][et_pb_text admin_label=\u00a0\u00bbParagraph\u00a0\u00bb _builder_version=\u00a0\u00bb4.21.0&Prime; text_font=\u00a0\u00bb||||||||\u00a0\u00bb text_letter_spacing=\u00a0\u00bb1px\u00a0\u00bb header_3_font=\u00a0\u00bb|300|||||||\u00a0\u00bb header_3_text_color=\u00a0\u00bb#A54A43&Prime; background_size=\u00a0\u00bbinitial\u00a0\u00bb background_position=\u00a0\u00bbtop_left\u00a0\u00bb background_repeat=\u00a0\u00bbrepeat\u00a0\u00bb text_letter_spacing_tablet=\u00a0\u00bb0px\u00a0\u00bb text_letter_spacing_phone=\u00a0\u00bb\u00a0\u00bb text_letter_spacing_last_edited=\u00a0\u00bbon|tablet\u00a0\u00bb use_border_color=\u00a0\u00bboff\u00a0\u00bb border_color=\u00a0\u00bb#ffffff\u00a0\u00bb border_style=\u00a0\u00bbsolid\u00a0\u00bb global_colors_info=\u00a0\u00bb{}\u00a0\u00bb]<\/p>\n<h3>M\u00e9dical Examen<\/h3>\n<ul>\n<li>Prise de temp\u00e9rature, brassard de tension art\u00e9rielle, contr\u00f4le cardiaque, inspection<\/li>\n<li>Rasage<\/li>\n<li>Lavements<\/li>\n<li>Dilatation anale<\/li>\n<li>Dilatation de l&rsquo;urith\u00e8re<\/li>\n<li>Cath\u00e9ters<\/li>\n<li>Aiguilles<\/li>\n<li>Stimulation \u00e9lectrique (Unit\u00e9 TENS, VioletWand)<\/li>\n<\/ul>\n<h3>Jeux anaux<\/h3>\n<ul>\n<li>Perles et bouchons<\/li>\n<li>Godes<\/li>\n<li>Gode Ceinture<\/li>\n<li>Prises \u00e9lectriques<\/li>\n<li>Fist<\/li>\n<\/ul>\n<h3>Fess\u00e9e<\/h3>\n<ul>\n<li>Fess\u00e9e \u00e0 la main<\/li>\n<li>Pagayer<\/li>\n<li>Floggers<\/li>\n<li>Fouets<\/li>\n<li>Cannes<\/li>\n<\/ul>\n<h3>Cultures Sensation<\/h3>\n<ul>\n<li>Chatouillement<\/li>\n<li>Allumage et d\u00e9ni avec des jouets vibrants<\/li>\n<li>Traite forc\u00e9e avec le Tremblr<\/li>\n<li>Travail du sexe<\/li>\n<li>Travail des seins<\/li>\n<\/ul>\n<p><em><strong>Note bien.<\/strong> <\/em>Je suis une dominatrice classique et n&rsquo;offre aucun service trouv\u00e9 avec des escortes \u00e0 la vanille, y compris le facesitting, le cunnilingus, l&rsquo;analingus, les branlettes, les footjobs, et il n&rsquo;y a pas non plus de nudit\u00e9 de ma part.<\/p>\n<p>[\/et_pb_text][et_pb_image src=\u00a0\u00bbhttps:\/\/dominam.com\/wp-content\/uploads\/2023\/07\/dominam-rachelcalvophotos-53-e1742331021800.jpg\u00a0\u00bb alt=\u00a0\u00bbpublic fetish play in paris\u00a0\u00bb title_text=\u00a0\u00bbDomina M\u00a0\u00bb align_tablet=\u00a0\u00bbcenter\u00a0\u00bb align_phone=\u00a0\u00bb\u00a0\u00bb align_last_edited=\u00a0\u00bbon|desktop\u00a0\u00bb admin_label=\u00a0\u00bbImage\u00a0\u00bb _builder_version=\u00a0\u00bb4.21.0&Prime; animation_style=\u00a0\u00bbslide\u00a0\u00bb animation_direction=\u00a0\u00bbleft\u00a0\u00bb animation_duration=\u00a0\u00bb500ms\u00a0\u00bb animation_intensity_slide=\u00a0\u00bb10%\u00a0\u00bb custom_css_main_element=\u00a0\u00bboutline: solid 1px #ffffff;||outline-offset: -10px;\u00a0\u00bb use_border_color=\u00a0\u00bboff\u00a0\u00bb border_color=\u00a0\u00bb#ffffff\u00a0\u00bb border_style=\u00a0\u00bbsolid\u00a0\u00bb animation=\u00a0\u00bbleft\u00a0\u00bb sticky=\u00a0\u00bboff\u00a0\u00bb global_colors_info=\u00a0\u00bb{}\u00a0\u00bb][\/et_pb_image][et_pb_divider admin_label=\u00a0\u00bbDivider\u00a0\u00bb _builder_version=\u00a0\u00bb4.21.0&Prime; height=\u00a0\u00bb20px\u00a0\u00bb custom_margin=\u00a0\u00bb||15px|||\u00a0\u00bb custom_padding=\u00a0\u00bb||0px|||\u00a0\u00bb hide_on_mobile=\u00a0\u00bboff\u00a0\u00bb global_colors_info=\u00a0\u00bb{}\u00a0\u00bb][\/et_pb_divider][et_pb_text admin_label=\u00a0\u00bbQuote 2&Prime; _builder_version=\u00a0\u00bb4.21.0&Prime; text_font=\u00a0\u00bb|300|||||||\u00a0\u00bb text_text_color=\u00a0\u00bb#000000&Prime; text_font_size=\u00a0\u00bb60&Prime; text_line_height=\u00a0\u00bb1.1em\u00a0\u00bb header_3_font=\u00a0\u00bb|300|||||||\u00a0\u00bb header_3_font_size=\u00a0\u00bb19px\u00a0\u00bb header_3_letter_spacing=\u00a0\u00bb2px\u00a0\u00bb header_4_font=\u00a0\u00bb|300||on|||||\u00a0\u00bb header_4_text_color=\u00a0\u00bb#A66E6B\u00a0\u00bb header_4_font_size=\u00a0\u00bb25px\u00a0\u00bb header_4_letter_spacing=\u00a0\u00bb1px\u00a0\u00bb background_size=\u00a0\u00bbinitial\u00a0\u00bb background_position=\u00a0\u00bbtop_left\u00a0\u00bb background_repeat=\u00a0\u00bbrepeat\u00a0\u00bb text_orientation=\u00a0\u00bbcenter\u00a0\u00bb module_alignment=\u00a0\u00bbcenter\u00a0\u00bb custom_margin=\u00a0\u00bb||0px|\u00a0\u00bb custom_padding=\u00a0\u00bb||22px|||\u00a0\u00bb text_font_size_tablet=\u00a0\u00bb50&Prime; text_font_size_phone=\u00a0\u00bb35&Prime; text_font_size_last_edited=\u00a0\u00bbon|phone\u00a0\u00bb use_border_color=\u00a0\u00bboff\u00a0\u00bb border_color=\u00a0\u00bb#ffffff\u00a0\u00bb border_style=\u00a0\u00bbsolid\u00a0\u00bb global_colors_info=\u00a0\u00bb{}\u00a0\u00bb]<\/p>\n<h3>Continuez&#8230;<\/h3>\n<h4><a href=\"https:\/\/dominam.com\/fr\/studio-xeme\/\">Studio X\u00e9me<\/a><\/h4>\n<p>[\/et_pb_text][et_pb_divider admin_label=\u00a0\u00bbDivider\u00a0\u00bb _builder_version=\u00a0\u00bb4.21.0&Prime; height=\u00a0\u00bb20px\u00a0\u00bb custom_margin=\u00a0\u00bb||15px|||\u00a0\u00bb custom_padding=\u00a0\u00bb||0px|||\u00a0\u00bb hide_on_mobile=\u00a0\u00bboff\u00a0\u00bb global_colors_info=\u00a0\u00bb{}\u00a0\u00bb][\/et_pb_divider][\/et_pb_column][\/et_pb_row][\/et_pb_section]<\/p>\n","protected":false},"excerpt":{"rendered":"<p>Jeux de ConfianceF\u00e9tiche et BDSM Maitresse, ParisM\u00e9dical Examen Prise de temp\u00e9rature, brassard de tension art\u00e9rielle, contr\u00f4le cardiaque, inspection Rasage Lavements Dilatation anale Dilatation de l&rsquo;urith\u00e8re Cath\u00e9ters Aiguilles Stimulation \u00e9lectrique (Unit\u00e9 [&hellip;]<\/p>\n","protected":false},"author":2,"featured_media":0,"parent":0,"menu_order":0,"comment_status":"closed","ping_status":"closed","template":"","meta":{"_et_pb_use_builder":"on","_et_pb_old_content":"","_et_gb_content_width":"","footnotes":""},"class_list":["post-1140","page","type-page","status-publish","hentry"],"jetpack_sharing_enabled":true,"jetpack-related-posts":[],"_links":{"self":[{"href":"https:\/\/dominam.com\/fr\/wp-json\/wp\/v2\/pages\/1140","targetHints":{"allow":["GET"]}}],"collection":[{"href":"https:\/\/dominam.com\/fr\/wp-json\/wp\/v2\/pages"}],"about":[{"href":"https:\/\/dominam.com\/fr\/wp-json\/wp\/v2\/types\/page"}],"author":[{"embeddable":true,"href":"https:\/\/dominam.com\/fr\/wp-json\/wp\/v2\/users\/2"}],"replies":[{"embeddable":true,"href":"https:\/\/dominam.com\/fr\/wp-json\/wp\/v2\/comments?post=1140"}],"version-history":[{"count":21,"href":"https:\/\/dominam.com\/fr\/wp-json\/wp\/v2\/pages\/1140\/revisions"}],"predecessor-version":[{"id":5826,"href":"https:\/\/dominam.com\/fr\/wp-json\/wp\/v2\/pages\/1140\/revisions\/5826"}],"wp:attachment":[{"href":"https:\/\/dominam.com\/fr\/wp-json\/wp\/v2\/media?parent=1140"}],"curies":[{"name":"wp","href":"https:\/\/api.w.org\/{rel}","templated":true}]}}