{"id":1192,"date":"2023-07-03T17:25:49","date_gmt":"2023-07-03T15:25:49","guid":{"rendered":"https:\/\/dominam.com\/formation-et-coaching\/"},"modified":"2025-12-09T22:07:36","modified_gmt":"2025-12-09T21:07:36","slug":"mentor-femdom","status":"publish","type":"page","link":"https:\/\/dominam.com\/fr\/mentor-femdom\/","title":{"rendered":"Mentor FemDom"},"content":{"rendered":"<p>[et_pb_section fb_built=\u00a0\u00bb1&Prime; theme_builder_area=\u00a0\u00bbpost_content\u00a0\u00bb _builder_version=\u00a0\u00bb4.27.5&Prime; _module_preset=\u00a0\u00bbdefault\u00a0\u00bb][et_pb_row use_custom_gutter=\u00a0\u00bbon\u00a0\u00bb gutter_width=\u00a0\u00bb1&Prime; make_equal=\u00a0\u00bbon\u00a0\u00bb column_padding_mobile=\u00a0\u00bbon\u00a0\u00bb custom_padding_last_edited=\u00a0\u00bbon|phone\u00a0\u00bb admin_label=\u00a0\u00bb.\u00a0\u00bb _builder_version=\u00a0\u00bb4.21.0&Prime; background_color=\u00a0\u00bb#E9E8E9&Prime; background_size=\u00a0\u00bbinitial\u00a0\u00bb background_position=\u00a0\u00bbtop_left\u00a0\u00bb background_repeat=\u00a0\u00bbrepeat\u00a0\u00bb width=\u00a0\u00bb100%\u00a0\u00bb max_width=\u00a0\u00bb2560px\u00a0\u00bb module_alignment=\u00a0\u00bbcenter\u00a0\u00bb custom_padding=\u00a0\u00bb60px||40px||false|\u00a0\u00bb custom_padding_tablet=\u00a0\u00bb70px||50px||false|false\u00a0\u00bb custom_padding_phone=\u00a0\u00bb|10px|30px|10px|false|true\u00a0\u00bb global_colors_info=\u00a0\u00bb{}\u00a0\u00bb theme_builder_area=\u00a0\u00bbpost_content\u00a0\u00bb][et_pb_column type=\u00a0\u00bb4_4&Prime; _builder_version=\u00a0\u00bb4.16&Prime; custom_padding=\u00a0\u00bb|||\u00a0\u00bb global_colors_info=\u00a0\u00bb{}\u00a0\u00bb custom_padding__hover=\u00a0\u00bb|||\u00a0\u00bb theme_builder_area=\u00a0\u00bbpost_content\u00a0\u00bb][et_pb_text admin_label=\u00a0\u00bbHeading\u00a0\u00bb _builder_version=\u00a0\u00bb4.27.5&Prime; text_font=\u00a0\u00bbPlayfair Display||||\u00a0\u00bb text_font_size=\u00a0\u00bb45&Prime; text_letter_spacing=\u00a0\u00bb2px\u00a0\u00bb header_font=\u00a0\u00bb|300|||||||\u00a0\u00bb header_font_size=\u00a0\u00bb45px\u00a0\u00bb header_2_font=\u00a0\u00bb|300||on|||||\u00a0\u00bb header_2_text_color=\u00a0\u00bb#915a57&Prime; header_2_font_size=\u00a0\u00bb33px\u00a0\u00bb header_2_letter_spacing=\u00a0\u00bb4px\u00a0\u00bb background_size=\u00a0\u00bbinitial\u00a0\u00bb background_position=\u00a0\u00bbtop_left\u00a0\u00bb background_repeat=\u00a0\u00bbrepeat\u00a0\u00bb text_orientation=\u00a0\u00bbcenter\u00a0\u00bb module_alignment=\u00a0\u00bbcenter\u00a0\u00bb custom_padding=\u00a0\u00bb|||\u00a0\u00bb custom_padding_tablet=\u00a0\u00bb\u00a0\u00bb custom_padding_phone=\u00a0\u00bb\u00a0\u00bb custom_padding_last_edited=\u00a0\u00bbon|desktop\u00a0\u00bb hover_enabled=\u00a0\u00bb0&Prime; text_font_size_tablet=\u00a0\u00bb\u00a0\u00bb text_font_size_phone=\u00a0\u00bb30&Prime; text_font_size_last_edited=\u00a0\u00bbon|phone\u00a0\u00bb header_font_size_tablet=\u00a0\u00bb\u00a0\u00bb header_font_size_phone=\u00a0\u00bb\u00a0\u00bb header_font_size_last_edited=\u00a0\u00bbon|phone\u00a0\u00bb border_color=\u00a0\u00bb#cccccc\u00a0\u00bb border_style=\u00a0\u00bbsolid\u00a0\u00bb global_colors_info=\u00a0\u00bb{}\u00a0\u00bb sticky_enabled=\u00a0\u00bb0&Prime; theme_builder_area=\u00a0\u00bbpost_content\u00a0\u00bb]<\/p>\n<h1>Mentor FemDom \u00e0 Paris<\/h1>\n<p>[\/et_pb_text][et_pb_divider color=\u00a0\u00bb#FFFFFF\u00a0\u00bb divider_weight=\u00a0\u00bb1px\u00a0\u00bb admin_label=\u00a0\u00bbDivider\u00a0\u00bb _builder_version=\u00a0\u00bb4.21.0&Prime; max_width=\u00a0\u00bb100px\u00a0\u00bb module_alignment=\u00a0\u00bbcenter\u00a0\u00bb custom_padding=\u00a0\u00bb10px||0px||false|false\u00a0\u00bb custom_padding_tablet=\u00a0\u00bb10px||0px||false|false\u00a0\u00bb custom_padding_phone=\u00a0\u00bb10px||0px||false|false\u00a0\u00bb custom_padding_last_edited=\u00a0\u00bbon|desktop\u00a0\u00bb custom_css_main_element=\u00a0\u00bbmargin:0 auto;||||\u00a0\u00bb hide_on_mobile=\u00a0\u00bboff\u00a0\u00bb global_colors_info=\u00a0\u00bb{}\u00a0\u00bb theme_builder_area=\u00a0\u00bbpost_content\u00a0\u00bb][\/et_pb_divider][et_pb_text admin_label=\u00a0\u00bbHeading\u00a0\u00bb _builder_version=\u00a0\u00bb4.27.5&Prime; text_font=\u00a0\u00bb||||||||\u00a0\u00bb text_text_color=\u00a0\u00bb#E1B7B5&Prime; text_letter_spacing=\u00a0\u00bb3px\u00a0\u00bb text_line_height=\u00a0\u00bb2.3em\u00a0\u00bb header_font=\u00a0\u00bb|300|||||||\u00a0\u00bb header_text_color=\u00a0\u00bb#A54A43&Prime; header_font_size=\u00a0\u00bb21px\u00a0\u00bb header_letter_spacing=\u00a0\u00bb8px\u00a0\u00bb background_size=\u00a0\u00bbinitial\u00a0\u00bb background_position=\u00a0\u00bbtop_left\u00a0\u00bb background_repeat=\u00a0\u00bbrepeat\u00a0\u00bb text_orientation=\u00a0\u00bbcenter\u00a0\u00bb module_alignment=\u00a0\u00bbcenter\u00a0\u00bb custom_padding=\u00a0\u00bb0px||0px||true|false\u00a0\u00bb custom_padding_tablet=\u00a0\u00bb\u00a0\u00bb custom_padding_phone=\u00a0\u00bb\u00a0\u00bb custom_padding_last_edited=\u00a0\u00bbon|desktop\u00a0\u00bb hover_enabled=\u00a0\u00bb0&Prime; text_font_size_tablet=\u00a0\u00bb\u00a0\u00bb text_font_size_phone=\u00a0\u00bb14px\u00a0\u00bb text_font_size_last_edited=\u00a0\u00bbon|phone\u00a0\u00bb text_line_height_tablet=\u00a0\u00bb2.3em\u00a0\u00bb text_line_height_phone=\u00a0\u00bb1.5em\u00a0\u00bb text_line_height_last_edited=\u00a0\u00bbon|phone\u00a0\u00bb header_font_size_tablet=\u00a0\u00bb\u00a0\u00bb header_font_size_phone=\u00a0\u00bb\u00a0\u00bb header_font_size_last_edited=\u00a0\u00bbon|phone\u00a0\u00bb header_letter_spacing_tablet=\u00a0\u00bb8px\u00a0\u00bb header_letter_spacing_phone=\u00a0\u00bb5px\u00a0\u00bb header_letter_spacing_last_edited=\u00a0\u00bbon|phone\u00a0\u00bb border_color=\u00a0\u00bb#cccccc\u00a0\u00bb border_style=\u00a0\u00bbsolid\u00a0\u00bb global_colors_info=\u00a0\u00bb{}\u00a0\u00bb sticky_enabled=\u00a0\u00bb0&Prime; theme_builder_area=\u00a0\u00bbpost_content\u00a0\u00bb]<\/p>\n<h2>Apprenez les comp\u00e9tences psychologiques et les techniques physiques pour devenir une v\u00e9ritable FemDom<\/h2>\n<p>&nbsp;<\/p>\n<p>[\/et_pb_text][\/et_pb_column][\/et_pb_row][\/et_pb_section][et_pb_section fb_built=\u00a0\u00bb1&Prime; fullwidth=\u00a0\u00bbon\u00a0\u00bb theme_builder_area=\u00a0\u00bbpost_content\u00a0\u00bb _builder_version=\u00a0\u00bb4.27.5&Prime; _module_preset=\u00a0\u00bbdefault\u00a0\u00bb][et_pb_fullwidth_image src=\u00a0\u00bbhttps:\/\/dominam.com\/wp-content\/uploads\/2025\/12\/mentor-femdom-a-paris-scaled.jpg\u00a0\u00bb _builder_version=\u00a0\u00bb4.27.5&Prime; _module_preset=\u00a0\u00bbdefault\u00a0\u00bb theme_builder_area=\u00a0\u00bbpost_content\u00a0\u00bb alt=\u00a0\u00bbDomina M est mentor femdom a paris\u00a0\u00bb title_text=\u00a0\u00bbmentor femdom a paris\u00a0\u00bb hover_enabled=\u00a0\u00bb0&Prime; sticky_enabled=\u00a0\u00bb0&Prime;][\/et_pb_fullwidth_image][\/et_pb_section][et_pb_section fb_built=\u00a0\u00bb1&Prime; admin_label=\u00a0\u00bbsection\u00a0\u00bb _builder_version=\u00a0\u00bb4.16&Prime; background_color=\u00a0\u00bb#ffffff\u00a0\u00bb custom_padding=\u00a0\u00bb0px||1px|||\u00a0\u00bb transparent_background=\u00a0\u00bboff\u00a0\u00bb padding_mobile=\u00a0\u00bbon\u00a0\u00bb global_colors_info=\u00a0\u00bb{}\u00a0\u00bb][et_pb_row padding_mobile=\u00a0\u00bboff\u00a0\u00bb column_padding_mobile=\u00a0\u00bbon\u00a0\u00bb disabled_on=\u00a0\u00bboff|off|off\u00a0\u00bb admin_label=\u00a0\u00bbrow\u00a0\u00bb _builder_version=\u00a0\u00bb4.21.0&Prime; background_size=\u00a0\u00bbinitial\u00a0\u00bb background_position=\u00a0\u00bbtop_left\u00a0\u00bb background_repeat=\u00a0\u00bbrepeat\u00a0\u00bb custom_padding=\u00a0\u00bb50px||7px|||\u00a0\u00bb global_colors_info=\u00a0\u00bb{}\u00a0\u00bb][et_pb_column type=\u00a0\u00bb4_4&Prime; _builder_version=\u00a0\u00bb4.16&Prime; custom_padding=\u00a0\u00bb|||\u00a0\u00bb global_colors_info=\u00a0\u00bb{}\u00a0\u00bb custom_padding__hover=\u00a0\u00bb|||\u00a0\u00bb][et_pb_text admin_label=\u00a0\u00bbParagraph\u00a0\u00bb _builder_version=\u00a0\u00bb4.27.5&Prime; text_font=\u00a0\u00bb||||||||\u00a0\u00bb text_letter_spacing=\u00a0\u00bb1px\u00a0\u00bb background_size=\u00a0\u00bbinitial\u00a0\u00bb background_position=\u00a0\u00bbtop_left\u00a0\u00bb background_repeat=\u00a0\u00bbrepeat\u00a0\u00bb hover_enabled=\u00a0\u00bb0&Prime; text_font_size_tablet=\u00a0\u00bb\u00a0\u00bb text_font_size_phone=\u00a0\u00bb16px\u00a0\u00bb text_font_size_last_edited=\u00a0\u00bbon|phone\u00a0\u00bb text_letter_spacing_tablet=\u00a0\u00bb0px\u00a0\u00bb text_letter_spacing_phone=\u00a0\u00bb\u00a0\u00bb text_letter_spacing_last_edited=\u00a0\u00bbon|tablet\u00a0\u00bb use_border_color=\u00a0\u00bboff\u00a0\u00bb border_color=\u00a0\u00bb#ffffff\u00a0\u00bb border_style=\u00a0\u00bbsolid\u00a0\u00bb global_colors_info=\u00a0\u00bb{}\u00a0\u00bb sticky_enabled=\u00a0\u00bb0&Prime;]<\/p>\n<h2>Apprenez avec Domina M, Mentor Femdom<\/h2>\n<p>Vous avez donc d\u00e9cid\u00e9 d&rsquo;explorer la domination et votre f\u00e9minit\u00e9. Formidable ! Il existe de nombreuses raisons saines et positives d&rsquo;explorer cette facette de votre personnalit\u00e9.<\/p>\n<p>Cependant, il existe aussi de mauvaises raisons d&rsquo;adopter un r\u00f4le dominant. Le Femdom n&rsquo;est pas une solution pour renverser le patriarcat. Le BDSM n&rsquo;est jamais une bonne m\u00e9thode pour exprimer une col\u00e8re ou un ressentiment profonds. Cela ne r\u00e9soudra rien. De plus, s&rsquo;il vous pla\u00eet, ne le faites pas sous la contrainte de votre partenaire. Si cela ne vous int\u00e9resse vraiment pas, vous laisser convaincre ne fera que vous laisser un go\u00fbt amer. La soumission non consentie existe bel et bien, et c&rsquo;est tout aussi traumatisant.<\/p>\n<p>Vous devriez donc \u00eatre ici et continuer uniquement si vous \u00eates r\u00e9ellement curieuse et souhaitez savoir comment cela peut renforcer votre relation avec votre partenaire. Si cela vous parle, vous \u00eates au bon endroit, et je suis ravie de vous aider !<\/p>\n<p>[\/et_pb_text][et_pb_image src=\u00a0\u00bbhttps:\/\/dominam.com\/wp-content\/uploads\/2025\/12\/Aprendez-femdom.jpg\u00a0\u00bb _builder_version=\u00a0\u00bb4.27.5&Prime; _module_preset=\u00a0\u00bbdefault\u00a0\u00bb alt=\u00a0\u00bbAprendez femdom\u00a0\u00bb title_text=\u00a0\u00bbAprendez femdom\u00a0\u00bb align=\u00a0\u00bbcenter\u00a0\u00bb hover_enabled=\u00a0\u00bb0&Prime; sticky_enabled=\u00a0\u00bb0&Prime;][\/et_pb_image][et_pb_text _builder_version=\u00a0\u00bb4.27.5&Prime; _module_preset=\u00a0\u00bbdefault\u00a0\u00bb hover_enabled=\u00a0\u00bb0&Prime; sticky_enabled=\u00a0\u00bb0&Prime;]<\/p>\n<h2>Initiation au FemDom<\/h2>\n<h3>Connaissez-vous vous-m\u00eame<\/h3>\n<p>Qu&rsquo;attendez-vous d&rsquo;une interaction de domination f\u00e9minine avec votre partenaire\u00a0? L&rsquo;histoire et la culture populaire regorgent d&rsquo;exemples de dominatrices et de femmes dominantes. Bien s\u00fbr, vous pouvez vous en inspirer. Absolument\u00a0! Cependant, il est plus important qu&rsquo;elles vous inspirent en fonction de votre propre personnalit\u00e9. D\u00e9couvrez votre propre c\u00f4t\u00e9 dominant plut\u00f4t que d&rsquo;essayer de correspondre \u00e0 une image pr\u00e9con\u00e7ue.<\/p>\n<h3>Discutez avec votre partenaire<\/h3>\n<p>Le BDSM, le kink et le Femdom sont des jeux. Comme tous les jeux, ils n\u00e9cessitent un d\u00e9but, une fin et des r\u00e8gles. Vous devez vous mettre d&rsquo;accord sur le lieu, le moment, la mani\u00e8re et les autres r\u00e8gles.<\/p>\n<p>R\u00e9fl\u00e9chissez aux indicateurs qui marquent le d\u00e9but et la fin du \u00ab\u00a0jeu\u00a0\u00bb. J&rsquo;ai mis au point des rituels pour chaque s\u00e9ance, qui m&rsquo;aident \u00e0 me mettre dans l&rsquo;\u00e9tat d&rsquo;esprit requis. D\u00e9velopper des rituels est essentiel \u00e0 votre \u00e9volution en tant que dominatrice. Commencez par des choses simples et ajustez selon vos besoins. L&rsquo;un des symboles les plus universels du d\u00e9but d&rsquo;une sc\u00e8ne ou d&rsquo;un \u00ab\u00a0jeu\u00a0\u00bb est la pose d&rsquo;un collier autour du cou de votre soumis(e). Le lieu et la mani\u00e8re de proc\u00e9der vous appartiennent.<\/p>\n<p>Personnellement, je commence mon rituel par ma tenue. Mes v\u00eatements de dominatrice sont parfois classiques, et mes v\u00eatements de tous les jours peuvent avoir une touche f\u00e9tichiste, mais je garde mes tenues de jeu distinctes de celles que je porte pour faire les courses ou aller au restaurant. Enfiler des bas, des chaussures, une jupe en cuir, ou tout autre v\u00eatement qui me donne un sentiment de puissance m&rsquo;aide \u00e9norm\u00e9ment \u00e0 me concentrer sur mon r\u00f4le dominant plut\u00f4t que sur les tracas du quotidien.<\/p>\n<h3>Priorisez votre plaisir.<\/h3>\n<p>Cela peut para\u00eetre simple, mais cela demande un temps d&rsquo;adaptation. Une fois que vous aurez compris que vous m\u00e9ritez d&rsquo;avoir le contr\u00f4le et d&rsquo;\u00e9prouver du plaisir, vous serez sur la bonne voie. Les r\u00e8gles sont \u00e9tablies, et \u00e0 partir de l\u00e0, tout est \u00e0 votre port\u00e9e.<\/p>\n<h3>Pourquoi votre partenaire voudrait-il \u00eatre soumis(e)\u00a0?<\/h3>\n<p>Ceux qui recherchent un mentor en domination f\u00e9minine sont souvent curieux de savoir pourquoi leur partenaire voudrait \u00eatre soumis(e). Bien qu&rsquo;il y ait d&rsquo;innombrables raisons, voici quelques-unes des principales\u00a0:<\/p>\n<ul>\n<li><strong>Stimulation physique accrue<\/strong>\u00a0: Devenez un alchimiste du plaisir et de la douleur.<\/li>\n<li><strong>Libert\u00e9 mentale<\/strong>\u00a0: \u00catre contr\u00f4l\u00e9 procure une certaine libert\u00e9.<\/li>\n<li><strong>Besoin de plaire<\/strong>\u00a0: Parfois, le d\u00e9sir de plaire est irr\u00e9sistible. Offrez \u00e0 votre partenaire le plaisir de vous faire plaisir.<\/li>\n<li><strong>Connexion par la vuln\u00e9rabilit\u00e9<\/strong>\u00a0: \u00catre soumis \u00e0 quelqu&rsquo;un cr\u00e9e des liens plus profonds et plus forts.<\/li>\n<\/ul>\n<h3>Limites<\/h3>\n<p>On parle souvent de limites pour le soumis dans la dynamique D\/s, mais elles sont tout aussi cruciales pour le dominant. Ce n&rsquo;est pas parce que quelqu&rsquo;un veut faire quelque chose pour vous que vous devez l&rsquo;accepter. \u00catre un dominant conscient, c&rsquo;est comprendre que c&rsquo;est vous qui d\u00e9tenez le pouvoir et la responsabilit\u00e9. Parfois, il faut simplement dire \u00ab\u00a0non\u00a0\u00bb au soumis.<\/p>\n<h3>Lectures sur le FemDom<\/h3>\n<p>Soufflez votre muscle \u00e9rotique le plus pr\u00e9cieux, votre cerveau, en lisant tout ce que vous pouvez sur le FemDom. Laissez de c\u00f4t\u00e9 les sites web et plongez-vous dans une exploration approfondie de ce qu&rsquo;est et n&rsquo;est pas le FemDom. Voici une petite liste de livres formidables pour commencer votre exploration\u00a0:<\/p>\n<p>Ces deux livres ont chang\u00e9 ma vie au d\u00e9but des ann\u00e9es 90, lorsque j\u2019ai r\u00e9alis\u00e9 que je n\u2019\u00e9tais pas bizarre et que d\u2019autres personnes pensaient comme moi.<\/p>\n<p><em>SM 101\u00a0: Une introduction r\u00e9aliste<\/em> de Jay Wiseman<\/p>\n<p><em>Aimer diff\u00e9remment\u00a0: Le monde de la domination et de la soumission sexuelles<\/em> de Gloria Brame<\/p>\n<p>Quelques autres classiques\u00a0:<\/p>\n<p><em>Le nouveau livre du dominant<\/em> de Dossie Easton et Janet Hardy (et Le nouveau livre du domin\u00e9 est excellent aussi)<\/p>\n<p><em>Le c\u0153ur de la domination\u00a0: Un guide pour pratiquer la domination consensuelle<\/em> d\u2019Anton Fulmen<\/p>\n<p>Et pourquoi ne pas essayer des lectures de plage divertissantes, du point de vue d\u2019une dominatrice sophistiqu\u00e9e\u00a0? Mon amie Jane a \u00e9crit des livres passionnants bas\u00e9s sur des entretiens avec de nombreuses dominatrices du monde entier (dont moi\u00a0!)<\/p>\n<p><em>Edge Play<\/em> et <em>Bold Strokes<\/em> de Jane Boon<\/p>\n<p>[\/et_pb_text][et_pb_image src=\u00a0\u00bbhttps:\/\/dominam.com\/wp-content\/uploads\/2025\/12\/le-pouviour-de-la-domination-feminine.jpg\u00a0\u00bb _builder_version=\u00a0\u00bb4.27.5&Prime; _module_preset=\u00a0\u00bbdefault\u00a0\u00bb alt=\u00a0\u00bble pouviour de la domination feminine\u00a0\u00bb title_text=\u00a0\u00bble pouviour de la domination feminine\u00a0\u00bb align=\u00a0\u00bbcenter\u00a0\u00bb hover_enabled=\u00a0\u00bb0&Prime; sticky_enabled=\u00a0\u00bb0&Prime;][\/et_pb_image][et_pb_text _builder_version=\u00a0\u00bb4.27.5&Prime; _module_preset=\u00a0\u00bbdefault\u00a0\u00bb hover_enabled=\u00a0\u00bb0&Prime; sticky_enabled=\u00a0\u00bb0&Prime;]<\/p>\n<h2>Mentor en Domination F\u00e9minine \u00e0 Paris<\/h2>\n<p>Envie d&rsquo;apprendre \u00e0 mes c\u00f4t\u00e9s ? Je vous invite \u00e0 me rencontrer dans mon donjon priv\u00e9 \u00e0 Paris. J&rsquo;organise plusieurs sessions par mois : des discussions ouvertes et bienveillantes r\u00e9serv\u00e9es aux femmes, ainsi que des ateliers techniques pour perfectionner vos comp\u00e9tences mentales et physiques.<\/p>\n<p>Consultez le <a href=\"https:\/\/dominam.com\/events\/\">calendrier des ateliers et des cours<\/a>.<\/p>\n<h2>Devenez Apprentie Domination F\u00e9minine<\/h2>\n<p>Si vous pr\u00e9f\u00e9rez un accompagnement plus personnalis\u00e9, apprendre \u00e0 votre rythme ou b\u00e9n\u00e9ficier d&rsquo;un coaching individuel, vous pouvez r\u00e9server une s\u00e9ance de coaching priv\u00e9e. Vous pouvez programmer des s\u00e9ances \u00e0 la fr\u00e9quence de votre choix, ou nous pouvons cr\u00e9er une formule pour une formation continue.<\/p>\n<p>[\/et_pb_text][et_pb_button button_text=\u00a0\u00bbPlanifiez une consultation priv\u00e9e\u00a0\u00bb _builder_version=\u00a0\u00bb4.27.5&Prime; _module_preset=\u00a0\u00bbdefault\u00a0\u00bb button_url=\u00a0\u00bbhttps:\/\/dominam.as.me\/schedule\/6ea4e9fa\/appointment\/49744331\/calendar\/12777499?appointmentTypeIds%91%93=49744331&Prime; hover_enabled=\u00a0\u00bb0&Prime; sticky_enabled=\u00a0\u00bb0&Prime; button_alignment=\u00a0\u00bbcenter\u00a0\u00bb][\/et_pb_button][\/et_pb_column][\/et_pb_row][et_pb_row use_custom_gutter=\u00a0\u00bbon\u00a0\u00bb gutter_width=\u00a0\u00bb1&Prime; custom_padding_last_edited=\u00a0\u00bbon|phone\u00a0\u00bb _builder_version=\u00a0\u00bb4.21.0&Prime; _module_preset=\u00a0\u00bbdefault\u00a0\u00bb background_color=\u00a0\u00bb#E9E8E9&Prime; width=\u00a0\u00bb100%\u00a0\u00bb max_width=\u00a0\u00bb2560px\u00a0\u00bb module_alignment=\u00a0\u00bbcenter\u00a0\u00bb custom_padding=\u00a0\u00bb62px||62px||true|\u00a0\u00bb custom_padding_tablet=\u00a0\u00bb62px||62px||true|\u00a0\u00bb custom_padding_phone=\u00a0\u00bb62px||62px||true|\u00a0\u00bb global_colors_info=\u00a0\u00bb{}\u00a0\u00bb][et_pb_column type=\u00a0\u00bb4_4&Prime; _builder_version=\u00a0\u00bb4.21.0&Prime; _module_preset=\u00a0\u00bbdefault\u00a0\u00bb global_colors_info=\u00a0\u00bb{}\u00a0\u00bb][et_pb_text _builder_version=\u00a0\u00bb4.27.5&Prime; _module_preset=\u00a0\u00bbdefault\u00a0\u00bb text_font=\u00a0\u00bbFrank Ruhl Libre|300|||||||\u00a0\u00bb text_font_size=\u00a0\u00bb22px\u00a0\u00bb text_line_height=\u00a0\u00bb1.3em\u00a0\u00bb header_3_font=\u00a0\u00bb|300|on||||||\u00a0\u00bb header_3_line_height=\u00a0\u00bb2em\u00a0\u00bb custom_padding=\u00a0\u00bb|196px|0px|196px|false|true\u00a0\u00bb custom_padding_tablet=\u00a0\u00bb|100px||100px|false|true\u00a0\u00bb custom_padding_phone=\u00a0\u00bb|50px||50px|false|false\u00a0\u00bb custom_padding_last_edited=\u00a0\u00bbon|desktop\u00a0\u00bb hover_enabled=\u00a0\u00bb0&Prime; global_colors_info=\u00a0\u00bb{}\u00a0\u00bb sticky_enabled=\u00a0\u00bb0&Prime;]<\/p>\n<p>Nous avons rencontr\u00e9 Domina M en couple pour une s\u00e9ance de domination \u00e0 Paris. Au d\u00e9but de notre exploration commune de nos fantasmes sexuels, nous avons trouv\u00e9 en Domina M une guide pr\u00e9cieuse et une facilitatrice exp\u00e9riment\u00e9e. Subtilement taquine, d&rsquo;une clairvoyance remarquable et dot\u00e9e d&rsquo;une pr\u00e9sence divine, elle a domin\u00e9 nos esprits, nos corps et nos \u00e2mes durant la s\u00e9ance, nous offrant un service exceptionnel.<\/p>\n<p>En dehors de la s\u00e9ance, nous avons d\u00e9couvert une interlocutrice hors pair, d&rsquo;un professionnalisme irr\u00e9prochable et d&rsquo;une attention excessive.<\/p>\n<p>Son expertise, sa perspicacit\u00e9 et son art cr\u00e9atif nous ont profond\u00e9ment enrichis et nous avons ador\u00e9 la servir.<\/p>\n<h3>~ tina et raj<\/h3>\n<p>[\/et_pb_text][\/et_pb_column][\/et_pb_row][\/et_pb_section]<\/p>\n","protected":false},"excerpt":{"rendered":"<p>L&rsquo;\u00e9ducation f\u00e9minins pour vous guider sur votre chemin. Les ma\u00eetresses de vie et les ma\u00eetresses professionnelles sont toutes bienvenues.<\/p>\n","protected":false},"author":2,"featured_media":0,"parent":0,"menu_order":0,"comment_status":"closed","ping_status":"closed","template":"","meta":{"_et_pb_use_builder":"on","_et_pb_old_content":"","_et_gb_content_width":"","footnotes":""},"class_list":["post-1192","page","type-page","status-publish","hentry"],"jetpack_sharing_enabled":true,"jetpack-related-posts":[],"_links":{"self":[{"href":"https:\/\/dominam.com\/fr\/wp-json\/wp\/v2\/pages\/1192","targetHints":{"allow":["GET"]}}],"collection":[{"href":"https:\/\/dominam.com\/fr\/wp-json\/wp\/v2\/pages"}],"about":[{"href":"https:\/\/dominam.com\/fr\/wp-json\/wp\/v2\/types\/page"}],"author":[{"embeddable":true,"href":"https:\/\/dominam.com\/fr\/wp-json\/wp\/v2\/users\/2"}],"replies":[{"embeddable":true,"href":"https:\/\/dominam.com\/fr\/wp-json\/wp\/v2\/comments?post=1192"}],"version-history":[{"count":22,"href":"https:\/\/dominam.com\/fr\/wp-json\/wp\/v2\/pages\/1192\/revisions"}],"predecessor-version":[{"id":6741,"href":"https:\/\/dominam.com\/fr\/wp-json\/wp\/v2\/pages\/1192\/revisions\/6741"}],"wp:attachment":[{"href":"https:\/\/dominam.com\/fr\/wp-json\/wp\/v2\/media?parent=1192"}],"curies":[{"name":"wp","href":"https:\/\/api.w.org\/{rel}","templated":true}]}}