{"id":2338,"date":"2025-02-26T19:31:11","date_gmt":"2025-02-26T18:31:11","guid":{"rendered":"https:\/\/dominam.com\/bondage-a-paris\/"},"modified":"2025-12-10T14:01:46","modified_gmt":"2025-12-10T13:01:46","slug":"bondage-a-paris","status":"publish","type":"page","link":"https:\/\/dominam.com\/fr\/bondage-a-paris\/","title":{"rendered":"Bondage \u00e0 Paris"},"content":{"rendered":"<p>[et_pb_section fb_built=\u00a0\u00bb1&Prime; admin_label=\u00a0\u00bbHeader\u00a0\u00bb _builder_version=\u00a0\u00bb4.27.3&Prime; _module_preset=\u00a0\u00bbdefault\u00a0\u00bb background_color=\u00a0\u00bb#E1B7B5&Prime; custom_padding=\u00a0\u00bb0px||0px||true|false\u00a0\u00bb collapsed=\u00a0\u00bbon\u00a0\u00bb global_colors_info=\u00a0\u00bb{}\u00a0\u00bb][et_pb_row use_custom_gutter=\u00a0\u00bbon\u00a0\u00bb gutter_width=\u00a0\u00bb1&Prime; make_equal=\u00a0\u00bbon\u00a0\u00bb column_padding_mobile=\u00a0\u00bbon\u00a0\u00bb custom_padding_last_edited=\u00a0\u00bbon|phone\u00a0\u00bb admin_label=\u00a0\u00bbRow\u00a0\u00bb _builder_version=\u00a0\u00bb4.21.0&Prime; background_color=\u00a0\u00bb#E9E8E9&Prime; background_size=\u00a0\u00bbinitial\u00a0\u00bb background_position=\u00a0\u00bbtop_left\u00a0\u00bb background_repeat=\u00a0\u00bbrepeat\u00a0\u00bb width=\u00a0\u00bb100%\u00a0\u00bb max_width=\u00a0\u00bb2560px\u00a0\u00bb module_alignment=\u00a0\u00bbcenter\u00a0\u00bb custom_padding=\u00a0\u00bb60px||40px||false|\u00a0\u00bb custom_padding_tablet=\u00a0\u00bb70px||50px||false|false\u00a0\u00bb custom_padding_phone=\u00a0\u00bb||30px||false|false\u00a0\u00bb global_colors_info=\u00a0\u00bb{}\u00a0\u00bb][et_pb_column type=\u00a0\u00bb4_4&Prime; _builder_version=\u00a0\u00bb4.16&Prime; custom_padding=\u00a0\u00bb|||\u00a0\u00bb global_colors_info=\u00a0\u00bb{}\u00a0\u00bb custom_padding__hover=\u00a0\u00bb|||\u00a0\u00bb][et_pb_text admin_label=\u00a0\u00bbHeading\u00a0\u00bb _builder_version=\u00a0\u00bb4.27.4&Prime; text_font=\u00a0\u00bbPlayfair Display||||\u00a0\u00bb text_font_size=\u00a0\u00bb45&Prime; text_letter_spacing=\u00a0\u00bb2px\u00a0\u00bb header_font=\u00a0\u00bb|300|||||||\u00a0\u00bb header_font_size=\u00a0\u00bb45px\u00a0\u00bb header_2_font=\u00a0\u00bb|300||on|||||\u00a0\u00bb header_2_text_color=\u00a0\u00bb#915a57&Prime; header_2_font_size=\u00a0\u00bb37px\u00a0\u00bb header_2_letter_spacing=\u00a0\u00bb4px\u00a0\u00bb background_size=\u00a0\u00bbinitial\u00a0\u00bb background_position=\u00a0\u00bbtop_left\u00a0\u00bb background_repeat=\u00a0\u00bbrepeat\u00a0\u00bb text_orientation=\u00a0\u00bbcenter\u00a0\u00bb module_alignment=\u00a0\u00bbcenter\u00a0\u00bb custom_padding=\u00a0\u00bb|||\u00a0\u00bb custom_padding_tablet=\u00a0\u00bb\u00a0\u00bb custom_padding_phone=\u00a0\u00bb\u00a0\u00bb custom_padding_last_edited=\u00a0\u00bbon|desktop\u00a0\u00bb text_font_size_tablet=\u00a0\u00bb\u00a0\u00bb text_font_size_phone=\u00a0\u00bb30&Prime; text_font_size_last_edited=\u00a0\u00bbon|phone\u00a0\u00bb header_font_size_tablet=\u00a0\u00bb\u00a0\u00bb header_font_size_phone=\u00a0\u00bb\u00a0\u00bb header_font_size_last_edited=\u00a0\u00bbon|phone\u00a0\u00bb border_color=\u00a0\u00bb#cccccc\u00a0\u00bb border_style=\u00a0\u00bbsolid\u00a0\u00bb global_colors_info=\u00a0\u00bb{}\u00a0\u00bb]<\/p>\n<h1>Dominatrice Bondage \u00e0 Paris<\/h1>\n<p>[\/et_pb_text][et_pb_divider color=\u00a0\u00bb#FFFFFF\u00a0\u00bb divider_weight=\u00a0\u00bb1px\u00a0\u00bb admin_label=\u00a0\u00bbDivider\u00a0\u00bb _builder_version=\u00a0\u00bb4.21.0&Prime; max_width=\u00a0\u00bb100px\u00a0\u00bb module_alignment=\u00a0\u00bbcenter\u00a0\u00bb custom_padding=\u00a0\u00bb10px||0px||false|false\u00a0\u00bb custom_padding_tablet=\u00a0\u00bb10px||0px||false|false\u00a0\u00bb custom_padding_phone=\u00a0\u00bb10px||0px||false|false\u00a0\u00bb custom_padding_last_edited=\u00a0\u00bbon|desktop\u00a0\u00bb custom_css_main_element=\u00a0\u00bbmargin:0 auto;||||\u00a0\u00bb hide_on_mobile=\u00a0\u00bboff\u00a0\u00bb global_colors_info=\u00a0\u00bb{}\u00a0\u00bb][\/et_pb_divider][et_pb_text admin_label=\u00a0\u00bbHeading\u00a0\u00bb _builder_version=\u00a0\u00bb4.27.4&Prime; text_font=\u00a0\u00bbPlayfair Display||||\u00a0\u00bb text_font_size=\u00a0\u00bb45&Prime; text_letter_spacing=\u00a0\u00bb2px\u00a0\u00bb header_font=\u00a0\u00bb|300|||||||\u00a0\u00bb header_text_color=\u00a0\u00bb#A54A43&Prime; header_font_size=\u00a0\u00bb24px\u00a0\u00bb header_letter_spacing=\u00a0\u00bb8px\u00a0\u00bb background_size=\u00a0\u00bbinitial\u00a0\u00bb background_position=\u00a0\u00bbtop_left\u00a0\u00bb background_repeat=\u00a0\u00bbrepeat\u00a0\u00bb text_orientation=\u00a0\u00bbcenter\u00a0\u00bb module_alignment=\u00a0\u00bbcenter\u00a0\u00bb custom_padding=\u00a0\u00bb0px||0px||true|false\u00a0\u00bb custom_padding_tablet=\u00a0\u00bb\u00a0\u00bb custom_padding_phone=\u00a0\u00bb\u00a0\u00bb custom_padding_last_edited=\u00a0\u00bbon|desktop\u00a0\u00bb text_font_size_tablet=\u00a0\u00bb\u00a0\u00bb text_font_size_phone=\u00a0\u00bb30&Prime; text_font_size_last_edited=\u00a0\u00bbon|phone\u00a0\u00bb header_font_size_tablet=\u00a0\u00bb\u00a0\u00bb header_font_size_phone=\u00a0\u00bb\u00a0\u00bb header_font_size_last_edited=\u00a0\u00bbon|phone\u00a0\u00bb border_color=\u00a0\u00bb#cccccc\u00a0\u00bb border_style=\u00a0\u00bbsolid\u00a0\u00bb global_colors_info=\u00a0\u00bb{}\u00a0\u00bb]<\/p>\n<h2>Bondage vous rendra libre<\/h2>\n<p>[\/et_pb_text][\/et_pb_column][\/et_pb_row][\/et_pb_section][et_pb_section fb_built=\u00a0\u00bb1&Prime; fullwidth=\u00a0\u00bbon\u00a0\u00bb theme_builder_area=\u00a0\u00bbpost_content\u00a0\u00bb _builder_version=\u00a0\u00bb4.27.5&Prime; _module_preset=\u00a0\u00bbdefault\u00a0\u00bb][et_pb_fullwidth_image src=\u00a0\u00bbhttps:\/\/dominam.com\/wp-content\/uploads\/2025\/12\/dominatrice-bondage-a-paris-1.jpg\u00a0\u00bb _builder_version=\u00a0\u00bb4.27.5&Prime; _module_preset=\u00a0\u00bbdefault\u00a0\u00bb theme_builder_area=\u00a0\u00bbpost_content\u00a0\u00bb alt=\u00a0\u00bbdominatrice bondage a paris\u00a0\u00bb title_text=\u00a0\u00bbdominatrice bondage a paris\u00a0\u00bb hover_enabled=\u00a0\u00bb0&Prime; sticky_enabled=\u00a0\u00bb0&Prime;][\/et_pb_fullwidth_image][\/et_pb_section][et_pb_section fb_built=\u00a0\u00bb1&Prime; admin_label=\u00a0\u00bbsection\u00a0\u00bb _builder_version=\u00a0\u00bb4.16&Prime; background_color=\u00a0\u00bb#ffffff\u00a0\u00bb custom_margin=\u00a0\u00bb||-74px|||\u00a0\u00bb custom_padding=\u00a0\u00bb0px|||||\u00a0\u00bb transparent_background=\u00a0\u00bboff\u00a0\u00bb padding_mobile=\u00a0\u00bbon\u00a0\u00bb global_colors_info=\u00a0\u00bb{}\u00a0\u00bb][et_pb_row _builder_version=\u00a0\u00bb4.27.4&Prime; _module_preset=\u00a0\u00bbdefault\u00a0\u00bb global_colors_info=\u00a0\u00bb{}\u00a0\u00bb][et_pb_column type=\u00a0\u00bb4_4&Prime; _builder_version=\u00a0\u00bb4.27.4&Prime; _module_preset=\u00a0\u00bbdefault\u00a0\u00bb global_colors_info=\u00a0\u00bb{}\u00a0\u00bb][et_pb_text _builder_version=\u00a0\u00bb4.27.5&Prime; _module_preset=\u00a0\u00bbdefault\u00a0\u00bb hover_enabled=\u00a0\u00bb0&Prime; sticky_enabled=\u00a0\u00bb0&Prime;]<\/p>\n<p><span style=\"font-weight: 400;\">Parfois, souvent quand m\u00eame, vous ne tenez pas en place. Vous repassez votre liste de projets en boucle dans votre esprit. Vous ressassez cette conversation que vous avez eue, ou que vous devez avoir, en boucle. Vous vivez dans votre t\u00eate, et vous avez l\u2019impression de vivre enti\u00e8rement derri\u00e8re vos yeux et de contr\u00f4ler votre corps comme une entit\u00e9 distincte. Votre frustration sexuelle vient de votre incapacit\u00e9 \u00e0 d\u00e9tendre suffisamment votre esprit pour ressentir votre corps. Laissez une s\u00e9ance de bondage \u00e0 Paris \u00eatre votre chemin vers la connexion corps-esprit.<\/span><\/p>\n<p><span style=\"font-weight: 400;\">Perdre le contr\u00f4le de votre corps vous permet de retrouver vos sens, votre sexualit\u00e9 et l\u2019\u00e9rotisme du moment. Une stimulation tactile ou olfactive suppl\u00e9mentaire s\u2019ajoute \u00e0 votre excitation. D\u00e9sirez-vous la pression douce et ferme des cordes de chanvre ? Peut-\u00eatre que l\u2019intensit\u00e9 du latex press\u00e9 contre votre peau rehausse votre exp\u00e9rience ? Peut-\u00eatre que l\u2019id\u00e9e d\u2019une couverture \u00e9paisse et de l\u2019odeur puissante d\u2019un sac en cuir flotte dans vos r\u00eaves. Si cela ne suffit pas, colliers, menottes et casques m\u00e9talliques vous enferment dans la soumission.<\/span><\/p>\n<p><span style=\"font-weight: 400;\">Au d\u00e9but de la s\u00e9ance, votre esprit s\u2019emballe encore plus \u00e0 chaque nouvelle contrainte et tension \u2013 de plus en plus vite \u2013 jusqu\u2019\u00e0\u2026 Vous sombrez dans l\u2019impuissance. La zone fonctionnelle de votre cerveau accepte l\u2019impuissance et s\u2019\u00e9teint. Vous \u00eates toujours conscient, bien s\u00fbr, mais dans un \u00e9tat zen et pr\u00e9sent. Votre respiration et votre rythme cardiaque se rel\u00e2chent, et vous devenez tr\u00e8s, tr\u00e8s conscient de chaque centim\u00e8tre carr\u00e9 de votre corps.<\/span><\/p>\n<h2><span style=\"font-weight: 400;\">DOMINATRICE M, GR\u00c9EUSE DE BONDAGE<\/span><\/h2>\n<p><span style=\"font-weight: 400;\">J&rsquo;aime ouvrir cette partie de mon esprit. J\u2019utilise la reconnaissance spatiale de mon cerveau pour planifier l\u2019emplacement de chaque morceau de corde, de cuir, de latex ou de m\u00e9tal. \u00c0 partir de ce processus de r\u00e9flexion, je me connecte \u00e0 votre physique. J\u2019observe les r\u00e9actions de votre peau, votre respiration et vos r\u00e9ponses, et j\u2019en tiens compte pour chaque immobilisation.<\/span><span style=\"font-weight: 400;\"><\/span><\/p>\n<p><span style=\"font-weight: 400;\">Mon activit\u00e9 de bondage la plus accessible et la plus polyvalente est le travail de la corde. Je choisis g\u00e9n\u00e9ralement la corde de chanvre pour sa force et son toucher, mais j\u2019utilise \u00e9galement d\u2019autres cordes et foulards en fibres naturelles pour apporter un peu de fantaisie. Michel-Ange a sculpt\u00e9 ses sculptures en les faisant \u00e9merger du marbre, comme s\u2019il lib\u00e9rait les formes de l\u2019exc\u00e8s de marbre. J\u2019observe la fa\u00e7on dont votre corps bouge et se repose et je pose les cordes pour vous lib\u00e9rer de votre exc\u00e8s de charge mentale.<\/span><\/p>\n<h2><span style=\"font-weight: 400;\">PRIVATION SENSORIELLE\/SURCHARGE SENSORIELLE<\/span><\/h2>\n<p><span style=\"font-weight: 400;\">La privation et la surcharge peuvent sembler oppos\u00e9es, mais dans mes s\u00e9ances, il s\u2019agit d\u2019exp\u00e9riences s\u0153urs. Plus vous \u00eates limit\u00e9, plus vos autres sens s\u2019\u00e9veillent, ce qui renforce le lien entre le corps et l\u2019esprit. Dans ce type de s\u00e9ance, je me concentre sur vous et je consid\u00e8re chaque mouvement comme une s\u00e9duction qui vous am\u00e8ne plus loin dans la sc\u00e8ne. En ajoutant une sangle ici et en resserrant une corde l\u00e0, j\u2019observe votre corps qui r\u00e9v\u00e8le o\u00f9 il a le plus besoin d\u2019\u00eatre contr\u00f4l\u00e9 et je me jette dessus.<\/span><span style=\"font-weight: 400;\"><\/span><\/p>\n<p><span style=\"font-weight: 400;\">Au fur et \u00e0 mesure que je vous prive de votre capacit\u00e9 \u00e0 bouger ou \u00e0 vous d\u00e9battre, j\u2019ajoute des stimuli de plus en plus intenses. Je fais glisser des griffes m\u00e9talliques sur votre dos ou votre ventre. Je glisse un vibreur sur les parties sensibles qui d\u00e9passent des liens. J\u2019attache des \u00e9lectrodes \u00e0 la chair pi\u00e9g\u00e9e. Une machine \u00e0 traire glisse sur votre p\u00e9nis, vous excitant plus que vous ne pensez pouvoir supporter, mais vous \u00eates totalement impuissant \u00e0 faire quoi que ce soit d\u2019autre qu\u2019accepter votre sort. Il s\u2019agit d\u2019abord d\u2019une ou deux exp\u00e9riences sensorielles, puis elles s\u2019accumulent toutes jusqu\u2019\u00e0 ce que vous l\u00e2chiez tout ce qui se bouscule dans votre esprit.<\/span><span style=\"font-weight: 400;\"><\/span><\/p>\n<p>[\/et_pb_text][et_pb_button button_url=\u00a0\u00bbhttps:\/\/dominam.as.me\/?appointmentType=category:Paris%20F\u00a0\u00bb button_text=\u00a0\u00bbPLANIFIEZ VOTRE EXP\u00c9RIENCE BONDAGE \u00c0 PARIS\u00a0\u00bb button_alignment=\u00a0\u00bbcenter\u00a0\u00bb _builder_version=\u00a0\u00bb4.27.5&Prime; _module_preset=\u00a0\u00bb6a37cd9c-9a54-4f9d-ab9e-67393843dc8b\u00a0\u00bb button_text_color=\u00a0\u00bb#A66E6B\u00a0\u00bb button_bg_color=\u00a0\u00bb#E1B7B5&Prime; button_border_color=\u00a0\u00bbrgba(44,42,39,0.4)\u00a0\u00bb button_border_radius=\u00a0\u00bb43px\u00a0\u00bb hover_enabled=\u00a0\u00bb0&Prime; global_colors_info=\u00a0\u00bb{}\u00a0\u00bb sticky_enabled=\u00a0\u00bb0&Prime;][\/et_pb_button][et_pb_text _builder_version=\u00a0\u00bb4.27.5&Prime; _module_preset=\u00a0\u00bbdefault\u00a0\u00bb hover_enabled=\u00a0\u00bb0&Prime; sticky_enabled=\u00a0\u00bb0&Prime;]<\/p>\n<h2><span style=\"font-weight: 400;\">M\u00c9DITATION SUR BONDAGE \u00c0 PARIS<\/span><\/h2>\n<p><span style=\"font-weight: 400;\">De l\u2019autre c\u00f4t\u00e9 du spectre, il y a la sensation de flottement tranquille du bondage m\u00e9ditatif. Nous pouvons le faire ind\u00e9pendamment ou en conjonction avec une exp\u00e9rience sensorielle. Les sessions plus longues sont mieux adapt\u00e9es \u00e0 la m\u00e9ditation par le bondage. Comme pour une s\u00e9ance de Yin Yoga prolong\u00e9e, je vous attacherai dans une position s\u00fbre et vous laisserai l\u2019exp\u00e9rimenter plus longtemps afin que vous puissiez vous \u00e9loigner mentalement. Avant que vous ne soyez trop mal \u00e0 l\u2019aise ou que vous ne vous endormiez, j\u2019ajuste votre ligotage et votre position afin que vous puissiez exp\u00e9rimenter une m\u00e9thode diff\u00e9rente de libert\u00e9 mentale<\/span><\/p>\n<p>[\/et_pb_text][et_pb_image src=\u00a0\u00bbhttps:\/\/dominam.com\/wp-content\/uploads\/2025\/12\/bondage-en-cuir.jpg\u00a0\u00bb _builder_version=\u00a0\u00bb4.27.5&Prime; _module_preset=\u00a0\u00bbdefault\u00a0\u00bb alt=\u00a0\u00bbbondage en cuir\u00a0\u00bb title_text=\u00a0\u00bbbondage en cuir\u00a0\u00bb align=\u00a0\u00bbcenter\u00a0\u00bb hover_enabled=\u00a0\u00bb0&Prime; sticky_enabled=\u00a0\u00bb0&Prime;][\/et_pb_image][et_pb_blurb title=\u00a0\u00bb %22Elle n&rsquo;\u00e9tait plus libre ? Oui ! Dieu merci, elle n&rsquo;\u00e9tait plus libre. Mais elle \u00e9tait l\u00e9g\u00e8re, nymphe sur les nuages, poisson dans l&rsquo;eau, perdue dans le bonheur.%22&Prime; image=\u00a0\u00bbhttps:\/\/dominam.com\/wp-content\/uploads\/2025\/12\/dominatrice-bondage-a-paris.png\u00a0\u00bb _builder_version=\u00a0\u00bb4.27.5&Prime; _module_preset=\u00a0\u00bbdefault\u00a0\u00bb alt=\u00a0\u00bbdominatrice bondage a paris\u00a0\u00bb title_text=\u00a0\u00bbdominatrice bondage a paris\u00a0\u00bb hover_enabled=\u00a0\u00bb0&Prime; sticky_enabled=\u00a0\u00bb0&Prime;]<\/p>\n<p><i><span style=\"font-weight: 400;\">\u2013 Pauline R\u00e9age, Histoire d\u2019O<\/span><\/i><\/p>\n<p>[\/et_pb_blurb][et_pb_text _builder_version=\u00a0\u00bb4.27.5&Prime; _module_preset=\u00a0\u00bbdefault\u00a0\u00bb hover_enabled=\u00a0\u00bb0&Prime; sticky_enabled=\u00a0\u00bb0&Prime;]<\/p>\n<h2><span style=\"font-weight: 400;\">Les multiples chemins du bondage \u00e0 Paris:<\/span><\/h2>\n<h3><span style=\"font-weight: 400;\">SANGLES ET MENOTTES<\/span><\/h3>\n<p><span style=\"font-weight: 400;\">Simples, confortables et efficaces, les menottes et les sangles en cuir vous attachent \u00e0 quelque chose ou \u00e0 vous-m\u00eame. Elles font le travail et laissent souvent un acc\u00e8s suffisant au corps pour plusieurs types de jeux. Si vous voulez faire l\u2019exp\u00e9rience d\u2019un peu de bondage ou de beaucoup, mais rapidement, les sangles et les menottes sont une option parfaite.<\/span><\/p>\n<h3><span style=\"font-weight: 400;\">CAGOULES<\/span><\/h3>\n<p><span style=\"font-weight: 400;\">Placez le bout de vos doigts de chaque c\u00f4t\u00e9 de votre nez et sous vos yeux. Avec tr\u00e8s peu de pression et aucune restriction, vous vous sentez enferm\u00e9. Sans \u00eatre li\u00e9 ou contraint, vous vous sentez plus soumis et d\u00e9personnalis\u00e9. Vous \u00eates dans votre corps, mais il est en quelque sorte d\u00e9connect\u00e9 de vous. Il n\u2019en faut pas plus pour vous envelopper de lycra, de cuir ou de latex et vous plonger dans un \u00e9tat de bien-\u00eatre psychologique.<\/span><\/p>\n<h3><span style=\"font-weight: 400;\">B\u00c2ILLONS<\/span><\/h3>\n<p><span style=\"font-weight: 400;\">J\u2019utilise un \u00e9ventail de b\u00e2illons diff\u00e9rents pour des objectifs diff\u00e9rents, des b\u00e2illons \u00e0 boules, des b\u00e2illons \u00e0 mors, des b\u00e2illons dentaires, des b\u00e2illons \u00e0 p\u00e9nis, des b\u00e2illons \u00e0 entonnoir, des cordes et des foulards. Chacun poss\u00e8de des propri\u00e9t\u00e9s uniques en termes d\u2019exp\u00e9rience tactile, de repr\u00e9sentation psychologique et de rigidit\u00e9. Certains vous maintiennent grand ouvert pour que je puisse ins\u00e9rer ce qui me pla\u00eet dans votre bouche. D\u2019autres vous emp\u00eachent de parler ou de respirer sans mon accord. D\u2019autres vous bourrent la bouche parce que vous devez toujours \u00eatre stimul\u00e9 oralement.<\/span><\/p>\n<h3><span style=\"font-weight: 400;\">BANDEAUX POUR LES YEUX<\/span><\/h3>\n<p><span style=\"font-weight: 400;\">La suppression de la vue vous oblige \u00e0 vous concentrer sur vos autres sens et vous place directement dans l\u2019instant pr\u00e9sent. C\u2019est un moyen simple mais efficace pour vous aider \u00e0 entamer le processus de soumission \u00e0 mon \u00e9gard. Sans votre sens de la vue, vous \u00eates encore plus vuln\u00e9rable avec l\u2019anticipation nerveuse de ce qui pourrait ou non se produire ensuite. Vous n\u2019avez aucun moyen de savoir.<\/span><\/p>\n<h3><span style=\"font-weight: 400;\">HARNAIS<\/span><\/h3>\n<p><span style=\"font-weight: 400;\">Coll\u00e9 \u00e0 votre corps, le <a href=\"https:\/\/dominam.com\/fr\/tops-gear\/harnais-en-cuir-pour-le-bondage-par-suspension\/\">harnais<\/a> vous donne la sensation de restriction par lui-m\u00eame et peut ais\u00e9ment \u00eatre attach\u00e9 aux points d\u2019attache. G\u00e9n\u00e9ralement, il est en cuir. J\u2019ai aussi des harnais en latex ou je peux en faire facilement \u00e0 partir de corde.<\/span><\/p>\n<h3><span style=\"font-weight: 400;\">SHIBARI<\/span><\/h3>\n<p><span style=\"font-weight: 400;\">Le Shibari, qui signifie \u00ab attacher \u00bb en japonais, est une m\u00e9thode d\u2019immobilisation du corps \u00e0 la fois contraignante et magnifique. Diff\u00e9rentes attaches conviennent \u00e0 diff\u00e9rentes personnes, mais la suspension exige un certain niveau de forme physique et de souplesse. Vous pouvez faire l\u2019exp\u00e9rience de la beaut\u00e9 et de la restriction du Shibari\/Kinkabu, mais tout le monde ne peut pas faire l\u2019exp\u00e9rience de la suspension. Mon style s\u2019inspire des nombreux experts que j\u2019ai \u00e9tudi\u00e9s, de mes cours locaux et des \u201crope jams\u201d auxquelles j\u2019assiste.<\/span><\/p>\n<h3><span style=\"font-weight: 400;\">DEMOISELLE EN D\u00c9TRESSE STYLE DE BONDAGE OCCIDENTAL<\/span><\/h3>\n<p><span style=\"font-weight: 400;\">Tout comme Bettie Page, Penelope Pitstop et tous les clich\u00e9s de pin-up ou d\u2019enl\u00e8vement, le bondage \u00e0 l\u2019occidentale est une colonne de corde simple et confortable. Il est rapide, facile et efficace. Ce style de bondage a \u00e9t\u00e9 le premier que j\u2019ai appris avec Mistress Georgia il y a de nombreuses ann\u00e9es, et je l\u2019aime toujours.<\/span><\/p>\n<h3><span style=\"font-weight: 400;\">MOMIFICATION<\/span><\/h3>\n<p><span style=\"font-weight: 400;\">Vous pouvez \u00eatre envelopp\u00e9 de la t\u00eate aux pieds dans du film alimentaire et serr\u00e9 avec des ceintures en cuir, ce qui rajoute de la contrainte. Pour un f\u00e9tichiste, au lieu d\u2019un film, je pourrais utiliser une enveloppe en nylon. L\u2019avantage que je vois dans le bondage par momification est qu\u2019il est personnalisable. L\u2019enveloppe est unique \u00e0 votre type de corps. Je peux ouvrir la partie qui recouvre la partie du corps \u00e0 laquelle je veux acc\u00e9der.<\/span><\/p>\n<h3><span style=\"font-weight: 400;\">SACS DE BONDAGE<\/span><\/h3>\n<p><span style=\"font-weight: 400;\">Plus rapide et plus \u00e9labor\u00e9 que la momification, le sac de bondage vous enveloppe de sensations en cuir ou en latex. Les sacs de bondage haut de gamme ont des points d\u2019ouverture pour stimuler vos t\u00e9tons, vos organes g\u00e9nitaux et\/ou vos fesses. Je les aime aussi parce que je peux les resserrer progressivement ou m\u00eame vous suspendre.<\/span><\/p>\n<h3><span style=\"font-weight: 400;\">CAMISOLES DE FORCE<\/span><\/h3>\n<p><span style=\"font-weight: 400;\">Les camisoles de force, en toile, en cuir et en latex, lient compl\u00e8tement les bras tout en exposant les jambes pour la suspension ou d\u2019autres jeux. Peut-\u00eatre ont-ils des souvenirs d\u2019asiles dans des films ou des bandes dessin\u00e9es, et cela suscite chez vous des fantasmes tabous. Vous pouvez vous agiter dans tous les sens sans jamais pouvoir sortir.<\/span><\/p>\n<h3><span style=\"font-weight: 400;\">M\u00c9TAL<\/span><\/h3>\n<p><span style=\"font-weight: 400;\">Ne vous contentez pas des menottes bon march\u00e9 que vous voyez dans les films de perversit\u00e9 ; j\u2019utilise des entraves, des mitaines, des colliers et des casques en acier de haute qualit\u00e9. Ces dispositifs robustes sont bien con\u00e7us pour le confort \u2013 pas de bords tranchants, pas de pincement, mais ils ne sont pas pour les \u00e2mes sensibles. Vous serez compl\u00e8tement immobile.<\/span><\/p>\n<h3><span style=\"font-weight: 400;\">MISE EN CAGE<\/span><\/h3>\n<p><span style=\"font-weight: 400;\">Quel meilleur moyen d\u2019\u00eatre prisonnier de sa passion que d\u2019\u00eatre prisonnier de ma cage \u00e0 chiots ? Je peux vous faire reculer et vous enfermer dans le collier en m\u00e9tal. Vous serez sans d\u00e9fense et pr\u00eat \u00e0 \u00eatre taquin\u00e9, surtout si vous \u00eates f\u00e9tichiste des pieds.<\/span><\/p>\n<h3><span style=\"font-weight: 400;\">SUSPENSION<\/span><\/h3>\n<p><span style=\"font-weight: 400;\">Envolez-vous loin du monde banal. Apr\u00e8s des ann\u00e9es de pratique du bondage, je suis tout \u00e0 fait \u00e0 l\u2019aise pour vous soulever du sol et vous faire flotter dans la soumission. Le moyen le plus simple est ma \u00ab balan\u00e7oire assise \u00bb en cuir, qui ressemble \u00e0 un harnais de parachute. Je peux rendre cette option tr\u00e8s intense pour ceux qui veulent vivre cette exp\u00e9rience. Sinon, il y a les sacs mortuaires et la plateforme suspendue pour vous faire d\u00e9coller.<\/span><\/p>\n<h3><span style=\"font-weight: 400;\">VAC-BED<\/span><\/h3>\n<p><span style=\"font-weight: 400;\">Souvent sur la liste des choses \u00e0 faire, mais aussi trop intense pour \u00eatre support\u00e9 plus de 20 minutes, le VacBed est une ic\u00f4ne du bondage f\u00e9tichiste. Malheureusement, la plupart des VacBeds sont fragiles et doivent \u00eatre r\u00e9par\u00e9s \u2013 souvent. Veuillez v\u00e9rifier si le mien est op\u00e9rationnel si vous souhaitez le faire. Malheureusement, je ne l\u2019utilise que quelques fois avant que quelque chose ne se produise.<\/span><\/p>\n<p>[\/et_pb_text][et_pb_text _builder_version=\u00a0\u00bb4.27.5&Prime; _module_preset=\u00a0\u00bbdefault\u00a0\u00bb hover_enabled=\u00a0\u00bb0&Prime; global_colors_info=\u00a0\u00bb{}\u00a0\u00bb sticky_enabled=\u00a0\u00bb0&Prime;]<\/p>\n<h2>Pr\u00eat(e) \u00e0 explorer le bondage ?<\/h2>\n<p>[\/et_pb_text][et_pb_button button_url=\u00a0\u00bbhttps:\/\/dominam.as.me\/?appointmentType=category:Paris%20F\u00a0\u00bb button_text=\u00a0\u00bbSatisfaire vos curiosit\u00e9s  \u00a0\u00bb button_alignment=\u00a0\u00bbcenter\u00a0\u00bb _builder_version=\u00a0\u00bb4.27.4&Prime; _module_preset=\u00a0\u00bb6a37cd9c-9a54-4f9d-ab9e-67393843dc8b\u00a0\u00bb button_text_color=\u00a0\u00bb#A66E6B\u00a0\u00bb button_bg_color=\u00a0\u00bb#E1B7B5&Prime; button_border_color=\u00a0\u00bbrgba(44,42,39,0.4)\u00a0\u00bb button_border_radius=\u00a0\u00bb43px\u00a0\u00bb global_colors_info=\u00a0\u00bb{}\u00a0\u00bb][\/et_pb_button][\/et_pb_column][\/et_pb_row][\/et_pb_section]<\/p>\n","protected":false},"excerpt":{"rendered":"<p>Dominatrice Bondage \u00e0 ParisBondage vous rendra libreParfois, souvent quand m\u00eame, vous ne tenez pas en place. Vous repassez votre liste de projets en boucle dans votre esprit. Vous ressassez cette [&hellip;]<\/p>\n","protected":false},"author":2,"featured_media":0,"parent":0,"menu_order":0,"comment_status":"closed","ping_status":"closed","template":"","meta":{"_et_pb_use_builder":"on","_et_pb_old_content":"","_et_gb_content_width":"","footnotes":""},"class_list":["post-2338","page","type-page","status-publish","hentry"],"jetpack_sharing_enabled":true,"jetpack-related-posts":[],"_links":{"self":[{"href":"https:\/\/dominam.com\/fr\/wp-json\/wp\/v2\/pages\/2338","targetHints":{"allow":["GET"]}}],"collection":[{"href":"https:\/\/dominam.com\/fr\/wp-json\/wp\/v2\/pages"}],"about":[{"href":"https:\/\/dominam.com\/fr\/wp-json\/wp\/v2\/types\/page"}],"author":[{"embeddable":true,"href":"https:\/\/dominam.com\/fr\/wp-json\/wp\/v2\/users\/2"}],"replies":[{"embeddable":true,"href":"https:\/\/dominam.com\/fr\/wp-json\/wp\/v2\/comments?post=2338"}],"version-history":[{"count":21,"href":"https:\/\/dominam.com\/fr\/wp-json\/wp\/v2\/pages\/2338\/revisions"}],"predecessor-version":[{"id":6778,"href":"https:\/\/dominam.com\/fr\/wp-json\/wp\/v2\/pages\/2338\/revisions\/6778"}],"wp:attachment":[{"href":"https:\/\/dominam.com\/fr\/wp-json\/wp\/v2\/media?parent=2338"}],"curies":[{"name":"wp","href":"https:\/\/api.w.org\/{rel}","templated":true}]}}