{"id":6152,"date":"2025-05-04T14:27:39","date_gmt":"2025-05-04T12:27:39","guid":{"rendered":"https:\/\/dominam.com\/bdsm-donjon-a-paris\/"},"modified":"2025-12-10T20:25:32","modified_gmt":"2025-12-10T19:25:32","slug":"donjon-bdsm-a-paris","status":"publish","type":"page","link":"https:\/\/dominam.com\/fr\/donjon-bdsm-a-paris\/","title":{"rendered":"Donjon BDSM \u00e0 Paris"},"content":{"rendered":"<p>[et_pb_section fb_built=\u00a0\u00bb1&Prime; theme_builder_area=\u00a0\u00bbpost_content\u00a0\u00bb _builder_version=\u00a0\u00bb4.27.5&Prime; _module_preset=\u00a0\u00bbdefault\u00a0\u00bb][et_pb_row use_custom_gutter=\u00a0\u00bbon\u00a0\u00bb gutter_width=\u00a0\u00bb1&Prime; make_equal=\u00a0\u00bbon\u00a0\u00bb column_padding_mobile=\u00a0\u00bbon\u00a0\u00bb custom_padding_last_edited=\u00a0\u00bbon|phone\u00a0\u00bb admin_label=\u00a0\u00bbRow\u00a0\u00bb _builder_version=\u00a0\u00bb4.21.0&Prime; background_color=\u00a0\u00bb#E9E8E9&Prime; background_size=\u00a0\u00bbinitial\u00a0\u00bb background_position=\u00a0\u00bbtop_left\u00a0\u00bb background_repeat=\u00a0\u00bbrepeat\u00a0\u00bb width=\u00a0\u00bb100%\u00a0\u00bb max_width=\u00a0\u00bb2560px\u00a0\u00bb module_alignment=\u00a0\u00bbcenter\u00a0\u00bb custom_padding=\u00a0\u00bb60px||40px||false|\u00a0\u00bb custom_padding_tablet=\u00a0\u00bb70px||50px||false|false\u00a0\u00bb custom_padding_phone=\u00a0\u00bb||30px||false|false\u00a0\u00bb global_colors_info=\u00a0\u00bb{}\u00a0\u00bb theme_builder_area=\u00a0\u00bbpost_content\u00a0\u00bb][et_pb_column type=\u00a0\u00bb4_4&Prime; _builder_version=\u00a0\u00bb4.16&Prime; custom_padding=\u00a0\u00bb|||\u00a0\u00bb global_colors_info=\u00a0\u00bb{}\u00a0\u00bb custom_padding__hover=\u00a0\u00bb|||\u00a0\u00bb theme_builder_area=\u00a0\u00bbpost_content\u00a0\u00bb][et_pb_text admin_label=\u00a0\u00bbHeading\u00a0\u00bb _builder_version=\u00a0\u00bb4.27.4&Prime; text_font=\u00a0\u00bbPlayfair Display||||\u00a0\u00bb text_font_size=\u00a0\u00bb45&Prime; text_letter_spacing=\u00a0\u00bb2px\u00a0\u00bb header_font=\u00a0\u00bb|300|||||||\u00a0\u00bb header_font_size=\u00a0\u00bb45px\u00a0\u00bb header_2_font=\u00a0\u00bb|300||on|||||\u00a0\u00bb header_2_text_color=\u00a0\u00bb#915a57&Prime; header_2_font_size=\u00a0\u00bb37px\u00a0\u00bb header_2_letter_spacing=\u00a0\u00bb4px\u00a0\u00bb background_size=\u00a0\u00bbinitial\u00a0\u00bb background_position=\u00a0\u00bbtop_left\u00a0\u00bb background_repeat=\u00a0\u00bbrepeat\u00a0\u00bb text_orientation=\u00a0\u00bbcenter\u00a0\u00bb module_alignment=\u00a0\u00bbcenter\u00a0\u00bb custom_padding=\u00a0\u00bb|||\u00a0\u00bb custom_padding_tablet=\u00a0\u00bb\u00a0\u00bb custom_padding_phone=\u00a0\u00bb\u00a0\u00bb custom_padding_last_edited=\u00a0\u00bbon|desktop\u00a0\u00bb text_font_size_tablet=\u00a0\u00bb\u00a0\u00bb text_font_size_phone=\u00a0\u00bb30&Prime; text_font_size_last_edited=\u00a0\u00bbon|phone\u00a0\u00bb header_font_size_tablet=\u00a0\u00bb\u00a0\u00bb header_font_size_phone=\u00a0\u00bb\u00a0\u00bb header_font_size_last_edited=\u00a0\u00bbon|phone\u00a0\u00bb border_color=\u00a0\u00bb#cccccc\u00a0\u00bb border_style=\u00a0\u00bbsolid\u00a0\u00bb global_colors_info=\u00a0\u00bb{}\u00a0\u00bb theme_builder_area=\u00a0\u00bbpost_content\u00a0\u00bb]<\/p>\n<h1>Donjon BDSM priv\u00e9<\/h1>\n<p>[\/et_pb_text][et_pb_divider color=\u00a0\u00bb#FFFFFF\u00a0\u00bb divider_weight=\u00a0\u00bb1px\u00a0\u00bb admin_label=\u00a0\u00bbDivider\u00a0\u00bb _builder_version=\u00a0\u00bb4.21.0&Prime; max_width=\u00a0\u00bb100px\u00a0\u00bb module_alignment=\u00a0\u00bbcenter\u00a0\u00bb custom_padding=\u00a0\u00bb10px||0px||false|false\u00a0\u00bb custom_padding_tablet=\u00a0\u00bb10px||0px||false|false\u00a0\u00bb custom_padding_phone=\u00a0\u00bb10px||0px||false|false\u00a0\u00bb custom_padding_last_edited=\u00a0\u00bbon|desktop\u00a0\u00bb custom_css_main_element=\u00a0\u00bbmargin:0 auto;||||\u00a0\u00bb hide_on_mobile=\u00a0\u00bboff\u00a0\u00bb global_colors_info=\u00a0\u00bb{}\u00a0\u00bb theme_builder_area=\u00a0\u00bbpost_content\u00a0\u00bb][\/et_pb_divider][et_pb_text admin_label=\u00a0\u00bbHeading\u00a0\u00bb _builder_version=\u00a0\u00bb4.27.4&Prime; text_font=\u00a0\u00bbPlayfair Display||||\u00a0\u00bb text_font_size=\u00a0\u00bb45&Prime; text_letter_spacing=\u00a0\u00bb2px\u00a0\u00bb header_font=\u00a0\u00bb|300|||||||\u00a0\u00bb header_text_color=\u00a0\u00bb#A54A43&Prime; header_font_size=\u00a0\u00bb24px\u00a0\u00bb header_letter_spacing=\u00a0\u00bb8px\u00a0\u00bb background_size=\u00a0\u00bbinitial\u00a0\u00bb background_position=\u00a0\u00bbtop_left\u00a0\u00bb background_repeat=\u00a0\u00bbrepeat\u00a0\u00bb text_orientation=\u00a0\u00bbcenter\u00a0\u00bb module_alignment=\u00a0\u00bbcenter\u00a0\u00bb custom_padding=\u00a0\u00bb0px||0px||true|false\u00a0\u00bb custom_padding_tablet=\u00a0\u00bb\u00a0\u00bb custom_padding_phone=\u00a0\u00bb\u00a0\u00bb custom_padding_last_edited=\u00a0\u00bbon|desktop\u00a0\u00bb text_font_size_tablet=\u00a0\u00bb\u00a0\u00bb text_font_size_phone=\u00a0\u00bb30&Prime; text_font_size_last_edited=\u00a0\u00bbon|phone\u00a0\u00bb header_font_size_tablet=\u00a0\u00bb\u00a0\u00bb header_font_size_phone=\u00a0\u00bb\u00a0\u00bb header_font_size_last_edited=\u00a0\u00bbon|phone\u00a0\u00bb border_color=\u00a0\u00bb#cccccc\u00a0\u00bb border_style=\u00a0\u00bbsolid\u00a0\u00bb global_colors_info=\u00a0\u00bb{}\u00a0\u00bb theme_builder_area=\u00a0\u00bbpost_content\u00a0\u00bb]<\/p>\n<h2>Studio X\u00e8me<\/h2>\n<p>[\/et_pb_text][\/et_pb_column][\/et_pb_row][\/et_pb_section][et_pb_section fb_built=\u00a0\u00bb1&Prime; fullwidth=\u00a0\u00bbon\u00a0\u00bb theme_builder_area=\u00a0\u00bbpost_content\u00a0\u00bb _builder_version=\u00a0\u00bb4.27.5&Prime; _module_preset=\u00a0\u00bbdefault\u00a0\u00bb][et_pb_fullwidth_image src=\u00a0\u00bbhttps:\/\/dominam.com\/wp-content\/uploads\/2025\/12\/bdsm-studio-xeme.jpg\u00a0\u00bb _builder_version=\u00a0\u00bb4.27.5&Prime; _module_preset=\u00a0\u00bbdefault\u00a0\u00bb theme_builder_area=\u00a0\u00bbpost_content\u00a0\u00bb alt=\u00a0\u00bbbdsm studio xeme\u00a0\u00bb title_text=\u00a0\u00bbbdsm studio xeme\u00a0\u00bb hover_enabled=\u00a0\u00bb0&Prime; sticky_enabled=\u00a0\u00bb0&Prime;][\/et_pb_fullwidth_image][\/et_pb_section][et_pb_section fb_built=\u00a0\u00bb1&Prime; admin_label=\u00a0\u00bbsection\u00a0\u00bb _builder_version=\u00a0\u00bb4.16&Prime; background_color=\u00a0\u00bb#ffffff\u00a0\u00bb min_height=\u00a0\u00bb2548.5px\u00a0\u00bb custom_padding=\u00a0\u00bb0px||14px|||\u00a0\u00bb transparent_background=\u00a0\u00bboff\u00a0\u00bb padding_mobile=\u00a0\u00bbon\u00a0\u00bb global_colors_info=\u00a0\u00bb{}\u00a0\u00bb][et_pb_row column_padding_mobile=\u00a0\u00bbon\u00a0\u00bb disabled_on=\u00a0\u00bboff|off|off\u00a0\u00bb admin_label=\u00a0\u00bbrow\u00a0\u00bb _builder_version=\u00a0\u00bb4.27.4&Prime; background_size=\u00a0\u00bbinitial\u00a0\u00bb background_position=\u00a0\u00bbtop_left\u00a0\u00bb background_repeat=\u00a0\u00bbrepeat\u00a0\u00bb width=\u00a0\u00bb100%\u00a0\u00bb custom_padding=\u00a0\u00bb0px||0px||false|false\u00a0\u00bb global_colors_info=\u00a0\u00bb{}\u00a0\u00bb][et_pb_column type=\u00a0\u00bb4_4&Prime; _builder_version=\u00a0\u00bb4.16&Prime; custom_padding=\u00a0\u00bb|||\u00a0\u00bb global_colors_info=\u00a0\u00bb{}\u00a0\u00bb custom_padding__hover=\u00a0\u00bb|||\u00a0\u00bb][et_pb_divider _builder_version=\u00a0\u00bb4.27.4&Prime; _module_preset=\u00a0\u00bbdefault\u00a0\u00bb global_colors_info=\u00a0\u00bb{}\u00a0\u00bb][\/et_pb_divider][et_pb_blurb title=\u00a0\u00bbL&rsquo;homme est le moins lui-m\u00eame lorsqu&rsquo;il parle en son nom propre. Donnez-lui un masque, et il vous dira la v\u00e9rit\u00e9.\u00a0\u00bb image=\u00a0\u00bbhttps:\/\/dominam.com\/wp-content\/uploads\/2025\/12\/Donjon-bdsm.png\u00a0\u00bb _builder_version=\u00a0\u00bb4.27.5&Prime; _module_preset=\u00a0\u00bbdefault\u00a0\u00bb alt=\u00a0\u00bbDonjon bdsm\u00a0\u00bb title_text=\u00a0\u00bbDonjon bdsm\u00a0\u00bb hover_enabled=\u00a0\u00bb0&Prime; sticky_enabled=\u00a0\u00bb0&Prime;]<\/p>\n<p><i><span style=\"font-weight: 400;\">\u2013Oscar Wilde<\/span><\/i><\/p>\n<p>[\/et_pb_blurb][et_pb_text admin_label=\u00a0\u00bbParagraph\u00a0\u00bb _builder_version=\u00a0\u00bb4.27.5&Prime; text_font=\u00a0\u00bb||||||||\u00a0\u00bb text_letter_spacing=\u00a0\u00bb1px\u00a0\u00bb background_size=\u00a0\u00bbinitial\u00a0\u00bb background_position=\u00a0\u00bbtop_left\u00a0\u00bb background_repeat=\u00a0\u00bbrepeat\u00a0\u00bb custom_padding=\u00a0\u00bb||2px|||\u00a0\u00bb hover_enabled=\u00a0\u00bb0&Prime; text_letter_spacing_tablet=\u00a0\u00bb0px\u00a0\u00bb text_letter_spacing_phone=\u00a0\u00bb\u00a0\u00bb text_letter_spacing_last_edited=\u00a0\u00bbon|tablet\u00a0\u00bb use_border_color=\u00a0\u00bboff\u00a0\u00bb border_color=\u00a0\u00bb#ffffff\u00a0\u00bb border_style=\u00a0\u00bbsolid\u00a0\u00bb global_colors_info=\u00a0\u00bb{}\u00a0\u00bb sticky_enabled=\u00a0\u00bb0&Prime;]<\/p>\n<p><span style=\"font-weight: 400;\">Ai-je besoin d\u2019un donjon BDSM ? Absolument pas. Je domine les esprits, et tout le reste n\u2019est que bonus. Le BDSM est avant tout un jeu mental, et je suis une ma\u00eetresse c\u00e9r\u00e9brale dont le seul but est de vous manipuler. Mais bon\u2026 . . Est-il plus amusant d\u2019utiliser un donjon enti\u00e8rement \u00e9quip\u00e9 ? Oui. Oh mon Dieu, oui.<\/span><\/p>\n<p><span style=\"font-weight: 400;\">Mon donjon est petit, mais j\u2019en tire le meilleur parti, chaque meuble ayant plusieurs fonctions. Pour \u00eatre honn\u00eate, je n\u2019ai pas non plus de place pour des jouets f\u00e9tichistes m\u00e9diocres. J\u2019abandonne les pinces \u00e0 t\u00e9tons bon march\u00e9 au profit de jouets plus durables et de meilleure qualit\u00e9. Je ne connais que trop bien l\u2019achat impulsif d\u2019un jouet BDSM en d\u00e9stockage, pour ensuite le voir d\u00e9p\u00e9rir et occuper de la place au fond d\u2019un tiroir, rendant probablement plus difficile l\u2019acc\u00e8s \u00e0 l\u2019objet que je souhaite r\u00e9ellement utiliser.<\/span><\/p>\n<p><span style=\"font-weight: 400;\">Cela dit, j\u2019ajoute constamment des objets \u00e0 ma collection et j\u2019ai renonc\u00e9 \u00e0 mes longs rideaux bleus pour faire place \u00e0 des pinces, des \u00e9tag\u00e8res et des rayonnages d\u2019objets amusants \u00e0 port\u00e9e de main.<\/span><\/p>\n<p><span style=\"font-weight: 400;\">Si vous envisagez de louer le donjon seul, vous pouvez le faire sur <\/span><a href=\"https:\/\/bdsmloveroom.com\" target=\"_blank\" rel=\"noopener\">BDSMLoveroom.com<\/a><\/p>\n<p>[\/et_pb_text][et_pb_text _builder_version=\u00a0\u00bb4.27.5&Prime; _module_preset=\u00a0\u00bbdefault\u00a0\u00bb hover_enabled=\u00a0\u00bb0&Prime; global_colors_info=\u00a0\u00bb{}\u00a0\u00bb sticky_enabled=\u00a0\u00bb0&Prime;]<\/p>\n<h2>Mobilier et \u00e9quipement BDSM<\/h2>\n<p>[\/et_pb_text][et_pb_image src=\u00a0\u00bbhttps:\/\/dominam.com\/wp-content\/uploads\/2025\/12\/plateforme.jpg\u00a0\u00bb alt=\u00a0\u00bbplateforme bondage\u00a0\u00bb title_text=\u00a0\u00bbplateforme bondage\u00a0\u00bb url=\u00a0\u00bbhttps:\/\/dominam.com\/fr\/tops-gear\/plate-forme-de-bondage-bdsm\/\u00a0\u00bb _builder_version=\u00a0\u00bb4.27.5&Prime; _module_preset=\u00a0\u00bbdefault\u00a0\u00bb hover_enabled=\u00a0\u00bb0&Prime; global_colors_info=\u00a0\u00bb{}\u00a0\u00bb align=\u00a0\u00bbcenter\u00a0\u00bb sticky_enabled=\u00a0\u00bb0&Prime;][\/et_pb_image][et_pb_text _builder_version=\u00a0\u00bb4.27.5&Prime; _module_preset=\u00a0\u00bbdefault\u00a0\u00bb hover_enabled=\u00a0\u00bb0&Prime; global_colors_info=\u00a0\u00bb{}\u00a0\u00bb sticky_enabled=\u00a0\u00bb0&Prime;]<\/p>\n<h3><span style=\"font-weight: 400;\">Plateforme de bondage <\/span><\/h3>\n<p><span style=\"font-weight: 400;\">Cette plateforme de bondage incroyablement polyvalente, ici repr\u00e9sent\u00e9e en forme de croix de Saint-Andr\u00e9, sert \u00e9galement de planche de pi\u00e9tinement, de table d\u2019examen suspendue, de table de traite, et bien plus encore. Vous pouvez d\u00e9couvrir certaines de mes configurations habituelles dans mon article \u00ab <a href=\"https:\/\/dominam.com\/fr\/tops-gear\/plateforme-de-bondage-bdsm\/\">Top\u2019s Gear donjon<\/a> \u00bb consacr\u00e9 \u00e0 cette pi\u00e8ce.<\/span><\/p>\n<p>[\/et_pb_text][et_pb_image src=\u00a0\u00bbhttps:\/\/dominam.com\/wp-content\/uploads\/2025\/12\/cage.jpg\u00a0\u00bb alt=\u00a0\u00bbcage\u00a0\u00bb title_text=\u00a0\u00bbcage\u00a0\u00bb url=\u00a0\u00bbhttps:\/\/dominam.com\/fr\/tops-gear\/cage-de-bondage\/\u00a0\u00bb _builder_version=\u00a0\u00bb4.27.5&Prime; _module_preset=\u00a0\u00bbdefault\u00a0\u00bb hover_enabled=\u00a0\u00bb0&Prime; global_colors_info=\u00a0\u00bb{}\u00a0\u00bb align=\u00a0\u00bbcenter\u00a0\u00bb sticky_enabled=\u00a0\u00bb0&Prime;][\/et_pb_image][et_pb_text _builder_version=\u00a0\u00bb4.27.5&Prime; _module_preset=\u00a0\u00bbdefault\u00a0\u00bb hover_enabled=\u00a0\u00bb0&Prime; global_colors_info=\u00a0\u00bb{}\u00a0\u00bb sticky_enabled=\u00a0\u00bb0&Prime;]<\/p>\n<h3><span style=\"font-weight: 400;\">Cage de couchage<\/span><\/h3>\n<p><span style=\"font-weight: 400;\">Vous souhaitez d\u00e9couvrir ma cage de couchage int\u00e9grale avec table de soins rembourr\u00e9e et support de cou en m\u00e9tal ? Vous trouverez bien plus d\u2019informations dans cet article de <\/span><a href=\"https:\/\/dominam.com\/fr\/tops-gear\/cage-de-bondage\/\">blog sur les cages en acier<\/a>.<\/p>\n<p>[\/et_pb_text][et_pb_image src=\u00a0\u00bbhttps:\/\/dominam.com\/wp-content\/uploads\/2025\/12\/gynoswing-suspendu.jpg\u00a0\u00bb alt=\u00a0\u00bbChaise gyn\u00e9cologique LoveBoard avec accessoires de machine \u00e0 traire et bondage lourd.\u00a0\u00bb title_text=\u00a0\u00bbChaise gyn\u00e9cologique\u00a0\u00bb url=\u00a0\u00bbhttps:\/\/dominam.com\/fr\/tops-gear\/quest-ce-quun-loveboard-gyno-swing\/\u00a0\u00bb _builder_version=\u00a0\u00bb4.27.5&Prime; _module_preset=\u00a0\u00bbdefault\u00a0\u00bb hover_enabled=\u00a0\u00bb0&Prime; global_colors_info=\u00a0\u00bb{}\u00a0\u00bb align=\u00a0\u00bbcenter\u00a0\u00bb sticky_enabled=\u00a0\u00bb0&Prime;][\/et_pb_image][et_pb_text _builder_version=\u00a0\u00bb4.27.5&Prime; _module_preset=\u00a0\u00bbdefault\u00a0\u00bb hover_enabled=\u00a0\u00bb0&Prime; global_colors_info=\u00a0\u00bb{}\u00a0\u00bb sticky_enabled=\u00a0\u00bb0&Prime;]<\/p>\n<h3><span style=\"font-weight: 400;\">Balan\u00e7oire Gyn\u00e9cologique<\/span><\/h3>\n<p><span style=\"font-weight: 400;\">Ma derni\u00e8re acquisition pour le Studio X\u00e8me est la LoveBoard d\u2019<a href=\"https:\/\/eviltoys.de\" target=\"_blank\" rel=\"noopener\">EvilToys<\/a>. Cette balan\u00e7oire gyn\u00e9cologique pousse le bondage et le plaisir forc\u00e9 \u00e0 un niveau sup\u00e9rieur gr\u00e2ce \u00e0 son syst\u00e8me de verrouillage de la t\u00eate et ses accessoires : F-Machine, vibromasseur et machine \u00e0 traire Tremblr. J\u2019en ai parl\u00e9 sur mon <a href=\"https:\/\/dominam.com\/fr\/this-week-tied-together\/loveboard-gynoswing\/\">blog de Femdom<\/a> d\u00e8s sa r\u00e9ception.<\/span><\/p>\n<p>[\/et_pb_text][et_pb_image src=\u00a0\u00bbhttps:\/\/dominam.com\/wp-content\/uploads\/2025\/12\/suspendu.jpg\u00a0\u00bb alt=\u00a0\u00bbStructure de suspension en m\u00e9tal massif dans le donjon parisien de Domina M\u00a0\u00bb title_text=\u00a0\u00bbStructure de suspension\u00a0\u00bb url=\u00a0\u00bbhttps:\/\/dominam.com\/fr\/tops-gear\/bondage-suspension\/\u00a0\u00bb _builder_version=\u00a0\u00bb4.27.5&Prime; _module_preset=\u00a0\u00bbdefault\u00a0\u00bb hover_enabled=\u00a0\u00bb0&Prime; global_colors_info=\u00a0\u00bb{}\u00a0\u00bb align=\u00a0\u00bbcenter\u00a0\u00bb sticky_enabled=\u00a0\u00bb0&Prime;][\/et_pb_image][et_pb_text _builder_version=\u00a0\u00bb4.27.5&Prime; _module_preset=\u00a0\u00bbdefault\u00a0\u00bb hover_enabled=\u00a0\u00bb0&Prime; global_colors_info=\u00a0\u00bb{}\u00a0\u00bb sticky_enabled=\u00a0\u00bb0&Prime;]<\/p>\n<h3><span style=\"font-weight: 400;\">Syst\u00e8me de Suspension en Acier<\/span><\/h3>\n<p><span style=\"font-weight: 400;\">Voici mon impressionnant syst\u00e8me de suspension en acier, pr\u00e9sent\u00e9 ici avec mon si\u00e8ge suspendu en cuir pour une suspension rapide et robuste. Vous trouverez d\u2019autres possibilit\u00e9s de suspension dans mon article de <a href=\"https:\/\/dominam.com\/fr\/tops-gear\/bondage-suspension\/\">blog sur les syst\u00e8mes de bondage en acier<\/a>.<\/span><\/p>\n<p>[\/et_pb_text][et_pb_image src=\u00a0\u00bbhttps:\/\/dominam.com\/wp-content\/uploads\/2025\/12\/banc-avec-menuets.jpg\u00a0\u00bb alt=\u00a0\u00bbLe lieu ultime pour le pegging, la traite, la fess\u00e9e, le gode-ceinture et le bondage\u00a0\u00bb title_text=\u00a0\u00bbbanc\u00a0\u00bb url=\u00a0\u00bbhttps:\/\/dominam.com\/fr\/this-week-tied-together-fr\/mon-banc-de-fessee\/\u00a0\u00bb _builder_version=\u00a0\u00bb4.27.5&Prime; _module_preset=\u00a0\u00bbdefault\u00a0\u00bb hover_enabled=\u00a0\u00bb0&Prime; global_colors_info=\u00a0\u00bb{}\u00a0\u00bb align=\u00a0\u00bbcenter\u00a0\u00bb sticky_enabled=\u00a0\u00bb0&Prime;][\/et_pb_image][et_pb_text _builder_version=\u00a0\u00bb4.27.4&Prime; _module_preset=\u00a0\u00bbdefault\u00a0\u00bb hover_enabled=\u00a0\u00bb0&Prime; global_colors_info=\u00a0\u00bb{}\u00a0\u00bb sticky_enabled=\u00a0\u00bb0&Prime;]<\/p>\n<p>Le banc de fess\u00e9e Dominator est bien plus qu&rsquo;un simple banc de fess\u00e9e. C&rsquo;est le nec plus ultra en mati\u00e8re de fess\u00e9e, de pegging, de machine \u00e0 f, de traite, d&rsquo;edging et de bondage complet. J&rsquo;\u00e9tais tellement excit\u00e9e \u00e0 sa r\u00e9ception que <a href=\"https:\/\/dominam.com\/fr\/this-week-tied-together-fr\/mon-banc-de-fessee\/\">j&rsquo;ai film\u00e9 le d\u00e9ballage et partag\u00e9 la vid\u00e9o de son arriv\u00e9e<\/a>.  <\/p>\n<p>[\/et_pb_text][et_pb_text _builder_version=\u00a0\u00bb4.27.5&Prime; _module_preset=\u00a0\u00bbdefault\u00a0\u00bb hover_enabled=\u00a0\u00bb0&Prime; sticky_enabled=\u00a0\u00bb0&Prime;]<\/p>\n<h2><span style=\"font-weight: 400;\">Ambiance de donjon BDSM<\/span><\/h2>\n<p><span style=\"font-weight: 400;\">Lorsque vous entrez, mon espace est un cocon surr\u00e9aliste et pervers qui vous d\u00e9soriente et vous r\u00e9conforte \u00e0 la fois. Je pr\u00e9f\u00e8re les \u00e9clairages LED diffus que je peux intensifier ou att\u00e9nuer \u00e0 ma guise, en optant souvent pour une lueur bleu clair, mais d\u2019autres couleurs peuvent me plaire. Mes playlists musicales sont des paysages sonores de musique classique et de piano moderne, qui vous apaisent et vous stimulent \u00e0 la fois. Mon choix musical est destin\u00e9 \u00e0 vous faire vivre l\u2019instant pr\u00e9sent mais aussi \u00e0 vous accompagner en dehors du studio BDSM. Les refrains classiques jou\u00e9s n\u00e9gligemment dans le monde ext\u00e9rieur vous ram\u00e8neront \u00e0 notre temps pass\u00e9 ensemble.<\/span><\/p>\n<p><span style=\"font-weight: 400;\">Lorsque je cr\u00e9e un espace de jeu de type donjon, mon objectif principal est de vous donner l\u2019impression d\u2019\u00eatre dans un monde diff\u00e9rent. Cela donne un sentiment tangible que vous n\u2019\u00eates pas dans la vie normale et ennuyeuse de l\u2019ext\u00e9rieur. Dans cette incarnation de mon donjon, j\u2019ai fortement utilis\u00e9 la forme hexagonale pour faciliter la fluidit\u00e9 des mouvements, en permettant aux miroirs d\u2019\u00eatre positionn\u00e9s l\u00e0 o\u00f9 j\u2019en ai besoin, \u00e0 l\u2019insonorisation d\u2019\u00eatre l\u00e0 o\u00f9 j\u2019en ai besoin, et \u00e0 l\u2019\u00e9clairage diffus d\u2019\u00eatre l\u00e0 o\u00f9 j\u2019en ai besoin. Lors de la cr\u00e9ation de cet espace, je l\u2019ai appel\u00e9 mon \u00ab jardin zen de science-fiction avec des rivi\u00e8res de r\u00e9flexion \u00bb. Je me suis amus\u00e9 \u00e0 le construire. Je m\u2019amuse encore plus \u00e0 l\u2019utiliser.<\/span><\/p>\n<h2><span style=\"font-weight: 400;\">Protocoles de nettoyage<\/span><\/h2>\n<p><span style=\"font-weight: 400;\">Je couvre tous les objets \u00e0 ins\u00e9rer avec des pr\u00e9servatifs ou d\u2019autres barri\u00e8res, et des sous-v\u00eatements absorbants sont utilis\u00e9s pour recueillir les fluides, le lubrifiant ou le spray de brillance du latex, ce qui constitue la premi\u00e8re \u00e9tape de la d\u00e9sinfection du donjon. M\u00eame apr\u00e8s toutes ces pr\u00e9cautions, je st\u00e9rilise tous les objets apr\u00e8s usage. Tous les meubles peuvent supporter un d\u00e9sinfectant industriel tout en gardant leur aspect neuf. Le sol est recouvert de lourds tapis en caoutchouc qui m\u00e9nagent les genoux et permettent d\u2019assainir le donjon apr\u00e8s la s\u00e9ance.<\/span><\/p>\n<p><span style=\"font-weight: 400;\">Je nettoie personnellement chaque surface selon une m\u00e9thode de nettoyage rigoureuse et adapt\u00e9e \u00e0 chaque mat\u00e9riau : lingettes d\u00e9sinfectantes, savon antibact\u00e9rien et traitements antiviraux. Je place tous les jouets en silicone dans un nettoyeur \u00e0 ultrasons. Ce protocole de d\u00e9sinfection strict a \u00e9t\u00e9 mis au point pour moi par un \u00e9minent sp\u00e9cialiste des maladies infectieuses et surpasse les normes hospitali\u00e8res. J\u2019ai d\u00e9taill\u00e9 <a href=\"https:\/\/dominam.com\/fr\/demandez-a-m\/nettoyer-les-jouets-bdsm\/\">mes proc\u00e9dures de nettoyage du donjon sur mon blog<\/a>.<\/span><\/p>\n<p>.<\/p>\n<p>[\/et_pb_text][et_pb_image src=\u00a0\u00bbhttps:\/\/dominam.com\/wp-content\/uploads\/2025\/12\/salle-de-bain.jpg\u00a0\u00bb _builder_version=\u00a0\u00bb4.27.5&Prime; _module_preset=\u00a0\u00bbdefault\u00a0\u00bb alt=\u00a0\u00bbSalle de bains\u00a0\u00bb title_text=\u00a0\u00bbsalle de bain\u00a0\u00bb align=\u00a0\u00bbcenter\u00a0\u00bb hover_enabled=\u00a0\u00bb0&Prime; sticky_enabled=\u00a0\u00bb0&Prime;][\/et_pb_image][et_pb_text _builder_version=\u00a0\u00bb4.27.5&Prime; _module_preset=\u00a0\u00bbdefault\u00a0\u00bb hover_enabled=\u00a0\u00bb0&Prime; sticky_enabled=\u00a0\u00bb0&Prime;]<\/p>\n<h2><span style=\"font-weight: 400;\">Salle de bain et dressing<\/span><\/h2>\n<p><span style=\"font-weight: 400;\">En compl\u00e9ment de ma salle de jeux \u00e9labor\u00e9e, il y a des installations pour vous aider \u00e0 faire la transition entre l\u2019ext\u00e9rieur et les mondes magiques et \u00e9ph\u00e9m\u00e8res que nous cr\u00e9ons dans mon espace de jeux. Si vous voulez, un \u00ab Air-Lock \u00bb, o\u00f9 vous pouvez vous d\u00e9barrasser de votre peau de la mondanit\u00e9 et vous doucher pour revenir doucement sur terre apr\u00e8s vos moments dans le \u00ab sub-espace \u00bb.<\/span><\/p>\n<ul>\n<li><span style=\"font-weight: 400;\">Bidet japonais (un d\u00e9lice d\u2019hygi\u00e8ne)<\/span><\/li>\n<li><span style=\"font-weight: 400;\">Douche<\/span><\/li>\n<li><span style=\"font-weight: 400;\">Serviettes fra\u00eeches<\/span><\/li>\n<li><span style=\"font-weight: 400;\">Savon, shampoing et apr\u00e8s-shampoing hypoallerg\u00e9niques<\/span><\/li>\n<li><span style=\"font-weight: 400;\">Brosse \u00e0 dents jetable<\/span><\/li>\n<li><span style=\"font-weight: 400;\">Rince-bouche<\/span><\/li>\n<li><span style=\"font-weight: 400;\">Peigne jetable<\/span><\/li>\n<li><span style=\"font-weight: 400;\">Des crochets pour vos v\u00eatements et vos objets personnels<\/span><\/li>\n<\/ul>\n<p>[\/et_pb_text][et_pb_image src=\u00a0\u00bbhttps:\/\/dominam.com\/wp-content\/uploads\/2025\/12\/canal-st-martin-1.jpg\u00a0\u00bb _builder_version=\u00a0\u00bb4.27.5&Prime; _module_preset=\u00a0\u00bbdefault\u00a0\u00bb alt=\u00a0\u00bbLe quartier canal st martin\u00a0\u00bb title_text=\u00a0\u00bbcanal st martin\u00a0\u00bb align=\u00a0\u00bbcenter\u00a0\u00bb hover_enabled=\u00a0\u00bb0&Prime; sticky_enabled=\u00a0\u00bb0&Prime;][\/et_pb_image][et_pb_text _builder_version=\u00a0\u00bb4.27.5&Prime; _module_preset=\u00a0\u00bbdefault\u00a0\u00bb hover_enabled=\u00a0\u00bb0&Prime; sticky_enabled=\u00a0\u00bb0&Prime;]<\/p>\n<h2><span style=\"font-weight: 400;\">Le quartier<\/span><\/h2>\n<p><span style=\"font-weight: 400;\">Vous trouverez mon donjon nich\u00e9 dans le quartier du Canal St Martin, la partie nord du centre de Paris, o\u00f9 les Parisiens appr\u00e9cient les restaurants branch\u00e9s ou un pique-nique sur le bord du Canal. Jeune, branch\u00e9, et ressentant toute la force de la lib\u00e9ration sexuelle de Paris, c\u2019est l\u2019endroit id\u00e9al pour conserver mon espace de jeu.<\/span><\/p>\n<p><span style=\"font-weight: 400;\">Vous pouvez arriver t\u00f4t et profiter d\u2019un moment de tranquillit\u00e9 dans un caf\u00e9 ou vous promener sur le canal avec une collation tranquille avant notre rencontre. Il y a \u00e9galement de nombreux restaurants, bars et boutiques o\u00f9 vous pourrez vous r\u00e9galer apr\u00e8s l\u2019intensit\u00e9 de nos jeux.<\/span><\/p>\n<p>[\/et_pb_text][et_pb_image src=\u00a0\u00bbhttps:\/\/dominam.com\/wp-content\/uploads\/2025\/12\/Gare-Est.jpg\u00a0\u00bb _builder_version=\u00a0\u00bb4.27.5&Prime; _module_preset=\u00a0\u00bbdefault\u00a0\u00bb alt=\u00a0\u00bbQuartier Gare de l\u2019Est\u00a0\u00bb title_text=\u00a0\u00bbQuartier Gare de l\u2019Est\u00a0\u00bb align=\u00a0\u00bbcenter\u00a0\u00bb hover_enabled=\u00a0\u00bb0&Prime; sticky_enabled=\u00a0\u00bb0&Prime;][\/et_pb_image][et_pb_text _builder_version=\u00a0\u00bb4.27.5&Prime; _module_preset=\u00a0\u00bbdefault\u00a0\u00bb hover_enabled=\u00a0\u00bb0&Prime; sticky_enabled=\u00a0\u00bb0&Prime;]<\/p>\n<h2><span style=\"font-weight: 400;\">Comment se rendre au Studio X\u00e8me<\/span><\/h2>\n<p><span style=\"font-weight: 400;\">Le Studio X\u00e8me se trouve \u00e0 200 m\u00e8tres de la Gare de l\u2019Est, une importante station de m\u00e9tro et un parking. Cette station dessert les lignes de m\u00e9tro 4, 5 et 7, les RER E et P, ainsi que les lignes de bus 31, 32, 38 et 39. Si vous arrivez en voiture, vous trouverez un grand parking souterrain. Il est parfois difficile de se garer dans la rue, c\u2019est donc la meilleure solution. Id\u00e9alement, il y a toujours une file d\u2019attente de taxis qui vous attendent \u00e0 la gare de l\u2019Est.<\/span><\/p>\n<p>[\/et_pb_text][\/et_pb_column][\/et_pb_row][\/et_pb_section]<\/p>\n","protected":false},"excerpt":{"rendered":"<p>Donjon BDSM priv\u00e9 dans le 10e arrondissement de Paris, abritant des pi\u00e8ces majeures du mobilier bondage et du mat\u00e9riel f\u00e9tichiste.<\/p>\n","protected":false},"author":2,"featured_media":0,"parent":0,"menu_order":0,"comment_status":"closed","ping_status":"closed","template":"","meta":{"_et_pb_use_builder":"on","_et_pb_old_content":"","_et_gb_content_width":"","footnotes":""},"class_list":["post-6152","page","type-page","status-publish","hentry"],"jetpack_sharing_enabled":true,"jetpack-related-posts":[],"_links":{"self":[{"href":"https:\/\/dominam.com\/fr\/wp-json\/wp\/v2\/pages\/6152","targetHints":{"allow":["GET"]}}],"collection":[{"href":"https:\/\/dominam.com\/fr\/wp-json\/wp\/v2\/pages"}],"about":[{"href":"https:\/\/dominam.com\/fr\/wp-json\/wp\/v2\/types\/page"}],"author":[{"embeddable":true,"href":"https:\/\/dominam.com\/fr\/wp-json\/wp\/v2\/users\/2"}],"replies":[{"embeddable":true,"href":"https:\/\/dominam.com\/fr\/wp-json\/wp\/v2\/comments?post=6152"}],"version-history":[{"count":17,"href":"https:\/\/dominam.com\/fr\/wp-json\/wp\/v2\/pages\/6152\/revisions"}],"predecessor-version":[{"id":6805,"href":"https:\/\/dominam.com\/fr\/wp-json\/wp\/v2\/pages\/6152\/revisions\/6805"}],"wp:attachment":[{"href":"https:\/\/dominam.com\/fr\/wp-json\/wp\/v2\/media?parent=6152"}],"curies":[{"name":"wp","href":"https:\/\/api.w.org\/{rel}","templated":true}]}}