{"id":7478,"date":"2026-02-09T12:50:40","date_gmt":"2026-02-09T11:50:40","guid":{"rendered":"https:\/\/dominam.com\/paris-dominatrix-domina-m\/"},"modified":"2026-02-09T13:57:54","modified_gmt":"2026-02-09T12:57:54","slug":"dominatrice","status":"publish","type":"page","link":"https:\/\/dominam.com\/fr\/dominatrice\/","title":{"rendered":"Domina M, dominatrice \u00e0 Paris"},"content":{"rendered":"<p>[et_pb_section fb_built=\u00a0\u00bb1&Prime; custom_padding_last_edited=\u00a0\u00bbon|phone\u00a0\u00bb admin_label=\u00a0\u00bbSection\u00a0\u00bb _builder_version=\u00a0\u00bb4.27.5&Prime; background_color=\u00a0\u00bb#E9E8E9&Prime; background_enable_image=\u00a0\u00bboff\u00a0\u00bb background_enable_video_mp4=\u00a0\u00bboff\u00a0\u00bb custom_padding=\u00a0\u00bb0px||70px||false|false\u00a0\u00bb custom_padding_tablet=\u00a0\u00bb70px||70px|\u00a0\u00bb custom_padding_phone=\u00a0\u00bb10px||10px||true|false\u00a0\u00bb transparent_background=\u00a0\u00bboff\u00a0\u00bb global_colors_info=\u00a0\u00bb{}\u00a0\u00bb theme_builder_area=\u00a0\u00bbpost_content\u00a0\u00bb][et_pb_row _builder_version=\u00a0\u00bb4.27.5&Prime; _module_preset=\u00a0\u00bbdefault\u00a0\u00bb background_video_mp4=\u00a0\u00bbhttps:\/\/dominam.com\/wp-content\/uploads\/2026\/01\/Dominatrix-Dungeon-Paris.mp4&Prime; background_enable_video_webm=\u00a0\u00bboff\u00a0\u00bb width=\u00a0\u00bb100%\u00a0\u00bb max_width=\u00a0\u00bb1950px\u00a0\u00bb global_colors_info=\u00a0\u00bb{}\u00a0\u00bb theme_builder_area=\u00a0\u00bbpost_content\u00a0\u00bb][et_pb_column type=\u00a0\u00bb4_4&Prime; _builder_version=\u00a0\u00bb4.27.5&Prime; _module_preset=\u00a0\u00bbdefault\u00a0\u00bb background_enable_image=\u00a0\u00bboff\u00a0\u00bb background_enable_video_mp4=\u00a0\u00bboff\u00a0\u00bb global_colors_info=\u00a0\u00bb{}\u00a0\u00bb theme_builder_area=\u00a0\u00bbpost_content\u00a0\u00bb][et_pb_image src=\u00a0\u00bbhttps:\/\/dominam.com\/wp-content\/uploads\/2025\/12\/Paris-Dominatrix.png\u00a0\u00bb alt=\u00a0\u00bbParis Dominatrix, Domina M est votre d\u00e9esse bienveillante\u00a0\u00bb title_text=\u00a0\u00bbDominatrice Parisienne\u00a0\u00bb _builder_version=\u00a0\u00bb4.27.5&Prime; _module_preset=\u00a0\u00bbdefault\u00a0\u00bb transform_translate=\u00a0\u00bb1px|-1px\u00a0\u00bb global_colors_info=\u00a0\u00bb{}\u00a0\u00bb theme_builder_area=\u00a0\u00bbpost_content\u00a0\u00bb][\/et_pb_image][et_pb_text _builder_version=\u00a0\u00bb4.27.4&Prime; _module_preset=\u00a0\u00bbdefault\u00a0\u00bb global_colors_info=\u00a0\u00bb{}\u00a0\u00bb theme_builder_area=\u00a0\u00bbpost_content\u00a0\u00bb]<\/p>\n<p>&nbsp;<\/p>\n<p>&nbsp;<\/p>\n<p>&nbsp;<\/p>\n<p>&nbsp;<\/p>\n<p>&nbsp;<\/p>\n<p>&nbsp;<\/p>\n<p>&nbsp;<\/p>\n<p>&nbsp;<\/p>\n<p>&nbsp;<\/p>\n<p>&nbsp;<\/p>\n<p>&nbsp;<\/p>\n<p>[\/et_pb_text][\/et_pb_column][\/et_pb_row][et_pb_row _builder_version=\u00a0\u00bb4.27.4&Prime; _module_preset=\u00a0\u00bbdefault\u00a0\u00bb global_colors_info=\u00a0\u00bb{}\u00a0\u00bb theme_builder_area=\u00a0\u00bbpost_content\u00a0\u00bb][et_pb_column type=\u00a0\u00bb4_4&Prime; _builder_version=\u00a0\u00bb4.27.4&Prime; _module_preset=\u00a0\u00bbdefault\u00a0\u00bb global_colors_info=\u00a0\u00bb{}\u00a0\u00bb theme_builder_area=\u00a0\u00bbpost_content\u00a0\u00bb][et_pb_text admin_label=\u00a0\u00bbText\u00a0\u00bb _builder_version=\u00a0\u00bb4.27.5&Prime; text_text_color=\u00a0\u00bb#563434&Prime; text_font_size=\u00a0\u00bb15px\u00a0\u00bb text_letter_spacing=\u00a0\u00bb1px\u00a0\u00bb text_line_height=\u00a0\u00bb1.9em\u00a0\u00bb background_size=\u00a0\u00bbinitial\u00a0\u00bb background_position=\u00a0\u00bbtop_left\u00a0\u00bb background_repeat=\u00a0\u00bbrepeat\u00a0\u00bb width=\u00a0\u00bb100%\u00a0\u00bb module_alignment=\u00a0\u00bbcenter\u00a0\u00bb custom_margin=\u00a0\u00bb||||false|false\u00a0\u00bb use_border_color=\u00a0\u00bboff\u00a0\u00bb border_style=\u00a0\u00bbsolid\u00a0\u00bb global_colors_info=\u00a0\u00bb{}\u00a0\u00bb theme_builder_area=\u00a0\u00bbpost_content\u00a0\u00bb]<\/p>\n<h1>Le monde BDSM secret d&rsquo;une dominatrice parisienne<\/h1>\n<p>Laissez-moi vous initier \u00e0 la sorcellerie psycho-sexuelle de la soumission et du BDSM. Je vous invite \u00e0 me rencontrer dans mon donjon bien am\u00e9nag\u00e9 au centre de Paris pour explorer les recoins les plus sombres de votre esprit. Peu importe que ce soit votre premi\u00e8re fois avec une ma\u00eetresse ou que vous soyez une soumise Femdom chevronn\u00e9e, le temps que nous passerons ensemble restera \u00e0 jamais grav\u00e9 dans votre m\u00e9moire.  <\/p>\n<p>Je suis la c\u00e9l\u00e8bre dominatrice new-yorkaise, Domina M, qui r\u00e9side \u00e0 Paris depuis une dizaine d&rsquo;ann\u00e9es. J&rsquo;apporte ma marque unique de perversit\u00e9 qualifi\u00e9e et r\u00e9fl\u00e9chie \u00e0 ma ville d&rsquo;adoption via mon donjon \u00e9labor\u00e9, du jamais vu en France. <\/p>\n<p>Commencez \u00e0 cr\u00e9er votre exp\u00e9rience BDSM sur mesure maintenant, ou continuez \u00e0 lire.<\/p>\n<p>[\/et_pb_text][et_pb_image src=\u00a0\u00bbhttps:\/\/dominam.com\/wp-content\/uploads\/2025\/12\/Dominatrix-Paris-Domina-M-e1765030851558.jpg\u00a0\u00bb alt=\u00a0\u00bbDominatrix Paris Domina M dans son donjon BDSM priv\u00e9 \u00e0 Paris Centre, France\u00a0\u00bb title_text=\u00a0\u00bbDominatrix Paris Domina M\u00a0\u00bb url=\u00a0\u00bbhttps:\/\/dominam.com\/fr\/dominatrice-a-paris\/\u00a0\u00bb align=\u00a0\u00bbcenter\u00a0\u00bb _builder_version=\u00a0\u00bb4.27.5&Prime; _module_preset=\u00a0\u00bbdefault\u00a0\u00bb global_colors_info=\u00a0\u00bb{}\u00a0\u00bb theme_builder_area=\u00a0\u00bbpost_content\u00a0\u00bb][\/et_pb_image][et_pb_cta title=\u00a0\u00bbCela prend 5 minutes avec mon application de programmation\u00a0\u00bb button_url=\u00a0\u00bbhttps:\/\/dominam.as.me\/schedule\/6ea4e9fa\/?categories&#91;&#93;=Paris%20F\u00a0\u00bb button_text=\u00a0\u00bbJe suis pr\u00eat \u00e0 r\u00e9server !\u00a0\u00bb _builder_version=\u00a0\u00bb4.27.5&Prime; _module_preset=\u00a0\u00bbdefault\u00a0\u00bb background_image=\u00a0\u00bbhttps:\/\/dominam.com\/wp-content\/uploads\/2025\/12\/schedule-a-bdsm-session-scaled-e1765276909745.jpg\u00a0\u00bb global_colors_info=\u00a0\u00bb{}\u00a0\u00bb theme_builder_area=\u00a0\u00bbpost_content\u00a0\u00bb]<\/p>\n<p>Cette application est la m\u00eame que celle utilis\u00e9e par les salons et est reli\u00e9e directement \u00e0 mon agenda. Votre d\u00e9p\u00f4t de 20% bloquera automatiquement notre temps dans mon calendrier et un email avec l&#8217;emplacement du donjon vous sera imm\u00e9diatement envoy\u00e9. <\/p>\n<p>[\/et_pb_cta][et_pb_cta title=\u00a0\u00bbSi vous avez besoin de plus d&apos;informations sur moi, consultez ma page FAQ.\u00a0\u00bb button_url=\u00a0\u00bbhttps:\/\/dominam.com\/fr\/faqs-sur-les-seances-bdsm\/\u00a0\u00bb button_text=\u00a0\u00bbJe veux les FAQ rapides\u00a0\u00bb _builder_version=\u00a0\u00bb4.27.5&Prime; _module_preset=\u00a0\u00bbdefault\u00a0\u00bb background_image=\u00a0\u00bbhttps:\/\/dominam.com\/wp-content\/uploads\/2025\/12\/Domina-M-FAQs-scaled-e1765278189195.jpg\u00a0\u00bb global_colors_info=\u00a0\u00bb{}\u00a0\u00bb theme_builder_area=\u00a0\u00bbpost_content\u00a0\u00bb]<\/p>\n<p>Mes pages FAQ r\u00e9pondent rapidement aux questions les plus fr\u00e9quentes<\/p>\n<p>[\/et_pb_cta][et_pb_cta title=\u00a0\u00bbAttendez ! Je n&apos;ai jamais fait cela auparavant ! \u00a0\u00bb button_url=\u00a0\u00bbhttps:\/\/dominam.com\/fr\/pour-les-novices-du-femdom\/\u00a0\u00bb button_text=\u00a0\u00bbJe veux lire le Guide de Domina M. pour les d\u00e9butants.\u00a0\u00bb _builder_version=\u00a0\u00bb4.27.5&Prime; _module_preset=\u00a0\u00bbdefault\u00a0\u00bb background_image=\u00a0\u00bbhttps:\/\/dominam.com\/wp-content\/uploads\/2025\/12\/Femdom-Beginners-scaled-e1765278515566.jpg\u00a0\u00bb global_colors_info=\u00a0\u00bb{}\u00a0\u00bb theme_builder_area=\u00a0\u00bbpost_content\u00a0\u00bb]<\/p>\n<p>Tout le monde doit commencer quelque part. Si vous n&rsquo;avez jamais vu une dominatrice ou jou\u00e9 avant, ce n&rsquo;est pas grave. J&rsquo;ai cr\u00e9\u00e9 un guide pour vous en dire plus sur ce que sont et ne sont pas les s\u00e9ances professionnelles et sur ce que vous devrez faire pour vous pr\u00e9parer.  <\/p>\n<p>[\/et_pb_cta][et_pb_text admin_label=\u00a0\u00bbText\u00a0\u00bb _builder_version=\u00a0\u00bb4.27.4&Prime; text_text_color=\u00a0\u00bb#563434&Prime; text_font_size=\u00a0\u00bb15px\u00a0\u00bb text_letter_spacing=\u00a0\u00bb1px\u00a0\u00bb text_line_height=\u00a0\u00bb1.9em\u00a0\u00bb background_size=\u00a0\u00bbinitial\u00a0\u00bb background_position=\u00a0\u00bbtop_left\u00a0\u00bb background_repeat=\u00a0\u00bbrepeat\u00a0\u00bb width=\u00a0\u00bb100%\u00a0\u00bb module_alignment=\u00a0\u00bbcenter\u00a0\u00bb custom_margin=\u00a0\u00bb||||false|false\u00a0\u00bb use_border_color=\u00a0\u00bboff\u00a0\u00bb border_style=\u00a0\u00bbsolid\u00a0\u00bb global_colors_info=\u00a0\u00bb{}\u00a0\u00bb theme_builder_area=\u00a0\u00bbpost_content\u00a0\u00bb]<\/p>\n<h2><strong><span data-preserver-spaces=\"true\">Bienvenue dans mon donjon priv\u00e9, Studio X\u00e8me<\/span><\/strong><\/h2>\n<p>J&rsquo;aime les \u00e9quipements \u00e9labor\u00e9s. Au cours de mes dix ann\u00e9es pass\u00e9es \u00e0 Paris, j&rsquo;ai construit et reconstruit mon donjon pour en faire un chef-d&rsquo;\u0153uvre d&rsquo;art immersif. Bien que le donjon soit relativement compact, j&rsquo;utilise chaque centim\u00e8tre et tous les meubles ont des fonctions multiples. Je n&rsquo;ai pas de place pour les jouets bon march\u00e9. Comme tout dans ma vie, mon \u00e9quipement doit justifier sa place par son utilit\u00e9 et sa qualit\u00e9.    <\/p>\n<p>La psychologie BDSM de mon donjon est pratique et th\u00e9\u00e2trale. Vous avez l&rsquo;impression d&rsquo;\u00eatre transport\u00e9 dans un monde fantastique, tout en \u00e9tant en s\u00e9curit\u00e9 et r\u00e9confort\u00e9. J&rsquo;ai \u00e9norm\u00e9ment r\u00e9fl\u00e9chi \u00e0 chaque d\u00e9tail pour assurer votre confort et faire en sorte que vous ne pensiez qu&rsquo;\u00e0 ce que je suis en train de faire. Par exemple, vous pouvez \u00eatre compl\u00e8tement immobile et vuln\u00e9rable, mais aucune tension indue ne sera ressentie sur vos genoux lorsque vous serez sur mon banc. Mes protocoles d&rsquo;hygi\u00e8ne et de nettoyage d\u00e9passent les normes des h\u00f4pitaux (techniques apprises aupr\u00e8s d&rsquo;un sp\u00e9cialiste des maladies infectieuses), ce qui est un autre souci \u00e0 oublier.    <\/p>\n<p>Mon donjon est en constante \u00e9volution. N&rsquo;h\u00e9sitez pas \u00e0 revenir r\u00e9guli\u00e8rement pour d\u00e9couvrir les derni\u00e8res nouveaut\u00e9s. <\/p>\n<p>[\/et_pb_text][et_pb_cta title=\u00a0\u00bbUn vrai donjon BDSM \u00e0 Paris ?\u00a0\u00bb button_url=\u00a0\u00bbhttps:\/\/dominam.com\/fr\/donjon-bdsm-a-paris\/\u00a0\u00bb button_text=\u00a0\u00bbEmmenez-moi au donjon !\u00a0\u00bb _builder_version=\u00a0\u00bb4.27.5&Prime; _module_preset=\u00a0\u00bbdefault\u00a0\u00bb background_image=\u00a0\u00bbhttps:\/\/dominam.com\/wp-content\/uploads\/2025\/12\/Studio-Xeme-scaled-e1765278931605.jpg\u00a0\u00bb global_colors_info=\u00a0\u00bb{}\u00a0\u00bb theme_builder_area=\u00a0\u00bbpost_content\u00a0\u00bb]<\/p>\n<p><span style=\"font-weight: 400;\">J&rsquo;ai le donjon le mieux \u00e9quip\u00e9 de Paris, voire de toute la France. Je suis fier de mon \u00e9quipement et je n&rsquo;h\u00e9site pas \u00e0 en parler. <\/span><\/p>\n<p>[\/et_pb_cta][\/et_pb_column][\/et_pb_row][\/et_pb_section][et_pb_section fb_built=\u00a0\u00bb1&Prime; _builder_version=\u00a0\u00bb4.27.4&Prime; _module_preset=\u00a0\u00bbdefault\u00a0\u00bb global_colors_info=\u00a0\u00bb{}\u00a0\u00bb theme_builder_area=\u00a0\u00bbpost_content\u00a0\u00bb][et_pb_row _builder_version=\u00a0\u00bb4.27.4&Prime; _module_preset=\u00a0\u00bbdefault\u00a0\u00bb global_colors_info=\u00a0\u00bb{}\u00a0\u00bb theme_builder_area=\u00a0\u00bbpost_content\u00a0\u00bb][et_pb_column type=\u00a0\u00bb4_4&Prime; _builder_version=\u00a0\u00bb4.27.4&Prime; _module_preset=\u00a0\u00bbdefault\u00a0\u00bb global_colors_info=\u00a0\u00bb{}\u00a0\u00bb theme_builder_area=\u00a0\u00bbpost_content\u00a0\u00bb][et_pb_text _builder_version=\u00a0\u00bb4.27.5&Prime; _module_preset=\u00a0\u00bbdefault\u00a0\u00bb global_colors_info=\u00a0\u00bb{}\u00a0\u00bb theme_builder_area=\u00a0\u00bbpost_content\u00a0\u00bb]<\/p>\n<h2><span data-preserver-spaces=\"true\">L&rsquo;Alchimiste en chair et en os en tant que Dominatrice \u00e0 Paris<\/span><\/h2>\n<h3><strong><span data-preserver-spaces=\"true\">Que se passe-t-il lors d&rsquo;une s\u00e9ance de BDSM ?<\/span><\/strong><\/h3>\n<p><span data-preserver-spaces=\"true\">Mon approche de la domination f\u00e9minine est romantique, scientifique, attentive et, surtout, espi\u00e8gle. Mon autorit\u00e9 d\u00e9coule de mes connaissances, de mon intuition et de mon talent naturel \u00e0 vous faire sentir \u00e0 l&rsquo;aise dans la soumission. Je n&rsquo;ai que faire des syst\u00e8mes d&rsquo;intimidation, des cris et autres m\u00e9thodes d&rsquo;intimidation. Je suis simplement moi-m\u00eame. Il est beaucoup plus facile pour moi d&rsquo;inspirer la soumission que de terroriser quelqu&rsquo;un. \u00catre strict et protocolaire n&rsquo;est pas synonyme de m\u00e9chancet\u00e9.       <\/span><\/p>\n<p><span data-preserver-spaces=\"true\">La premi\u00e8re \u00e9tape consiste \u00e0 prendre rendez-vous \u00e0 l&rsquo;aide du formulaire d&rsquo;admission. Ce formulaire me donne une id\u00e9e g\u00e9n\u00e9rale de vos int\u00e9r\u00eats et m&rsquo;assure que nous sommes compatibles. Il ne remplace pas l&rsquo;entretien en personne \u00e0 votre arriv\u00e9e. Ce moment me permet de voir comment vous r\u00e9pondez aux questions et de commencer \u00e0 cr\u00e9er mentalement notre sc\u00e8ne. Plus important encore, il vous permettra de vous acclimater et de vous sentir \u00e0 l&rsquo;aise avec moi et votre environnement. Nous d\u00e9finirons pleinement l&rsquo;exp\u00e9rience que vous recherchez et nos limites respectueuses. Tout cela cr\u00e9e une atmosph\u00e8re qui vous permet de vous d\u00e9tendre et d&rsquo;appr\u00e9cier. Vous savez que vous irez bien apr\u00e8s, mais vous aurez v\u00e9cu les quelques heures les plus intenses de votre vie.       <\/span><\/p>\n<p>[\/et_pb_text][et_pb_cta title=\u00a0\u00bbVoyez ce que d&apos;autres personnes ont \u00e0 dire\u00a0\u00bb button_url=\u00a0\u00bbhttps:\/\/dominam.com\/fr\/avis-sur-dominatrice\/\u00a0\u00bb button_text=\u00a0\u00bbMon Dominatrix Critiques\u00a0\u00bb _builder_version=\u00a0\u00bb4.27.5&Prime; _module_preset=\u00a0\u00bbdefault\u00a0\u00bb background_image=\u00a0\u00bbhttps:\/\/dominam.com\/wp-content\/uploads\/2025\/12\/Rachel-Rampage-Reviews-Studio-Xeme-1.png\u00a0\u00bb header_text_shadow_style=\u00a0\u00bbpreset4&Prime; header_text_shadow_horizontal_length=\u00a0\u00bb0.01em\u00a0\u00bb header_text_shadow_color=\u00a0\u00bb#000000&Prime; body_text_shadow_style=\u00a0\u00bbpreset4&Prime; body_text_shadow_horizontal_length=\u00a0\u00bb0.02em\u00a0\u00bb body_text_shadow_color=\u00a0\u00bb#000000&Prime; text_shadow_style=\u00a0\u00bbpreset4&Prime; global_colors_info=\u00a0\u00bb{}\u00a0\u00bb theme_builder_area=\u00a0\u00bbpost_content\u00a0\u00bb]<\/p>\n<p>J&rsquo;ai rassembl\u00e9 certains de mes commentaires sur une page afin que vous puissiez voir comment certaines personnes vivent mes s\u00e9ances avec leurs propres mots. Vous trouverez \u00e9galement des liens vers d&rsquo;autres sites o\u00f9 je suis critiqu\u00e9e, interview\u00e9e et vers mes amies domina avec qui j&rsquo;\u00e9change des r\u00e9f\u00e9rences. <\/p>\n<p>[\/et_pb_cta][et_pb_text _builder_version=\u00a0\u00bb4.27.5&Prime; _module_preset=\u00a0\u00bbdefault\u00a0\u00bb global_colors_info=\u00a0\u00bb{}\u00a0\u00bb theme_builder_area=\u00a0\u00bbpost_content\u00a0\u00bb]<\/p>\n<h3><strong><span data-preserver-spaces=\"true\">Mais qu&rsquo;est-ce qui <\/span><em><span data-preserver-spaces=\"true\">VRAIMENT<\/span><\/em><span data-preserver-spaces=\"true\"> se passe-t-il lors d&rsquo;une s\u00e9ance de BDSM ?<\/span><\/strong><\/h3>\n<p><span style=\"font-weight: 400;\">J&rsquo;ai cr\u00e9\u00e9 quelques pages avec des descriptions plus approfondies et des photos d&rsquo;inspiration de certaines de mes sp\u00e9cialit\u00e9s. Cette liste est loin d&rsquo;\u00eatre exhaustive, mais elle vous donnera une id\u00e9e de mes go\u00fbts et de mon style. <\/span><\/p>\n<p><span style=\"font-weight: 400;\">Si vous avez besoin d&rsquo;une aide plus sp\u00e9cifique pour choisir, essayez mon <a href=\"https:\/\/dominam.com\/fr\/pour-les-novices-du-femdom\/\">Guide pour les d\u00e9butantes en Femdom<\/a>.<\/span><\/p>\n<p>[\/et_pb_text][et_pb_cta title=\u00a0\u00bbJeux anaux  \u00a0\u00bb button_url=\u00a0\u00bbhttps:\/\/dominam.com\/fr\/le-pegging-a-paris\/\u00a0\u00bb button_text=\u00a0\u00bbSoyez \u00e0 l&#039;\u00e9coute \u00e0 Paris !\u00a0\u00bb _builder_version=\u00a0\u00bb4.27.5&Prime; _module_preset=\u00a0\u00bbdefault\u00a0\u00bb background_image=\u00a0\u00bbhttps:\/\/dominam.com\/wp-content\/uploads\/2025\/12\/strapon-prep-landscape.jpg\u00a0\u00bb global_colors_info=\u00a0\u00bb{}\u00a0\u00bb theme_builder_area=\u00a0\u00bbpost_content\u00a0\u00bb]<\/p>\n<p>Tous mes jeux anaux commencent par un \u00e9chauffement afin que je puisse juger de ce que vous pouvez supporter. Apprenez-en plus sur les techniques et les possibilit\u00e9s. Il y a plus de sensations que vous ne pouvez en imaginer.  <\/p>\n<p>[\/et_pb_cta][et_pb_cta title=\u00a0\u00bbBondage immersif\u00a0\u00bb button_url=\u00a0\u00bbhttps:\/\/dominam.com\/fr\/bondage-a-paris\/\u00a0\u00bb button_text=\u00a0\u00bbVivez l&#039;exp\u00e9rience Freedom Bound ici !\u00a0\u00bb _builder_version=\u00a0\u00bb4.27.5&Prime; _module_preset=\u00a0\u00bbdefault\u00a0\u00bb background_image=\u00a0\u00bbhttps:\/\/dominam.com\/wp-content\/uploads\/2025\/12\/bondage-whip-landscape2.jpg\u00a0\u00bb global_colors_info=\u00a0\u00bb{}\u00a0\u00bb theme_builder_area=\u00a0\u00bbpost_content\u00a0\u00bb]<\/p>\n<p><span style=\"font-weight: 400;\">Des menottes en cuir matelass\u00e9 aux cordes \u00e9labor\u00e9es, du bondage exotique \u00e0 la momification, j&rsquo;ai une passion pour le bondage et mon donjon en est le reflet. Vous pouvez lire ma philosophie du bondage dans le jeu BDSM. <\/span><\/p>\n<p>[\/et_pb_cta][et_pb_cta title=\u00a0\u00bbF\u00e9tichisme m\u00e9dical \u00e0 Paris\u00a0\u00bb button_url=\u00a0\u00bbhttps:\/\/dominam.com\/fr\/fetiche-medical-a-paris\/\u00a0\u00bb button_text=\u00a0\u00bbL&#039;infirmi\u00e8re vous verra maintenant\u00a0\u00bb _builder_version=\u00a0\u00bb4.27.5&Prime; _module_preset=\u00a0\u00bbdefault\u00a0\u00bb background_image=\u00a0\u00bbhttps:\/\/dominam.com\/wp-content\/uploads\/2025\/12\/MedFet-Syring-Landscape.jpg\u00a0\u00bb global_colors_info=\u00a0\u00bb{}\u00a0\u00bb theme_builder_area=\u00a0\u00bbpost_content\u00a0\u00bb]<\/p>\n<p><span style=\"font-weight: 400;\">Gentille, stricte, sophistiqu\u00e9e et technique, le f\u00e9tichisme m\u00e9dical correspond parfaitement \u00e0 mon comportement. En savoir plus sur l&rsquo;infirmi\u00e8re au sourire sadique. C&rsquo;est pour votre bien !  <\/span><\/p>\n<p>[\/et_pb_cta][\/et_pb_column][\/et_pb_row][\/et_pb_section][et_pb_section fb_built=\u00a0\u00bb1&Prime; admin_label=\u00a0\u00bbSection\u00a0\u00bb _builder_version=\u00a0\u00bb4.21.0&Prime; background_color=\u00a0\u00bb#E9E8E9&Prime; custom_padding=\u00a0\u00bb70px||70px||true|\u00a0\u00bb custom_padding_tablet=\u00a0\u00bb70px||70px|\u00a0\u00bb transparent_background=\u00a0\u00bboff\u00a0\u00bb padding_mobile=\u00a0\u00bbon\u00a0\u00bb global_colors_info=\u00a0\u00bb{}\u00a0\u00bb theme_builder_area=\u00a0\u00bbpost_content\u00a0\u00bb][et_pb_row _builder_version=\u00a0\u00bb4.21.0&Prime; _module_preset=\u00a0\u00bbdefault\u00a0\u00bb global_colors_info=\u00a0\u00bb{}\u00a0\u00bb theme_builder_area=\u00a0\u00bbpost_content\u00a0\u00bb][et_pb_column type=\u00a0\u00bb4_4&Prime; _builder_version=\u00a0\u00bb4.21.0&Prime; _module_preset=\u00a0\u00bbdefault\u00a0\u00bb global_colors_info=\u00a0\u00bb{}\u00a0\u00bb theme_builder_area=\u00a0\u00bbpost_content\u00a0\u00bb][et_pb_text admin_label=\u00a0\u00bbSubheading\u00a0\u00bb _builder_version=\u00a0\u00bb4.27.4&Prime; text_font=\u00a0\u00bb|800|||||||\u00a0\u00bb text_font_size=\u00a0\u00bb20&Prime; header_font=\u00a0\u00bbDancing Script||||||||\u00a0\u00bb header_text_color=\u00a0\u00bb#A66E6B\u00a0\u00bb header_font_size=\u00a0\u00bb50px\u00a0\u00bb header_3_font=\u00a0\u00bbDancing Script|300|||||||\u00a0\u00bb header_3_text_color=\u00a0\u00bb#A66E6B\u00a0\u00bb header_3_font_size=\u00a0\u00bb46px\u00a0\u00bb header_3_letter_spacing=\u00a0\u00bb2px\u00a0\u00bb background_size=\u00a0\u00bbinitial\u00a0\u00bb background_position=\u00a0\u00bbtop_left\u00a0\u00bb background_repeat=\u00a0\u00bbrepeat\u00a0\u00bb background_layout=\u00a0\u00bbdark\u00a0\u00bb use_border_color=\u00a0\u00bboff\u00a0\u00bb border_style=\u00a0\u00bbsolid\u00a0\u00bb global_colors_info=\u00a0\u00bb{}\u00a0\u00bb theme_builder_area=\u00a0\u00bbpost_content\u00a0\u00bb]<\/p>\n<h3 style=\"text-align: center;\">Le blog Femdom de Domina M<\/h3>\n<p>[\/et_pb_text][et_pb_blog fullwidth=\u00a0\u00bboff\u00a0\u00bb posts_number=\u00a0\u00bb3&Prime; include_categories=\u00a0\u00bb9,10,11,1,146,173,all\u00a0\u00bb show_more=\u00a0\u00bbon\u00a0\u00bb show_author=\u00a0\u00bboff\u00a0\u00bb _builder_version=\u00a0\u00bb4.27.4&Prime; _module_preset=\u00a0\u00bbdefault\u00a0\u00bb header_level=\u00a0\u00bbh3&Prime; header_font=\u00a0\u00bb|300|||||||\u00a0\u00bb header_text_color=\u00a0\u00bb#A54A43&Prime; header_font_size=\u00a0\u00bb21px\u00a0\u00bb body_font=\u00a0\u00bbLato||||||||\u00a0\u00bb body_text_color=\u00a0\u00bb#563434&Prime; body_font_size=\u00a0\u00bb16px\u00a0\u00bb meta_text_color=\u00a0\u00bb#DBC096&Prime; read_more_font=\u00a0\u00bb|||||on|||\u00a0\u00bb read_more_text_color=\u00a0\u00bb#DBC096&Prime; global_colors_info=\u00a0\u00bb{}\u00a0\u00bb theme_builder_area=\u00a0\u00bbpost_content\u00a0\u00bb][\/et_pb_blog][\/et_pb_column][\/et_pb_row][\/et_pb_section]<\/p>\n","protected":false},"excerpt":{"rendered":"<p>&nbsp; &nbsp; &nbsp; &nbsp; &nbsp; &nbsp; &nbsp; &nbsp; &nbsp; &nbsp; &nbsp;Le monde BDSM secret d&rsquo;une dominatrice parisienne Laissez-moi vous initier \u00e0 la sorcellerie psycho-sexuelle de la soumission et du BDSM. [&hellip;]<\/p>\n","protected":false},"author":2,"featured_media":0,"parent":0,"menu_order":0,"comment_status":"closed","ping_status":"closed","template":"","meta":{"_et_pb_use_builder":"on","_et_pb_old_content":"","_et_gb_content_width":"","footnotes":""},"class_list":["post-7478","page","type-page","status-publish","hentry"],"jetpack_sharing_enabled":true,"jetpack-related-posts":[],"_links":{"self":[{"href":"https:\/\/dominam.com\/fr\/wp-json\/wp\/v2\/pages\/7478","targetHints":{"allow":["GET"]}}],"collection":[{"href":"https:\/\/dominam.com\/fr\/wp-json\/wp\/v2\/pages"}],"about":[{"href":"https:\/\/dominam.com\/fr\/wp-json\/wp\/v2\/types\/page"}],"author":[{"embeddable":true,"href":"https:\/\/dominam.com\/fr\/wp-json\/wp\/v2\/users\/2"}],"replies":[{"embeddable":true,"href":"https:\/\/dominam.com\/fr\/wp-json\/wp\/v2\/comments?post=7478"}],"version-history":[{"count":3,"href":"https:\/\/dominam.com\/fr\/wp-json\/wp\/v2\/pages\/7478\/revisions"}],"predecessor-version":[{"id":7481,"href":"https:\/\/dominam.com\/fr\/wp-json\/wp\/v2\/pages\/7478\/revisions\/7481"}],"wp:attachment":[{"href":"https:\/\/dominam.com\/fr\/wp-json\/wp\/v2\/media?parent=7478"}],"curies":[{"name":"wp","href":"https:\/\/api.w.org\/{rel}","templated":true}]}}